{"id":860,"date":"2022-03-29T14:31:07","date_gmt":"2022-03-29T17:31:07","guid":{"rendered":"https:\/\/sites.uel.br\/sebec\/?page_id=860"},"modified":"2022-05-10T16:49:32","modified_gmt":"2022-05-10T19:49:32","slug":"processo-de-selecao-para-vaga-no-centro-de-educacao-infantil-do-colegio-de-aplicacao-2022","status":"publish","type":"page","link":"https:\/\/sites.uel.br\/sebec\/processo-de-selecao-para-vaga-no-centro-de-educacao-infantil-do-colegio-de-aplicacao-2022\/","title":{"rendered":"Processo de Sele\u00e7\u00e3o para Vaga no Centro de Educa\u00e7\u00e3o Infantil do Col\u00e9gio de Aplica\u00e7\u00e3o 2022"},"content":{"rendered":"\n<p><\/p>\n\n\n\n<figure class=\"wp-block-table\"><table><tbody><tr><td class=\"has-text-align-center\" data-align=\"center\">10\/05\/2022<\/td><td class=\"has-text-align-center\" data-align=\"center\"><a href=\"https:\/\/sites.uel.br\/sebec\/wp-content\/uploads\/2022\/05\/Edital-016_2022-Resultado-Final-do-CEI.pdf\" target=\"_blank\" rel=\"noreferrer noopener\">Resultado Final<\/a><\/td><\/tr><tr><td class=\"has-text-align-center\" data-align=\"center\">05 e 06\/05\/2022<\/td><td class=\"has-text-align-center\" data-align=\"center\">Recursos &#8211; N\u00e3o houve inscri\u00e7\u00f5es indeferidas<\/td><\/tr><tr><td class=\"has-text-align-center\" data-align=\"center\">04\/05\/2022<\/td><td class=\"has-text-align-center\" data-align=\"center\"><a href=\"https:\/\/sites.uel.br\/sebec\/wp-content\/uploads\/2022\/05\/Edital-014_2022-Resultado-Preliminar-CEI.pdf\" target=\"_blank\" rel=\"noreferrer noopener\">Resultado Preliminar<\/a><\/td><\/tr><tr><td class=\"has-text-align-center\" data-align=\"center\">18\/04\/2022 a 20\/04\/2022<\/td><td class=\"has-text-align-center\" data-align=\"center\"><a href=\"https:\/\/www.sistemasweb.uel.br\/index.php?contents=system\/insc\/index.php&amp;pagina=view\/inscricoes\/seleciona_evento.php&amp;cod_evento=7225\" data-type=\"URL\" data-id=\"https:\/\/www.sistemasweb.uel.br\/index.php?contents=system\/insc\/index.php&amp;pagina=view\/inscricoes\/seleciona_evento.php&amp;cod_evento=7225\" target=\"_blank\" rel=\"noreferrer noopener\">Inscri\u00e7\u00f5es<\/a><\/td><\/tr><tr><td class=\"has-text-align-center\" data-align=\"center\">21\/03\/2022<\/td><td class=\"has-text-align-center\" data-align=\"center\"><a href=\"https:\/\/sites.uel.br\/sebec\/wp-content\/uploads\/2022\/03\/EDITAL-Vagas-CEI-SEBEC.pdf\" data-type=\"URL\" data-id=\"https:\/\/sites.uel.br\/sebec\/wp-content\/uploads\/2022\/03\/EDITAL-Vagas-CEI-SEBEC.pdf\" target=\"_blank\" rel=\"noreferrer noopener\">Edital Conjunto CAPL\/SEBEC n\u00b0 001\/2022<\/a><\/td><\/tr><\/tbody><\/table><\/figure>\n\n\n\n<p><\/p>\n","protected":false},"excerpt":{"rendered":"<p>10\/05\/2022 Resultado Final 05 e 06\/05\/2022 Recursos &#8211; N\u00e3o houve inscri\u00e7\u00f5es indeferidas 04\/05\/2022 Resultado Preliminar 18\/04\/2022 a 20\/04\/2022 Inscri\u00e7\u00f5es 21\/03\/2022 Edital Conjunto CAPL\/SEBEC n\u00b0 001\/2022<\/p>\n","protected":false},"author":1,"featured_media":0,"parent":0,"menu_order":0,"comment_status":"closed","ping_status":"closed","template":"","meta":{"_acf_changed":false,"footnotes":""},"class_list":["post-860","page","type-page","status-publish","hentry"],"acf":[],"_links":{"self":[{"href":"https:\/\/sites.uel.br\/sebec\/wp-json\/wp\/v2\/pages\/860","targetHints":{"allow":["GET"]}}],"collection":[{"href":"https:\/\/sites.uel.br\/sebec\/wp-json\/wp\/v2\/pages"}],"about":[{"href":"https:\/\/sites.uel.br\/sebec\/wp-json\/wp\/v2\/types\/page"}],"author":[{"embeddable":true,"href":"https:\/\/sites.uel.br\/sebec\/wp-json\/wp\/v2\/users\/1"}],"replies":[{"embeddable":true,"href":"https:\/\/sites.uel.br\/sebec\/wp-json\/wp\/v2\/comments?post=860"}],"version-history":[{"count":12,"href":"https:\/\/sites.uel.br\/sebec\/wp-json\/wp\/v2\/pages\/860\/revisions"}],"predecessor-version":[{"id":1570,"href":"https:\/\/sites.uel.br\/sebec\/wp-json\/wp\/v2\/pages\/860\/revisions\/1570"}],"wp:attachment":[{"href":"https:\/\/sites.uel.br\/sebec\/wp-json\/wp\/v2\/media?parent=860"}],"curies":[{"name":"wp","href":"https:\/\/api.w.org\/{rel}","templated":true}]}}