{"id":856,"date":"2022-03-29T14:23:30","date_gmt":"2022-03-29T17:23:30","guid":{"rendered":"https:\/\/sites.uel.br\/sebec\/?page_id=856"},"modified":"2025-02-05T11:09:56","modified_gmt":"2025-02-05T14:09:56","slug":"selecao-para-vaga-no-centro-de-educacao-infantil-do-colegio-de-aplicacao","status":"publish","type":"page","link":"https:\/\/sites.uel.br\/sebec\/selecao-para-vaga-no-centro-de-educacao-infantil-do-colegio-de-aplicacao\/","title":{"rendered":"Sele\u00e7\u00e3o para Vaga no Centro de Educa\u00e7\u00e3o Infantil do Col\u00e9gio de Aplica\u00e7\u00e3o"},"content":{"rendered":"\n<p><\/p>\n\n\n\n<p>A sele\u00e7\u00e3o para vaga no centro de educa\u00e7\u00e3o do Col\u00e9gio de Aplica\u00e7\u00e3o destina-se aos filhos de servidores da UEL de at\u00e9 seis anos de idade, buscando assegurar o direito \u00e0 educa\u00e7\u00e3o infantil e seu desenvolvimento integral conforme estabelecido no Regimento do CAPL\/UEL.<\/p>\n\n\n\n<p class=\"has-text-align-left\"><\/p>\n\n\n\n<ul class=\"wp-block-list\">\n<li><a href=\"https:\/\/sites.uel.br\/sebec\/noticias\/2025\/01\/14\/processo-de-selecao-de-candidatos-as-da-comunidade-interna-da-uel-para-as-vagas-dos-centros-de-educacao-infantil-cei-uel-campus-e-hu-2025-vagas-remanescentes\/\" target=\"_blank\" rel=\"noreferrer noopener\">Processo de Sele\u00e7\u00e3o para Vaga no Centro de Educa\u00e7\u00e3o Infantil CEI-UEL \u2013 2025 \u2013 VAGAS REMANESCENTES<\/a><\/li>\n\n\n\n<li><a href=\"https:\/\/sites.uel.br\/sebec\/noticias\/2024\/10\/16\/processo-de-selecao-de-candidatos-as-da-comunidade-interna-da-uel-para-as-vagas-dos-centros-de-educacao-infantil-cei-uel-campus-e-hu-2025\/\">Processo de Sele\u00e7\u00e3o para Vaga no Centro de Educa\u00e7\u00e3o Infantil CEI-UEL 2025<\/a><\/li>\n\n\n\n<li><a href=\"https:\/\/sites.uel.br\/sebec\/noticias\/2023\/12\/11\/processo-de-selecao-de-candidatos-as-da-comunidade-interna-da-uel-para-as-vagas-do-centros-de-educacao-infantil-cei-uel-campus-e-hu\/\" target=\"_blank\" rel=\"noreferrer noopener\">Processo de Sele\u00e7\u00e3o para Vaga no Centro de Educa\u00e7\u00e3o Infantil do Col\u00e9gio de Aplica\u00e7\u00e3o 2024<\/a><\/li>\n\n\n\n<li><a href=\"https:\/\/sites.uel.br\/sebec\/processo-de-selecao-para-vaga-no-centro-de-educacao-infantil-do-colegio-de-aplicacao-2023\/\" target=\"_blank\" rel=\"noreferrer noopener\">Processo de Sele\u00e7\u00e3o para Vaga no Centro de Educa\u00e7\u00e3o Infantil do Col\u00e9gio de Aplica\u00e7\u00e3o 2023<\/a><\/li>\n\n\n\n<li><a href=\"https:\/\/sites.uel.br\/sebec\/?page_id=860\" data-type=\"URL\" data-id=\"https:\/\/sites.uel.br\/sebec\/?page_id=860\">Processo de Sele\u00e7\u00e3o para Vaga no Centro de Educa\u00e7\u00e3o Infantil do Col\u00e9gio de Aplica\u00e7\u00e3o 2022<\/a><\/li>\n\n\n\n<li><a href=\"https:\/\/sites.uel.br\/sebec\/?page_id=1346\">Processo de Sele\u00e7\u00e3o para Vaga no Centro de Educa\u00e7\u00e3o Infantil do Col\u00e9gio de Aplica\u00e7\u00e3o 2021<\/a><\/li>\n\n\n\n<li><a href=\"https:\/\/sites.uel.br\/sebec\/?page_id=1353\">Processo de Sele\u00e7\u00e3o para Vaga no Centro de Educa\u00e7\u00e3o Infantil do Col\u00e9gio de Aplica\u00e7\u00e3o 2020<\/a><\/li>\n<\/ul>\n","protected":false},"excerpt":{"rendered":"<p>A sele\u00e7\u00e3o para vaga no centro de educa\u00e7\u00e3o do Col\u00e9gio de Aplica\u00e7\u00e3o destina-se aos filhos de servidores da UEL de at\u00e9 seis anos de idade, buscando assegurar o direito \u00e0 educa\u00e7\u00e3o infantil e seu desenvolvimento integral conforme estabelecido no Regimento do CAPL\/UEL.<\/p>\n","protected":false},"author":1,"featured_media":0,"parent":0,"menu_order":0,"comment_status":"closed","ping_status":"closed","template":"","meta":{"_acf_changed":false,"footnotes":""},"class_list":["post-856","page","type-page","status-publish","hentry"],"acf":[],"_links":{"self":[{"href":"https:\/\/sites.uel.br\/sebec\/wp-json\/wp\/v2\/pages\/856","targetHints":{"allow":["GET"]}}],"collection":[{"href":"https:\/\/sites.uel.br\/sebec\/wp-json\/wp\/v2\/pages"}],"about":[{"href":"https:\/\/sites.uel.br\/sebec\/wp-json\/wp\/v2\/types\/page"}],"author":[{"embeddable":true,"href":"https:\/\/sites.uel.br\/sebec\/wp-json\/wp\/v2\/users\/1"}],"replies":[{"embeddable":true,"href":"https:\/\/sites.uel.br\/sebec\/wp-json\/wp\/v2\/comments?post=856"}],"version-history":[{"count":15,"href":"https:\/\/sites.uel.br\/sebec\/wp-json\/wp\/v2\/pages\/856\/revisions"}],"predecessor-version":[{"id":4359,"href":"https:\/\/sites.uel.br\/sebec\/wp-json\/wp\/v2\/pages\/856\/revisions\/4359"}],"wp:attachment":[{"href":"https:\/\/sites.uel.br\/sebec\/wp-json\/wp\/v2\/media?parent=856"}],"curies":[{"name":"wp","href":"https:\/\/api.w.org\/{rel}","templated":true}]}}