{"id":806,"date":"2022-03-29T11:47:40","date_gmt":"2022-03-29T14:47:40","guid":{"rendered":"https:\/\/sites.uel.br\/sebec\/?page_id=806"},"modified":"2022-06-08T10:42:18","modified_gmt":"2022-06-08T13:42:18","slug":"procedimentos-e-avaliacao","status":"publish","type":"page","link":"https:\/\/sites.uel.br\/sebec\/procedimentos-e-avaliacao\/","title":{"rendered":"Procedimentos Operacionais Padronizados e Trabalhos"},"content":{"rendered":"\n<p><\/p>\n\n\n\n<p class=\"has-verde-escuro-color has-text-color\"><strong>Procedimentos Operacionais Padronizados do RU<\/strong><\/p>\n\n\n\n<ul class=\"wp-block-list\"><li><a rel=\"noreferrer noopener\" href=\"https:\/\/sites.uel.br\/sebec\/wp-content\/uploads\/2022\/03\/MBP-RU-2009.pdf\" data-type=\"URL\" data-id=\"https:\/\/sites.uel.br\/sebec\/wp-content\/uploads\/2022\/03\/MBP-RU-2009.pdf\" target=\"_blank\">Manual de Boas Pr\u00e1ticas de Manipula\u00e7\u00e3o e de Procedimentos Operacionais Padronizados &#8211; POP\u2019s<\/a><\/li><\/ul>\n\n\n\n<p><\/p>\n\n\n\n<p class=\"has-verde-escuro-color has-text-color\"><strong>Artigos e Trabalhos<\/strong><\/p>\n\n\n\n<ul class=\"wp-block-list\"><li><a rel=\"noreferrer noopener\" href=\"https:\/\/sites.uel.br\/sebec\/wp-content\/uploads\/2022\/03\/Artigo-Marcio-Rogerio-M-Machado.pdf\" data-type=\"URL\" data-id=\"https:\/\/sites.uel.br\/sebec\/wp-content\/uploads\/2022\/03\/Artigo-Marcio-Rogerio-M-Machado.pdf\" target=\"_blank\">Avalia\u00e7\u00e3o das Condi\u00e7\u00f5es de Higiene na Manipula\u00e7\u00e3o de Alimentos do Restaurante Universit\u00e1rio da UEL<\/a><\/li><\/ul>\n\n\n\n<p><\/p>\n","protected":false},"excerpt":{"rendered":"<p>Procedimentos Operacionais Padronizados do RU Manual de Boas Pr\u00e1ticas de Manipula\u00e7\u00e3o e de Procedimentos Operacionais Padronizados &#8211; POP\u2019s Artigos e Trabalhos Avalia\u00e7\u00e3o das Condi\u00e7\u00f5es de Higiene na Manipula\u00e7\u00e3o de Alimentos do Restaurante Universit\u00e1rio da UEL<\/p>\n","protected":false},"author":1,"featured_media":0,"parent":0,"menu_order":0,"comment_status":"closed","ping_status":"closed","template":"","meta":{"_acf_changed":false,"footnotes":""},"class_list":["post-806","page","type-page","status-publish","hentry"],"acf":[],"_links":{"self":[{"href":"https:\/\/sites.uel.br\/sebec\/wp-json\/wp\/v2\/pages\/806","targetHints":{"allow":["GET"]}}],"collection":[{"href":"https:\/\/sites.uel.br\/sebec\/wp-json\/wp\/v2\/pages"}],"about":[{"href":"https:\/\/sites.uel.br\/sebec\/wp-json\/wp\/v2\/types\/page"}],"author":[{"embeddable":true,"href":"https:\/\/sites.uel.br\/sebec\/wp-json\/wp\/v2\/users\/1"}],"replies":[{"embeddable":true,"href":"https:\/\/sites.uel.br\/sebec\/wp-json\/wp\/v2\/comments?post=806"}],"version-history":[{"count":5,"href":"https:\/\/sites.uel.br\/sebec\/wp-json\/wp\/v2\/pages\/806\/revisions"}],"predecessor-version":[{"id":1761,"href":"https:\/\/sites.uel.br\/sebec\/wp-json\/wp\/v2\/pages\/806\/revisions\/1761"}],"wp:attachment":[{"href":"https:\/\/sites.uel.br\/sebec\/wp-json\/wp\/v2\/media?parent=806"}],"curies":[{"name":"wp","href":"https:\/\/api.w.org\/{rel}","templated":true}]}}