{"id":770,"date":"2022-03-29T09:38:53","date_gmt":"2022-03-29T12:38:53","guid":{"rendered":"https:\/\/sites.uel.br\/sebec\/?page_id=770"},"modified":"2022-09-01T08:31:39","modified_gmt":"2022-09-01T11:31:39","slug":"achados-e-perdidos","status":"publish","type":"page","link":"https:\/\/sites.uel.br\/sebec\/achados-e-perdidos\/","title":{"rendered":"Achados e Perdidos"},"content":{"rendered":"\n<p><\/p>\n\n\n\n<p>As carteirinhas de Identifica\u00e7\u00e3o do Usu\u00e1rio ser\u00e3o encaminhadas para os respectivos \u00f3rg\u00e3os emissores:<\/p>\n\n\n\n<p><strong>Carteirinha da Gradua\u00e7\u00e3o<\/strong> &#8211; PROGRAD<\/p>\n\n\n\n<p><strong>Carteirinha da P\u00f3s-gradua\u00e7\u00e3o<\/strong> &#8211; PROPG<\/p>\n\n\n\n<p><\/p>\n\n\n\n<p>Para os demais itens perdidos, procurar nos <strong>Terminais de autoatendimento com os Servidores<\/strong> ou <strong>secretaria<\/strong> do RU<\/p>\n\n\n\n<p>\u260f (43) 3371-4756<\/p>\n","protected":false},"excerpt":{"rendered":"<p>As carteirinhas de Identifica\u00e7\u00e3o do Usu\u00e1rio ser\u00e3o encaminhadas para os respectivos \u00f3rg\u00e3os emissores: Carteirinha da Gradua\u00e7\u00e3o &#8211; PROGRAD Carteirinha da P\u00f3s-gradua\u00e7\u00e3o &#8211; PROPG Para os demais itens perdidos, procurar nos Terminais de autoatendimento com os Servidores ou secretaria do RU \u260f (43) 3371-4756<\/p>\n","protected":false},"author":1,"featured_media":0,"parent":0,"menu_order":0,"comment_status":"closed","ping_status":"closed","template":"","meta":{"_acf_changed":false,"footnotes":""},"class_list":["post-770","page","type-page","status-publish","hentry"],"acf":[],"_links":{"self":[{"href":"https:\/\/sites.uel.br\/sebec\/wp-json\/wp\/v2\/pages\/770","targetHints":{"allow":["GET"]}}],"collection":[{"href":"https:\/\/sites.uel.br\/sebec\/wp-json\/wp\/v2\/pages"}],"about":[{"href":"https:\/\/sites.uel.br\/sebec\/wp-json\/wp\/v2\/types\/page"}],"author":[{"embeddable":true,"href":"https:\/\/sites.uel.br\/sebec\/wp-json\/wp\/v2\/users\/1"}],"replies":[{"embeddable":true,"href":"https:\/\/sites.uel.br\/sebec\/wp-json\/wp\/v2\/comments?post=770"}],"version-history":[{"count":4,"href":"https:\/\/sites.uel.br\/sebec\/wp-json\/wp\/v2\/pages\/770\/revisions"}],"predecessor-version":[{"id":2140,"href":"https:\/\/sites.uel.br\/sebec\/wp-json\/wp\/v2\/pages\/770\/revisions\/2140"}],"wp:attachment":[{"href":"https:\/\/sites.uel.br\/sebec\/wp-json\/wp\/v2\/media?parent=770"}],"curies":[{"name":"wp","href":"https:\/\/api.w.org\/{rel}","templated":true}]}}