{"id":724,"date":"2022-03-28T14:58:57","date_gmt":"2022-03-28T17:58:57","guid":{"rendered":"https:\/\/sites.uel.br\/sebec\/?page_id=724"},"modified":"2025-11-04T14:26:01","modified_gmt":"2025-11-04T17:26:01","slug":"localizacao-4","status":"publish","type":"page","link":"https:\/\/sites.uel.br\/sebec\/localizacao-4\/","title":{"rendered":"Localiza\u00e7\u00e3o"},"content":{"rendered":"\n<p><\/p>\n\n\n\n<p><strong>SESMT Campus<\/strong><\/p>\n\n\n\n<p>SEBEC &#8211; Servi\u00e7o de Bem-Estar \u00e0 Comunidade<\/p>\n\n\n\n<p>Rodovia Celso Garcia Cid, PR-445, Km 380 &#8211; Campus Universit\u00e1rio, Londrina &#8211; PR, 86057-970<br><\/p>\n\n\n\n<figure class=\"wp-block-image size-full\"><a href=\"https:\/\/www.google.com\/maps\/place\/SEBEC+-+Servi%C3%A7o+de+Bem+Estar+%C3%A0+Comunidade\/@-23.3257768,-51.2035158,801m\/data=!3m2!1e3!4b1!4m6!3m5!1s0x94eb5c9f84385f83:0x9c9e2c0a1eca35e6!8m2!3d-23.3257768!4d-51.2009409!16s%2Fg%2F1ptzyk1wh?entry=ttu&amp;g_ep=EgoyMDI1MTEwMi4wIKXMDSoASAFQAw%3D%3D\" target=\"_blank\" rel=\" noreferrer noopener\"><img loading=\"lazy\" decoding=\"async\" width=\"971\" height=\"547\" src=\"https:\/\/sites.uel.br\/sebec\/wp-content\/uploads\/2025\/11\/Mapa-SEBEC-Campus-1.png\" alt=\"\" class=\"wp-image-4846\" srcset=\"https:\/\/sites.uel.br\/sebec\/wp-content\/uploads\/2025\/11\/Mapa-SEBEC-Campus-1.png 971w, https:\/\/sites.uel.br\/sebec\/wp-content\/uploads\/2025\/11\/Mapa-SEBEC-Campus-1-300x169.png 300w, https:\/\/sites.uel.br\/sebec\/wp-content\/uploads\/2025\/11\/Mapa-SEBEC-Campus-1-768x433.png 768w\" sizes=\"auto, (max-width: 971px) 100vw, 971px\" \/><\/a><\/figure>\n\n\n\n<div class=\"wp-block-columns is-layout-flex wp-container-core-columns-is-layout-9d6595d7 wp-block-columns-is-layout-flex\">\n<div class=\"wp-block-column is-layout-flow wp-block-column-is-layout-flow\">\n<p><\/p>\n<\/div>\n<\/div>\n\n\n\n<p><strong>SESMT HU<\/strong><\/p>\n\n\n\n<p>3\u00ba andar do Pr\u00e9dio Administrativo do HU <\/p>\n\n\n\n<p>Avenida Robert Koch, 60, no bairro Vila Oper\u00e1ria, Londrina-PR,  86038-350<\/p>\n\n\n\n<figure class=\"wp-block-image size-full\"><a href=\"https:\/\/www.google.com\/maps\/place\/Hospital+Universit%C3%A1rio+da+Universidade+Estadual+de+Londrina\/@-23.3259222,-51.1300264,801m\/data=!3m2!1e3!4b1!4m6!3m5!1s0x94eb43a28a9abfb9:0x7db56740316c3690!8m2!3d-23.3259251!4d-51.1284953!16s%2Fg%2F1t_tlfw2?entry=ttu&amp;g_ep=EgoyMDI1MTEwMi4wIKXMDSoASAFQAw%3D%3D\" target=\"_blank\" rel=\" noreferrer noopener\"><img loading=\"lazy\" decoding=\"async\" width=\"1013\" height=\"509\" src=\"https:\/\/sites.uel.br\/sebec\/wp-content\/uploads\/2025\/11\/Mapa-SEBEC-HU.png\" alt=\"\" class=\"wp-image-4847\" srcset=\"https:\/\/sites.uel.br\/sebec\/wp-content\/uploads\/2025\/11\/Mapa-SEBEC-HU.png 1013w, https:\/\/sites.uel.br\/sebec\/wp-content\/uploads\/2025\/11\/Mapa-SEBEC-HU-300x151.png 300w, https:\/\/sites.uel.br\/sebec\/wp-content\/uploads\/2025\/11\/Mapa-SEBEC-HU-768x386.png 768w\" sizes=\"auto, (max-width: 1013px) 100vw, 1013px\" \/><\/a><\/figure>\n","protected":false},"excerpt":{"rendered":"<p>SESMT Campus SEBEC &#8211; Servi\u00e7o de Bem-Estar \u00e0 Comunidade Rodovia Celso Garcia Cid, PR-445, Km 380 &#8211; Campus Universit\u00e1rio, Londrina &#8211; PR, 86057-970 SESMT HU 3\u00ba andar do Pr\u00e9dio Administrativo do HU Avenida Robert Koch, 60, no bairro Vila Oper\u00e1ria, Londrina-PR, 86038-350<\/p>\n","protected":false},"author":1,"featured_media":0,"parent":0,"menu_order":0,"comment_status":"closed","ping_status":"closed","template":"","meta":{"_acf_changed":false,"footnotes":""},"class_list":["post-724","page","type-page","status-publish","hentry"],"acf":[],"_links":{"self":[{"href":"https:\/\/sites.uel.br\/sebec\/wp-json\/wp\/v2\/pages\/724","targetHints":{"allow":["GET"]}}],"collection":[{"href":"https:\/\/sites.uel.br\/sebec\/wp-json\/wp\/v2\/pages"}],"about":[{"href":"https:\/\/sites.uel.br\/sebec\/wp-json\/wp\/v2\/types\/page"}],"author":[{"embeddable":true,"href":"https:\/\/sites.uel.br\/sebec\/wp-json\/wp\/v2\/users\/1"}],"replies":[{"embeddable":true,"href":"https:\/\/sites.uel.br\/sebec\/wp-json\/wp\/v2\/comments?post=724"}],"version-history":[{"count":9,"href":"https:\/\/sites.uel.br\/sebec\/wp-json\/wp\/v2\/pages\/724\/revisions"}],"predecessor-version":[{"id":4850,"href":"https:\/\/sites.uel.br\/sebec\/wp-json\/wp\/v2\/pages\/724\/revisions\/4850"}],"wp:attachment":[{"href":"https:\/\/sites.uel.br\/sebec\/wp-json\/wp\/v2\/media?parent=724"}],"curies":[{"name":"wp","href":"https:\/\/api.w.org\/{rel}","templated":true}]}}