{"id":704,"date":"2022-03-28T14:43:02","date_gmt":"2022-03-28T17:43:02","guid":{"rendered":"https:\/\/sites.uel.br\/sebec\/?page_id=704"},"modified":"2022-03-29T09:27:40","modified_gmt":"2022-03-29T12:27:40","slug":"equipe-responsavel-e-contato","status":"publish","type":"page","link":"https:\/\/sites.uel.br\/sebec\/equipe-responsavel-e-contato\/","title":{"rendered":"Valores das Refei\u00e7\u00f5es"},"content":{"rendered":"\n<p><\/p>\n\n\n\n<p><strong><a rel=\"noreferrer noopener\" href=\"https:\/\/sites.uel.br\/sebec\/wp-content\/uploads\/2022\/03\/Resolucao-CA-35-2019.pdf\" target=\"_blank\">Resolu\u00e7\u00e3o CA n\u00b0 35\/2019<\/a><\/strong>\u00a0\u2013 Altera o Anexo I da Resolu\u00e7\u00e3o CA n\u00b0 11\/2017 que fixa os valores das refei\u00e7\u00f5es servidas pelo Restaurante Universit\u00e1rio.<\/p>\n\n\n\n<p><\/p>\n\n\n\n<div class=\"wp-block-image\"><figure class=\"aligncenter size-large\"><img loading=\"lazy\" decoding=\"async\" width=\"871\" height=\"1024\" src=\"https:\/\/sites.uel.br\/sebec\/wp-content\/uploads\/2022\/03\/Valores-35-2019-871x1024.png\" alt=\"\" class=\"wp-image-765\" srcset=\"https:\/\/sites.uel.br\/sebec\/wp-content\/uploads\/2022\/03\/Valores-35-2019-871x1024.png 871w, https:\/\/sites.uel.br\/sebec\/wp-content\/uploads\/2022\/03\/Valores-35-2019-255x300.png 255w, https:\/\/sites.uel.br\/sebec\/wp-content\/uploads\/2022\/03\/Valores-35-2019-768x903.png 768w, https:\/\/sites.uel.br\/sebec\/wp-content\/uploads\/2022\/03\/Valores-35-2019.png 1027w\" sizes=\"auto, (max-width: 871px) 100vw, 871px\" \/><\/figure><\/div>\n\n\n\n<p><\/p>\n","protected":false},"excerpt":{"rendered":"<p>Resolu\u00e7\u00e3o CA n\u00b0 35\/2019\u00a0\u2013 Altera o Anexo I da Resolu\u00e7\u00e3o CA n\u00b0 11\/2017 que fixa os valores das refei\u00e7\u00f5es servidas pelo Restaurante Universit\u00e1rio.<\/p>\n","protected":false},"author":1,"featured_media":0,"parent":0,"menu_order":0,"comment_status":"closed","ping_status":"closed","template":"","meta":{"_acf_changed":false,"footnotes":""},"class_list":["post-704","page","type-page","status-publish","hentry"],"acf":[],"_links":{"self":[{"href":"https:\/\/sites.uel.br\/sebec\/wp-json\/wp\/v2\/pages\/704","targetHints":{"allow":["GET"]}}],"collection":[{"href":"https:\/\/sites.uel.br\/sebec\/wp-json\/wp\/v2\/pages"}],"about":[{"href":"https:\/\/sites.uel.br\/sebec\/wp-json\/wp\/v2\/types\/page"}],"author":[{"embeddable":true,"href":"https:\/\/sites.uel.br\/sebec\/wp-json\/wp\/v2\/users\/1"}],"replies":[{"embeddable":true,"href":"https:\/\/sites.uel.br\/sebec\/wp-json\/wp\/v2\/comments?post=704"}],"version-history":[{"count":4,"href":"https:\/\/sites.uel.br\/sebec\/wp-json\/wp\/v2\/pages\/704\/revisions"}],"predecessor-version":[{"id":763,"href":"https:\/\/sites.uel.br\/sebec\/wp-json\/wp\/v2\/pages\/704\/revisions\/763"}],"wp:attachment":[{"href":"https:\/\/sites.uel.br\/sebec\/wp-json\/wp\/v2\/media?parent=704"}],"curies":[{"name":"wp","href":"https:\/\/api.w.org\/{rel}","templated":true}]}}