{"id":703,"date":"2022-03-28T14:45:39","date_gmt":"2022-03-28T17:45:39","guid":{"rendered":"https:\/\/sites.uel.br\/sebec\/?page_id=703"},"modified":"2022-09-21T17:23:41","modified_gmt":"2022-09-21T20:23:41","slug":"sobre-o-restaurante-universitario","status":"publish","type":"page","link":"https:\/\/sites.uel.br\/sebec\/sobre-o-restaurante-universitario\/","title":{"rendered":"Sobre o Restaurante Universit\u00e1rio"},"content":{"rendered":"\n<p><\/p>\n\n\n\n<p>O Restaurante Universit\u00e1rio da UEL, conforme <a rel=\"noreferrer noopener\" href=\"https:\/\/sites.uel.br\/sebec\/wp-content\/uploads\/2022\/03\/Resolucao-RU-2017-CA-053-17-Regulamenta-Servicos-do-RU.pdf\" target=\"_blank\">Resolu\u00e7\u00e3o CA n\u00b0 53\/2017<\/a>, tem como finalidade: garantir a seguran\u00e7a alimentar e nutricional, fornecendo alimenta\u00e7\u00e3o balanceada a toda comunidade universit\u00e1ria; colaborar no desenvolvimento de pesquisas cient\u00edficas desde que propostas por \u00e1reas de estudo da UEL; manter estreita rela\u00e7\u00e3o com os usu\u00e1rios visando oportunizar o constante aprimoramento dos servi\u00e7os prestados e atuar como um dos instrumentos da pol\u00edtica de perman\u00eancia estudantil e da pol\u00edtica de recursos humanos da institui\u00e7\u00e3o.<\/p>\n\n\n\n<p>O RU inaugurado em 1998, respons\u00e1vel pelas \u00e1reas de nutri\u00e7\u00e3o e seguran\u00e7a alimentar dos servidores e estudantes da UEL, atendeu at\u00e9 o ano de 2014 em um espa\u00e7o de 1.566,11m\u00b2 com 240 lugares. Ap\u00f3s passar por reforma e amplia\u00e7\u00e3o dos servi\u00e7os e estrutura predial, o RU foi reinaugurado em 04 de dezembro de 2015, com amplia\u00e7\u00e3o da estrutura f\u00edsica para 3.919,69m\u00b2 e contemplando 750 lugares de assentos dispon\u00edveis distribu\u00eddos em 185 mesas e 6 lugares espec\u00edficos para cadeirantes<\/p>\n\n\n\n<p><\/p>\n\n\n\n<p><\/p>\n\n\n\n<figure class=\"wp-block-gallery has-nested-images columns-default is-cropped wp-block-gallery-1 is-layout-flex wp-block-gallery-is-layout-flex\">\n<figure class=\"wp-block-image size-large\"><img loading=\"lazy\" decoding=\"async\" width=\"1772\" height=\"1098\" data-id=\"730\" src=\"https:\/\/sites.uel.br\/sebec\/wp-content\/uploads\/2022\/03\/1605534196167blob.png\" alt=\"\" class=\"wp-image-730\" srcset=\"https:\/\/sites.uel.br\/sebec\/wp-content\/uploads\/2022\/03\/1605534196167blob.png 1772w, https:\/\/sites.uel.br\/sebec\/wp-content\/uploads\/2022\/03\/1605534196167blob-300x186.png 300w, https:\/\/sites.uel.br\/sebec\/wp-content\/uploads\/2022\/03\/1605534196167blob-1024x635.png 1024w, https:\/\/sites.uel.br\/sebec\/wp-content\/uploads\/2022\/03\/1605534196167blob-768x476.png 768w, https:\/\/sites.uel.br\/sebec\/wp-content\/uploads\/2022\/03\/1605534196167blob-1536x952.png 1536w\" sizes=\"auto, (max-width: 1772px) 100vw, 1772px\" \/><\/figure>\n\n\n\n<figure class=\"wp-block-image size-large\"><img loading=\"lazy\" decoding=\"async\" width=\"800\" height=\"531\" data-id=\"710\" src=\"https:\/\/sites.uel.br\/sebec\/wp-content\/uploads\/2022\/03\/RU-condolas1.jpg\" alt=\"\" class=\"wp-image-710\" srcset=\"https:\/\/sites.uel.br\/sebec\/wp-content\/uploads\/2022\/03\/RU-condolas1.jpg 800w, https:\/\/sites.uel.br\/sebec\/wp-content\/uploads\/2022\/03\/RU-condolas1-300x199.jpg 300w, https:\/\/sites.uel.br\/sebec\/wp-content\/uploads\/2022\/03\/RU-condolas1-768x510.jpg 768w\" sizes=\"auto, (max-width: 800px) 100vw, 800px\" \/><\/figure>\n\n\n\n<figure class=\"wp-block-image size-large\"><img loading=\"lazy\" decoding=\"async\" width=\"800\" height=\"531\" data-id=\"711\" src=\"https:\/\/sites.uel.br\/sebec\/wp-content\/uploads\/2022\/03\/img_gal2_44184.jpg\" alt=\"\" class=\"wp-image-711\" srcset=\"https:\/\/sites.uel.br\/sebec\/wp-content\/uploads\/2022\/03\/img_gal2_44184.jpg 800w, https:\/\/sites.uel.br\/sebec\/wp-content\/uploads\/2022\/03\/img_gal2_44184-300x199.jpg 300w, https:\/\/sites.uel.br\/sebec\/wp-content\/uploads\/2022\/03\/img_gal2_44184-768x510.jpg 768w\" sizes=\"auto, (max-width: 800px) 100vw, 800px\" \/><\/figure>\n\n\n\n<figure class=\"wp-block-image size-large\"><img loading=\"lazy\" decoding=\"async\" width=\"1890\" height=\"1234\" data-id=\"712\" src=\"https:\/\/sites.uel.br\/sebec\/wp-content\/uploads\/2022\/03\/7-12-2015-g-ru.jpg\" alt=\"\" class=\"wp-image-712\" srcset=\"https:\/\/sites.uel.br\/sebec\/wp-content\/uploads\/2022\/03\/7-12-2015-g-ru.jpg 1890w, https:\/\/sites.uel.br\/sebec\/wp-content\/uploads\/2022\/03\/7-12-2015-g-ru-300x196.jpg 300w, https:\/\/sites.uel.br\/sebec\/wp-content\/uploads\/2022\/03\/7-12-2015-g-ru-1024x669.jpg 1024w, https:\/\/sites.uel.br\/sebec\/wp-content\/uploads\/2022\/03\/7-12-2015-g-ru-768x501.jpg 768w, https:\/\/sites.uel.br\/sebec\/wp-content\/uploads\/2022\/03\/7-12-2015-g-ru-1536x1003.jpg 1536w\" sizes=\"auto, (max-width: 1890px) 100vw, 1890px\" \/><\/figure>\n\n\n\n<figure class=\"wp-block-image size-large\"><img loading=\"lazy\" decoding=\"async\" width=\"961\" height=\"531\" data-id=\"708\" src=\"https:\/\/sites.uel.br\/sebec\/wp-content\/uploads\/2022\/03\/ru-uel-lg-633d6094.jpg\" alt=\"\" class=\"wp-image-708\" srcset=\"https:\/\/sites.uel.br\/sebec\/wp-content\/uploads\/2022\/03\/ru-uel-lg-633d6094.jpg 961w, https:\/\/sites.uel.br\/sebec\/wp-content\/uploads\/2022\/03\/ru-uel-lg-633d6094-300x166.jpg 300w, https:\/\/sites.uel.br\/sebec\/wp-content\/uploads\/2022\/03\/ru-uel-lg-633d6094-768x424.jpg 768w\" sizes=\"auto, (max-width: 961px) 100vw, 961px\" \/><\/figure>\n<\/figure>\n\n\n\n<p><\/p>\n\n\n\n<p><\/p>\n","protected":false},"excerpt":{"rendered":"<p>O Restaurante Universit\u00e1rio da UEL, conforme Resolu\u00e7\u00e3o CA n\u00b0 53\/2017, tem como finalidade: garantir a seguran\u00e7a alimentar e nutricional, fornecendo alimenta\u00e7\u00e3o balanceada a toda comunidade universit\u00e1ria; colaborar no desenvolvimento de pesquisas cient\u00edficas desde que propostas por \u00e1reas de estudo da UEL; manter estreita rela\u00e7\u00e3o com os usu\u00e1rios visando oportunizar o constante aprimoramento dos servi\u00e7os prestados [&hellip;]<\/p>\n","protected":false},"author":1,"featured_media":0,"parent":0,"menu_order":0,"comment_status":"closed","ping_status":"closed","template":"","meta":{"_acf_changed":false,"footnotes":""},"class_list":["post-703","page","type-page","status-publish","hentry"],"acf":[],"_links":{"self":[{"href":"https:\/\/sites.uel.br\/sebec\/wp-json\/wp\/v2\/pages\/703","targetHints":{"allow":["GET"]}}],"collection":[{"href":"https:\/\/sites.uel.br\/sebec\/wp-json\/wp\/v2\/pages"}],"about":[{"href":"https:\/\/sites.uel.br\/sebec\/wp-json\/wp\/v2\/types\/page"}],"author":[{"embeddable":true,"href":"https:\/\/sites.uel.br\/sebec\/wp-json\/wp\/v2\/users\/1"}],"replies":[{"embeddable":true,"href":"https:\/\/sites.uel.br\/sebec\/wp-json\/wp\/v2\/comments?post=703"}],"version-history":[{"count":14,"href":"https:\/\/sites.uel.br\/sebec\/wp-json\/wp\/v2\/pages\/703\/revisions"}],"predecessor-version":[{"id":2285,"href":"https:\/\/sites.uel.br\/sebec\/wp-json\/wp\/v2\/pages\/703\/revisions\/2285"}],"wp:attachment":[{"href":"https:\/\/sites.uel.br\/sebec\/wp-json\/wp\/v2\/media?parent=703"}],"curies":[{"name":"wp","href":"https:\/\/api.w.org\/{rel}","templated":true}]}}