{"id":651,"date":"2022-03-28T11:13:05","date_gmt":"2022-03-28T14:13:05","guid":{"rendered":"https:\/\/sites.uel.br\/sebec\/?page_id=651"},"modified":"2022-04-13T11:53:36","modified_gmt":"2022-04-13T14:53:36","slug":"historico-2","status":"publish","type":"page","link":"https:\/\/sites.uel.br\/sebec\/historico-2\/","title":{"rendered":"Hist\u00f3rico"},"content":{"rendered":"\n<p><\/p>\n\n\n\n<p>&nbsp;A reinvindica\u00e7\u00e3o estudantil em rela\u00e7\u00e3o ao espa\u00e7o de moradia para estudantes de outras localidades data do in\u00edcio das atividades desta universidade.<\/p>\n\n\n\n<p>O funcionamento da Casa do Estudante da Universidade Estadual de Londrina-CEUEL teve seu in\u00edcio em outubro de 1974, em im\u00f3vel da UEL cedido ao Diret\u00f3rio Central dos Estudantes \u2013 DCE (Anexo H \u2013 Jornal Terra Roxa \u2013 n\u00ba. 09 de agosto de 1974), atrav\u00e9s de contrato de concess\u00e3o de uso. Este foi, ent\u00e3o, o resultado de reivindica\u00e7\u00f5es do corpo discente na perspectiva de garantir a estudantes provindos de outras localidades, quando necessitados, ao menos um local de hospedagem. Neste per\u00edodo, a repress\u00e3o ao movimento estudantil era acirrada, a luta pelo espa\u00e7o de moradia foi \u00e1rdua e de um grupo pequeno de estudantes integrantes dos primeiros grupos organizados na UEL. Foi tamb\u00e9m a primeira vit\u00f3ria representativa desse grupo e do movimento estudantil da UEL. Toda hist\u00f3ria da CEUEL, da\u00ed para frente, teve a condu\u00e7\u00e3o dos estudantes em sua grande maioria.<\/p>\n\n\n\n<p>Na \u00e9poca da instala\u00e7\u00e3o da casa, com verba repassada do Minist\u00e9rio da Educa\u00e7\u00e3o e Cultura, a UEL adquiriu o pr\u00e9dio onde j\u00e1 funcionava um restaurante e um pensionato do antigo Col\u00e9gio Filad\u00e9lfia, situado na avenida Juscelino Kubitscheck, n\u00ba.2006.<\/p>\n\n\n\n<p><\/p>\n\n\n\n<div class=\"wp-block-image\"><figure class=\"aligncenter size-large is-resized\"><img loading=\"lazy\" decoding=\"async\" src=\"https:\/\/sites.uel.br\/sebec\/wp-content\/uploads\/2022\/04\/1-JK_Fachada-1024x685.jpg\" alt=\"\" class=\"wp-image-1387\" width=\"857\" height=\"573\" srcset=\"https:\/\/sites.uel.br\/sebec\/wp-content\/uploads\/2022\/04\/1-JK_Fachada-1024x685.jpg 1024w, https:\/\/sites.uel.br\/sebec\/wp-content\/uploads\/2022\/04\/1-JK_Fachada-300x201.jpg 300w, https:\/\/sites.uel.br\/sebec\/wp-content\/uploads\/2022\/04\/1-JK_Fachada-768x514.jpg 768w, https:\/\/sites.uel.br\/sebec\/wp-content\/uploads\/2022\/04\/1-JK_Fachada-1536x1027.jpg 1536w, https:\/\/sites.uel.br\/sebec\/wp-content\/uploads\/2022\/04\/1-JK_Fachada-2048x1370.jpg 2048w\" sizes=\"auto, (max-width: 857px) 100vw, 857px\" \/><figcaption>Fachada da Moradia Estudantil &#8211; Av. JK<\/figcaption><\/figure><\/div>\n\n\n\n<p><\/p>\n\n\n\n<p>O restaurante iniciou suas atividades imediatamente ap\u00f3s o primeiro grupo de moradores instalarem-se na CEUEL\/Casa do Estudante da UEL, sob a administra\u00e7\u00e3o do Diret\u00f3rio central dos estudantes da UEL &#8211; DCE.<\/p>\n\n\n\n<p>Inicialmente, o Restaurante Universit\u00e1rio servia como fonte de manuten\u00e7\u00e3o para a CEUEL, somada a uma verba suplementar advinda do Governo do Estado, e verba espor\u00e1dica, repassada pelo Munic\u00edpio de Londrina.<\/p>\n\n\n\n<p>Em 1976, o DCE passa \u00e0 CEUEL, organiza\u00e7\u00e3o civil sem fins lucrativos. Composta pelos pr\u00f3prios moradores, a administra\u00e7\u00e3o da Casa consequentemente do restaurante. A CEUEL j\u00e1 se constitu\u00eda como entidade aut\u00f4noma sem fins lucrativos e declarado de utilidade p\u00fablica pela lei n\u00ba.455\/82, registrada no Conselho Nacional de Servi\u00e7o Social sob n\u00ba. 266-263, regida por estatuto e regimento pr\u00f3prio.<\/p>\n\n\n\n<p>A CEUEL foi criada com o intuito de proporcionar moradia e alimenta\u00e7\u00e3o aos estudantes universit\u00e1rios, matriculados na UEL, que comprovassem baixo n\u00edvel socioecon\u00f4mico. Em junho de 1982, foi assinado contrato de concess\u00e3o de uso do bem im\u00f3vel entre a Universidade e a CEUEL, esta situa\u00e7\u00e3o vinha se arrastando de forma irregular ao longo dos anos.<\/p>\n\n\n\n<p>O preenchimento das vagas na casa, a partir de 1980, foi atribu\u00eddo ao Departamento de Psicologia Organizacional da UEL pela Dire\u00e7\u00e3o da CEUEL, at\u00e9 ent\u00e3o, os moradores eram selecionados pelos pr\u00f3prios estudantes j\u00e1 residentes na CEUEL. Em 1988, a pedido do referido Departamento de Psicologia, a Divis\u00e3o de Servi\u00e7o Social do DIBEC, atual SEBEC &#8211; Servi\u00e7o de Bem Estar da Comunidade Universit\u00e1ria iniciou sua participa\u00e7\u00e3o no processo de sele\u00e7\u00e3o socioecon\u00f4mico para ocupa\u00e7\u00e3o das vagas na CEUEL. A \u00e1rea de psicologia, por falta de pessoal, abandonou o processo em 1982.<\/p>\n\n\n\n<p>A partir de 1986, a CEUEL passou a enfrentar dificuldades financeiras para manter o RU, quando firmou convenio com a UEL, que passou a subsidiar verbas para o pagamento do sal\u00e1rio dos funcion\u00e1rios e pagamento dos fornecedores de g\u00eaneros aliment\u00edcios.<\/p>\n\n\n\n<p>Em 1991, o RU foi desativado por falta de verbas e condi\u00e7\u00f5es de manuten\u00e7\u00e3o, situa\u00e7\u00e3o agravada pela suspen\u00e7\u00e3o do convenio com a UEL.<\/p>\n\n\n\n<p>Em 22 de abril de 1992, o Conselho de Administra\u00e7\u00e3o da UEL resolveu ceder, em comodato, os im\u00f3veis da CEUEL, desfazendo o acordo anterior. A Casa continua administrada pelos pr\u00f3prios moradores que se revezam em cargos de presid\u00eancia e diretorias administrativas.<\/p>\n\n\n\n<p>O antigo pr\u00e9dio, onde funcionava o Restaurante Universit\u00e1rio foi incorporado pela UEL e transformou-se em alojamento para mais 10 moradores como forma de atender aos candidatos que necessitavam. Uma nova comiss\u00e3o foi constitu\u00edda, com objetivo de viabilizar a institucionaliza\u00e7\u00e3o da UEL. A conclus\u00e3o desta foi na perspectiva da constru\u00e7\u00e3o de uma nova moradia, mesmo por que profissionais da \u00e1rea de engenharia e arquitetura, da Prefeitura do Campus da UEL-PCU e do Departamento de Constru\u00e7\u00e3o e Manuten\u00e7\u00e3o de Obras P\u00fablicas da Secretaria de Obras do Estado do Paran\u00e1 \u2013 DEPOM consideraram o edif\u00edcio condenado para qualquer tipo de uso, e ainda desaconselharam sua recupera\u00e7\u00e3o ou reforma, sugerindo a demoli\u00e7\u00e3o do pr\u00e9dio.<\/p>\n\n\n\n<p>Iniciaram-se, ent\u00e3o as negocia\u00e7\u00f5es com os moradores na perspectiva de desocupa\u00e7\u00e3o imediata do pr\u00e9dio por conta de sua interdi\u00e7\u00e3o, rescis\u00e3o do contrato de comodato e institui\u00e7\u00e3o de bolsa-moradia, para atender aos atuais moradores at\u00e9 a constru\u00e7\u00e3o do pr\u00e9dio j\u00e1 previsto pela administra\u00e7\u00e3o. A proposta tamb\u00e9m apresentou minuto de resolu\u00e7\u00e3o de incorpora\u00e7\u00e3o da CEUEL ao SEBEC, criando-se a Divis\u00e3o de Moradia Estudantil  (<a rel=\"noreferrer noopener\" href=\"https:\/\/sistemas.uel.br\/files\/atonormativo\/ATO-EXECUTIVO\/2005\/11.pdf\" data-type=\"URL\" data-id=\"https:\/\/sistemas.uel.br\/files\/atonormativo\/ATO-EXECUTIVO\/2005\/11.pdf\" target=\"_blank\">Ato Executivo n\u00ba. 11\/2005<\/a>).<\/p>\n\n\n\n<p>Uma equipe de 3 t\u00e9cnicos da administra\u00e7\u00e3o superior da UEL e 1 Assistente Social promoveu, por 6 meses, discuss\u00f5es visando a melhor alternativa de atender as necessidades dos moradores, dentro das possibilidades institucionais.<\/p>\n\n\n\n<p>A conclus\u00e3o irrefut\u00e1vel dos estudantes foi conseguir um local para substituir a atual moradia.&nbsp; A equipe de negocia\u00e7\u00e3o levou, ent\u00e3o, ao Conselho de Administra\u00e7\u00e3o da UEL a proposta de aluguel de um im\u00f3vel para transfer\u00eancia dos moradores.<\/p>\n\n\n\n<p>Atrav\u00e9s de tomada de pre\u00e7os, que resultou em contrato administrativo, foi locado o im\u00f3vel localizado na Avenida S\u00e3o Paulo, 181, onde originalmente funcionou um hotel. A loca\u00e7\u00e3o foi concretizada, atrav\u00e9s de procedimento licitat\u00f3rio tomada de pre\u00e7o n\u00ba 008\/2005-PROAF. Paralelo ao aluguel, foi elaborado o regimento da Moradia Estudantil, Dentro das normas t\u00e9cnicas e entregue a Dire\u00e7\u00e3o do SEBEC.<\/p>\n\n\n\n<p><\/p>\n\n\n\n<div class=\"wp-block-image\"><figure class=\"aligncenter size-large is-resized\"><img loading=\"lazy\" decoding=\"async\" src=\"https:\/\/sites.uel.br\/sebec\/wp-content\/uploads\/2022\/04\/2-Moradia-Av.-Sao-Paulo_-Recepcao-1024x682.jpg\" alt=\"\" class=\"wp-image-1390\" width=\"865\" height=\"576\" srcset=\"https:\/\/sites.uel.br\/sebec\/wp-content\/uploads\/2022\/04\/2-Moradia-Av.-Sao-Paulo_-Recepcao-1024x682.jpg 1024w, https:\/\/sites.uel.br\/sebec\/wp-content\/uploads\/2022\/04\/2-Moradia-Av.-Sao-Paulo_-Recepcao-300x200.jpg 300w, https:\/\/sites.uel.br\/sebec\/wp-content\/uploads\/2022\/04\/2-Moradia-Av.-Sao-Paulo_-Recepcao-768x511.jpg 768w, https:\/\/sites.uel.br\/sebec\/wp-content\/uploads\/2022\/04\/2-Moradia-Av.-Sao-Paulo_-Recepcao-1536x1022.jpg 1536w, https:\/\/sites.uel.br\/sebec\/wp-content\/uploads\/2022\/04\/2-Moradia-Av.-Sao-Paulo_-Recepcao-2048x1363.jpg 2048w\" sizes=\"auto, (max-width: 865px) 100vw, 865px\" \/><figcaption>Recep\u00e7\u00e3o da Moradia Estudantil &#8211;  Av. S\u00e3o Paulo <\/figcaption><\/figure><\/div>\n\n\n\n<p><\/p>\n\n\n\n<p>O regimento, por\u00e9m, causou algum descontentamento por parte dos ent\u00e3o moradores sendo assim o Conselho de Administra\u00e7\u00e3o da UEL comp\u00f4s uma comiss\u00e3o formada por: 3 Estudantes Moradores da Resid\u00eancia Estudantil e 3 membros da Administra\u00e7\u00e3o da UEL, sendo estes 1 do SEBEC 1 da PROGRAD E 1 da Assessoria Jur\u00eddica. A comiss\u00e3o teve, ent\u00e3o, a incumb\u00eancia de reformular as quest\u00f5es que causaram d\u00favidas e encaminhar novamente ao Conselho de Administra\u00e7\u00e3o para ent\u00e3o ser aprovado.<\/p>\n\n\n\n<p>Das 62 vagas do pr\u00e9dio da CEUEL, mais as 10 vagas criadas no antigo RU, passou a atender-se 90 estudantes. A mudan\u00e7a ocorreu em 01\/04\/2005 , quando a UEL disponibilizou caminh\u00f5es e funcion\u00e1rios para junto com o SEBEC e os estudantes transferirem totalmente a moradia e incorporar a sua estrutura o compromisso com assist\u00eancia ao estudante.<\/p>\n\n\n\n<p>Na mesma data iniciou-se a demoli\u00e7\u00e3o do pr\u00e9dio, cujos detritos foram doados pela institui\u00e7\u00e3o a uma ONG, que reaproveita material de constru\u00e7\u00e3o para reformas em habita\u00e7\u00f5es populares.<\/p>\n\n\n\n<p>O valor do aluguel contratado foi de R$ 12.800,00 (doze mil e oitocentos reais) por um per\u00edodo de 30 meses.<\/p>\n\n\n\n<p>Neste mesmo per\u00edodo, iniciou-se a constru\u00e7\u00e3o da nova estrutura da Moradia Estudantil no Campus Universit\u00e1rio. Para estrutura nova , a UEL recebeu por meio do convenio n\u00ba 623\/2004, recurso da Uni\u00e3o, representada pelo Minist\u00e9rio da Educa\u00e7\u00e3o, por interm\u00e9dio da Secretaria de Educa\u00e7\u00e3o Superior, no valor de R$ 800.000,00 (oitocentos mil reais), participando a Universidade em contrapartida com o valor de R$ 372.022,90 (trezentos e setenta e dois mil, vinte e dois reais e noventa centavos), totalizando R$ 1.172.022,90 (um milh\u00e3o cento e setenta e dois mil, vinte e dois reais e noventa centavos<\/p>\n\n\n\n<p>Com previs\u00e3o de conclus\u00e3o da nova estrutura em junho de 2006, a mesma foi dada como conclu\u00edda em 11 de maio de 2006 um m\u00eas antes do per\u00edodo previsto, por\u00e9m, ao ser feita vistorias de seguran\u00e7a do corpo de bombeiros e vigil\u00e2ncia sanit\u00e1rias, foram constatadas irregularidades que impossibilitavam a ocupa\u00e7\u00e3o da estrutura pelos novos moradores, sendo assim foram feitas as adequa\u00e7\u00f5es necess\u00e1rias para seu funcionamento de forma a garantir a seguran\u00e7a dos estudantes moradores.<\/p>\n\n\n\n<p>Algumas adequa\u00e7\u00f5es foram feitas em atendimento as recomenda\u00e7\u00f5es nas vistorias para ent\u00e3o o pr\u00e9dio poder receber os moradores.<\/p>\n\n\n\n<p>Em 2 de maio de 2009 deu-se in\u00edcio ao processo de sele\u00e7\u00e3o que contemplaria 80 estudantes, em 30 de maio deste mesmo ano foi publicado o resultado com a rela\u00e7\u00e3o dos estudantes classificados, nos dias 23 e 24 de maio os estudantes j\u00e1 moradores da casa do estudante localizado na Avenida S\u00e3o Paulo,181, classificados no processo de sele\u00e7\u00e3o foram transferidos para a nova instala\u00e7\u00e3o no Campus Universit\u00e1rio.<\/p>\n\n\n\n<figure class=\"wp-block-gallery aligncenter has-nested-images columns-default is-cropped wp-block-gallery-1 is-layout-flex wp-block-gallery-is-layout-flex\">\n<figure class=\"wp-block-image size-large\"><img loading=\"lazy\" decoding=\"async\" width=\"1024\" height=\"768\" data-id=\"1391\" src=\"https:\/\/sites.uel.br\/sebec\/wp-content\/uploads\/2022\/04\/WhatsApp-Image-2022-04-13-at-10.56.07-1-1-1024x768.jpeg\" alt=\"\" class=\"wp-image-1391\" srcset=\"https:\/\/sites.uel.br\/sebec\/wp-content\/uploads\/2022\/04\/WhatsApp-Image-2022-04-13-at-10.56.07-1-1-1024x768.jpeg 1024w, https:\/\/sites.uel.br\/sebec\/wp-content\/uploads\/2022\/04\/WhatsApp-Image-2022-04-13-at-10.56.07-1-1-300x225.jpeg 300w, https:\/\/sites.uel.br\/sebec\/wp-content\/uploads\/2022\/04\/WhatsApp-Image-2022-04-13-at-10.56.07-1-1-768x576.jpeg 768w, https:\/\/sites.uel.br\/sebec\/wp-content\/uploads\/2022\/04\/WhatsApp-Image-2022-04-13-at-10.56.07-1-1.jpeg 1280w\" sizes=\"auto, (max-width: 1024px) 100vw, 1024px\" \/><\/figure>\n\n\n\n<figure class=\"wp-block-image size-large\"><img loading=\"lazy\" decoding=\"async\" width=\"1024\" height=\"768\" data-id=\"1394\" src=\"https:\/\/sites.uel.br\/sebec\/wp-content\/uploads\/2022\/04\/IMG_20200615_140023-2-1024x768.jpg\" alt=\"\" class=\"wp-image-1394\" srcset=\"https:\/\/sites.uel.br\/sebec\/wp-content\/uploads\/2022\/04\/IMG_20200615_140023-2-1024x768.jpg 1024w, https:\/\/sites.uel.br\/sebec\/wp-content\/uploads\/2022\/04\/IMG_20200615_140023-2-300x225.jpg 300w, https:\/\/sites.uel.br\/sebec\/wp-content\/uploads\/2022\/04\/IMG_20200615_140023-2-768x576.jpg 768w, https:\/\/sites.uel.br\/sebec\/wp-content\/uploads\/2022\/04\/IMG_20200615_140023-2-1536x1152.jpg 1536w, https:\/\/sites.uel.br\/sebec\/wp-content\/uploads\/2022\/04\/IMG_20200615_140023-2-2048x1536.jpg 2048w\" sizes=\"auto, (max-width: 1024px) 100vw, 1024px\" \/><\/figure>\n\n\n\n<figure class=\"wp-block-image size-large\"><img loading=\"lazy\" decoding=\"async\" width=\"1024\" height=\"768\" data-id=\"1395\" src=\"https:\/\/sites.uel.br\/sebec\/wp-content\/uploads\/2022\/04\/IMG_20200615_140836-2-1024x768.jpg\" alt=\"\" class=\"wp-image-1395\" srcset=\"https:\/\/sites.uel.br\/sebec\/wp-content\/uploads\/2022\/04\/IMG_20200615_140836-2-1024x768.jpg 1024w, https:\/\/sites.uel.br\/sebec\/wp-content\/uploads\/2022\/04\/IMG_20200615_140836-2-300x225.jpg 300w, https:\/\/sites.uel.br\/sebec\/wp-content\/uploads\/2022\/04\/IMG_20200615_140836-2-768x576.jpg 768w, https:\/\/sites.uel.br\/sebec\/wp-content\/uploads\/2022\/04\/IMG_20200615_140836-2-1536x1152.jpg 1536w, https:\/\/sites.uel.br\/sebec\/wp-content\/uploads\/2022\/04\/IMG_20200615_140836-2-2048x1536.jpg 2048w\" sizes=\"auto, (max-width: 1024px) 100vw, 1024px\" \/><\/figure>\n<\/figure>\n\n\n\n<p><\/p>\n\n\n\n<p>Em 2009 com a abertura da nova estrutura no campus universit\u00e1rio a ent\u00e3o casa do estudante, passou a se chamar Divis\u00e3o de Moradia Estudantil, fazendo parte da estrutura do SEBEC.<\/p>\n\n\n\n<p><\/p>\n\n\n\n<p><strong>FINATTI, Betty Elmer. Assist\u00eancia Estudantil na Universidade Estadual de Londrina &#8211; UEL. Londrina, 2007.261f : il.<\/strong><\/p>\n","protected":false},"excerpt":{"rendered":"<p>&nbsp;A reinvindica\u00e7\u00e3o estudantil em rela\u00e7\u00e3o ao espa\u00e7o de moradia para estudantes de outras localidades data do in\u00edcio das atividades desta universidade. O funcionamento da Casa do Estudante da Universidade Estadual de Londrina-CEUEL teve seu in\u00edcio em outubro de 1974, em im\u00f3vel da UEL cedido ao Diret\u00f3rio Central dos Estudantes \u2013 DCE (Anexo H \u2013 Jornal [&hellip;]<\/p>\n","protected":false},"author":1,"featured_media":0,"parent":0,"menu_order":0,"comment_status":"closed","ping_status":"closed","template":"","meta":{"_acf_changed":false,"footnotes":""},"class_list":["post-651","page","type-page","status-publish","hentry"],"acf":[],"_links":{"self":[{"href":"https:\/\/sites.uel.br\/sebec\/wp-json\/wp\/v2\/pages\/651","targetHints":{"allow":["GET"]}}],"collection":[{"href":"https:\/\/sites.uel.br\/sebec\/wp-json\/wp\/v2\/pages"}],"about":[{"href":"https:\/\/sites.uel.br\/sebec\/wp-json\/wp\/v2\/types\/page"}],"author":[{"embeddable":true,"href":"https:\/\/sites.uel.br\/sebec\/wp-json\/wp\/v2\/users\/1"}],"replies":[{"embeddable":true,"href":"https:\/\/sites.uel.br\/sebec\/wp-json\/wp\/v2\/comments?post=651"}],"version-history":[{"count":7,"href":"https:\/\/sites.uel.br\/sebec\/wp-json\/wp\/v2\/pages\/651\/revisions"}],"predecessor-version":[{"id":1422,"href":"https:\/\/sites.uel.br\/sebec\/wp-json\/wp\/v2\/pages\/651\/revisions\/1422"}],"wp:attachment":[{"href":"https:\/\/sites.uel.br\/sebec\/wp-json\/wp\/v2\/media?parent=651"}],"curies":[{"name":"wp","href":"https:\/\/api.w.org\/{rel}","templated":true}]}}