{"id":643,"date":"2022-03-28T10:42:37","date_gmt":"2022-03-28T13:42:37","guid":{"rendered":"https:\/\/sites.uel.br\/sebec\/?page_id=643"},"modified":"2022-03-28T10:50:21","modified_gmt":"2022-03-28T13:50:21","slug":"localizacao-2","status":"publish","type":"page","link":"https:\/\/sites.uel.br\/sebec\/localizacao-2\/","title":{"rendered":"Localiza\u00e7\u00e3o"},"content":{"rendered":"\n<p><\/p>\n\n\n\n<p>A  Moradia Estudantil esta localizada na Rua Bambuzal, sem n\u00famero, pr\u00f3ximo a PROGRAD (Pro Reitoria de Gradua\u00e7\u00e3o):<\/p>\n\n\n\n<p><\/p>\n\n\n\n<div class=\"wp-block-image\"><figure class=\"aligncenter size-full\"><a href=\"https:\/\/goo.gl\/maps\/c43UQHRkQDroTPKS6\" target=\"_blank\" rel=\"noopener\"><img loading=\"lazy\" decoding=\"async\" width=\"805\" height=\"606\" src=\"https:\/\/sites.uel.br\/sebec\/wp-content\/uploads\/2022\/03\/Moradia-Mapa-1.png\" alt=\"\" class=\"wp-image-648\" srcset=\"https:\/\/sites.uel.br\/sebec\/wp-content\/uploads\/2022\/03\/Moradia-Mapa-1.png 805w, https:\/\/sites.uel.br\/sebec\/wp-content\/uploads\/2022\/03\/Moradia-Mapa-1-300x226.png 300w, https:\/\/sites.uel.br\/sebec\/wp-content\/uploads\/2022\/03\/Moradia-Mapa-1-768x578.png 768w\" sizes=\"auto, (max-width: 805px) 100vw, 805px\" \/><\/a><\/figure><\/div>\n","protected":false},"excerpt":{"rendered":"<p>A Moradia Estudantil esta localizada na Rua Bambuzal, sem n\u00famero, pr\u00f3ximo a PROGRAD (Pro Reitoria de Gradua\u00e7\u00e3o):<\/p>\n","protected":false},"author":1,"featured_media":0,"parent":0,"menu_order":0,"comment_status":"closed","ping_status":"closed","template":"","meta":{"_acf_changed":false,"footnotes":""},"class_list":["post-643","page","type-page","status-publish","hentry"],"acf":[],"_links":{"self":[{"href":"https:\/\/sites.uel.br\/sebec\/wp-json\/wp\/v2\/pages\/643","targetHints":{"allow":["GET"]}}],"collection":[{"href":"https:\/\/sites.uel.br\/sebec\/wp-json\/wp\/v2\/pages"}],"about":[{"href":"https:\/\/sites.uel.br\/sebec\/wp-json\/wp\/v2\/types\/page"}],"author":[{"embeddable":true,"href":"https:\/\/sites.uel.br\/sebec\/wp-json\/wp\/v2\/users\/1"}],"replies":[{"embeddable":true,"href":"https:\/\/sites.uel.br\/sebec\/wp-json\/wp\/v2\/comments?post=643"}],"version-history":[{"count":3,"href":"https:\/\/sites.uel.br\/sebec\/wp-json\/wp\/v2\/pages\/643\/revisions"}],"predecessor-version":[{"id":649,"href":"https:\/\/sites.uel.br\/sebec\/wp-json\/wp\/v2\/pages\/643\/revisions\/649"}],"wp:attachment":[{"href":"https:\/\/sites.uel.br\/sebec\/wp-json\/wp\/v2\/media?parent=643"}],"curies":[{"name":"wp","href":"https:\/\/api.w.org\/{rel}","templated":true}]}}