{"id":632,"date":"2022-03-28T10:38:13","date_gmt":"2022-03-28T13:38:13","guid":{"rendered":"https:\/\/sites.uel.br\/sebec\/?page_id=632"},"modified":"2022-04-19T15:37:55","modified_gmt":"2022-04-19T18:37:55","slug":"sobre-a-moradia-estudantil","status":"publish","type":"page","link":"https:\/\/sites.uel.br\/sebec\/sobre-a-moradia-estudantil\/","title":{"rendered":"Sobre a Moradia Estudantil"},"content":{"rendered":"\n<p><\/p>\n\n\n\n<p>A Moradia Estudantil da UEL \u00e9 uma unidade administrativa classificada como equipamento social, com a finalidade prim\u00e1ria de abrigar em espa\u00e7o f\u00edsico espec\u00edfico estudantes da UEL contemplados por meio de sele\u00e7\u00e3o socioecon\u00f4mica realizada pelo SEBEC, no sentido de oportunizar condi\u00e7\u00f5es de alojamento e espa\u00e7o de estudo dentro do campus universit\u00e1rio, atendendo a premissa de atendimento das necessidades pessoais e que contribuam com a perman\u00eancia estudantil.<\/p>\n\n\n\n<p>Da recep\u00e7\u00e3o at\u00e9 o desligamento da unidade, o estudante tem sua trajet\u00f3ria acompanhada pela administra\u00e7\u00e3o, na medida em que coordena e coloca em pr\u00e1tica o que se apresenta no regimento e regulamento da moradia \u2013 <a href=\"https:\/\/sites.uel.br\/sebec\/wp-content\/uploads\/2022\/03\/Resolucao-CU-17-2015.pdf\" data-type=\"URL\" data-id=\"https:\/\/sites.uel.br\/sebec\/wp-content\/uploads\/2022\/03\/Resolucao-CU-17-2015.pdf\" target=\"_blank\" rel=\"noreferrer noopener\">Resolu\u00e7\u00e3o CU n\u00ba 017\/2015<\/a>.<\/p>\n\n\n\n<p>O pr\u00e9dio foi inaugurado no campus em 2007 e conta com 19 dormit\u00f3rios que comportam 04 estudantes em cada um deles e mais 02 dormit\u00f3rios que s\u00e3o adaptados para moradores com defici\u00eancia que comportam 02 estudantes, totalizando 80 vagas. Na vac\u00e2ncia de candidatos com necessidade especial, s\u00e3o acomodados 03 estudantes. Desta forma a quantidade limite passa de 80 para 82 moradores.<\/p>\n\n\n\n<p>A  Moradia Estudantil esta localizada na <a rel=\"noreferrer noopener\" href=\"https:\/\/goo.gl\/maps\/c43UQHRkQDroTPKS6\" data-type=\"URL\" data-id=\"https:\/\/goo.gl\/maps\/c43UQHRkQDroTPKS6\" target=\"_blank\">Rua Bambuzal<\/a>, sem numero, pr\u00f3ximo a PROGRAD (Pro Reitoria de Gradua\u00e7\u00e3o).  Sua estrutura conta com espa\u00e7os coletivos com sala de estudos e inform\u00e1tica equipada com computadores, sala de TV, cozinha, lavanderia, sistema &nbsp;Wi-Fi, seguran\u00e7a e monitoramento 24 horas, al\u00e9m de acesso biom\u00e9trico dos estudantes moradores, tudo visando proporcionar qualidade de vida pessoal e acad\u00eamica durante sua perman\u00eancia.<\/p>\n\n\n\n<p><\/p>\n\n\n\n<figure class=\"wp-block-gallery has-nested-images columns-default is-cropped wp-block-gallery-1 is-layout-flex wp-block-gallery-is-layout-flex\">\n<figure class=\"wp-block-image size-large\"><img loading=\"lazy\" decoding=\"async\" width=\"1024\" height=\"768\" data-id=\"1367\" src=\"https:\/\/sites.uel.br\/sebec\/wp-content\/uploads\/2022\/04\/WhatsApp-Image-2022-04-13-at-10.56.07-1-1024x768.jpeg\" alt=\"\" class=\"wp-image-1367\" srcset=\"https:\/\/sites.uel.br\/sebec\/wp-content\/uploads\/2022\/04\/WhatsApp-Image-2022-04-13-at-10.56.07-1-1024x768.jpeg 1024w, https:\/\/sites.uel.br\/sebec\/wp-content\/uploads\/2022\/04\/WhatsApp-Image-2022-04-13-at-10.56.07-1-300x225.jpeg 300w, https:\/\/sites.uel.br\/sebec\/wp-content\/uploads\/2022\/04\/WhatsApp-Image-2022-04-13-at-10.56.07-1-768x576.jpeg 768w, https:\/\/sites.uel.br\/sebec\/wp-content\/uploads\/2022\/04\/WhatsApp-Image-2022-04-13-at-10.56.07-1.jpeg 1280w\" sizes=\"auto, (max-width: 1024px) 100vw, 1024px\" \/><\/figure>\n\n\n\n<figure class=\"wp-block-image size-large\"><img loading=\"lazy\" decoding=\"async\" width=\"1024\" height=\"768\" data-id=\"1363\" src=\"https:\/\/sites.uel.br\/sebec\/wp-content\/uploads\/2022\/04\/IMG_20200615_140023-1024x768.jpg\" alt=\"\" class=\"wp-image-1363\" srcset=\"https:\/\/sites.uel.br\/sebec\/wp-content\/uploads\/2022\/04\/IMG_20200615_140023-1024x768.jpg 1024w, https:\/\/sites.uel.br\/sebec\/wp-content\/uploads\/2022\/04\/IMG_20200615_140023-300x225.jpg 300w, https:\/\/sites.uel.br\/sebec\/wp-content\/uploads\/2022\/04\/IMG_20200615_140023-768x576.jpg 768w, https:\/\/sites.uel.br\/sebec\/wp-content\/uploads\/2022\/04\/IMG_20200615_140023-1536x1152.jpg 1536w, https:\/\/sites.uel.br\/sebec\/wp-content\/uploads\/2022\/04\/IMG_20200615_140023-2048x1536.jpg 2048w\" sizes=\"auto, (max-width: 1024px) 100vw, 1024px\" \/><\/figure>\n\n\n\n<figure class=\"wp-block-image size-large\"><img loading=\"lazy\" decoding=\"async\" width=\"1024\" height=\"768\" data-id=\"1366\" src=\"https:\/\/sites.uel.br\/sebec\/wp-content\/uploads\/2022\/04\/IMG_20200615_140640-1024x768.jpg\" alt=\"\" class=\"wp-image-1366\" srcset=\"https:\/\/sites.uel.br\/sebec\/wp-content\/uploads\/2022\/04\/IMG_20200615_140640-1024x768.jpg 1024w, https:\/\/sites.uel.br\/sebec\/wp-content\/uploads\/2022\/04\/IMG_20200615_140640-300x225.jpg 300w, https:\/\/sites.uel.br\/sebec\/wp-content\/uploads\/2022\/04\/IMG_20200615_140640-768x576.jpg 768w, https:\/\/sites.uel.br\/sebec\/wp-content\/uploads\/2022\/04\/IMG_20200615_140640-1536x1152.jpg 1536w, https:\/\/sites.uel.br\/sebec\/wp-content\/uploads\/2022\/04\/IMG_20200615_140640-2048x1536.jpg 2048w\" sizes=\"auto, (max-width: 1024px) 100vw, 1024px\" \/><\/figure>\n\n\n\n<figure class=\"wp-block-image size-large\"><img loading=\"lazy\" decoding=\"async\" width=\"1024\" height=\"768\" data-id=\"1365\" src=\"https:\/\/sites.uel.br\/sebec\/wp-content\/uploads\/2022\/04\/IMG_20200615_140717-1024x768.jpg\" alt=\"\" class=\"wp-image-1365\" srcset=\"https:\/\/sites.uel.br\/sebec\/wp-content\/uploads\/2022\/04\/IMG_20200615_140717-1024x768.jpg 1024w, https:\/\/sites.uel.br\/sebec\/wp-content\/uploads\/2022\/04\/IMG_20200615_140717-300x225.jpg 300w, https:\/\/sites.uel.br\/sebec\/wp-content\/uploads\/2022\/04\/IMG_20200615_140717-768x576.jpg 768w, https:\/\/sites.uel.br\/sebec\/wp-content\/uploads\/2022\/04\/IMG_20200615_140717-1536x1152.jpg 1536w, https:\/\/sites.uel.br\/sebec\/wp-content\/uploads\/2022\/04\/IMG_20200615_140717-2048x1536.jpg 2048w\" sizes=\"auto, (max-width: 1024px) 100vw, 1024px\" \/><\/figure>\n\n\n\n<figure class=\"wp-block-image size-large\"><img loading=\"lazy\" decoding=\"async\" width=\"1024\" height=\"768\" data-id=\"1369\" src=\"https:\/\/sites.uel.br\/sebec\/wp-content\/uploads\/2022\/04\/WhatsApp-Image-2022-04-13-at-10.56.09-1024x768.jpeg\" alt=\"\" class=\"wp-image-1369\" srcset=\"https:\/\/sites.uel.br\/sebec\/wp-content\/uploads\/2022\/04\/WhatsApp-Image-2022-04-13-at-10.56.09-1024x768.jpeg 1024w, https:\/\/sites.uel.br\/sebec\/wp-content\/uploads\/2022\/04\/WhatsApp-Image-2022-04-13-at-10.56.09-300x225.jpeg 300w, https:\/\/sites.uel.br\/sebec\/wp-content\/uploads\/2022\/04\/WhatsApp-Image-2022-04-13-at-10.56.09-768x576.jpeg 768w, https:\/\/sites.uel.br\/sebec\/wp-content\/uploads\/2022\/04\/WhatsApp-Image-2022-04-13-at-10.56.09.jpeg 1280w\" sizes=\"auto, (max-width: 1024px) 100vw, 1024px\" \/><\/figure>\n\n\n\n<figure class=\"wp-block-image size-large\"><img loading=\"lazy\" decoding=\"async\" width=\"1024\" height=\"768\" data-id=\"1362\" src=\"https:\/\/sites.uel.br\/sebec\/wp-content\/uploads\/2022\/04\/IMG_20200615_140730-1024x768.jpg\" alt=\"\" class=\"wp-image-1362\" srcset=\"https:\/\/sites.uel.br\/sebec\/wp-content\/uploads\/2022\/04\/IMG_20200615_140730-1024x768.jpg 1024w, https:\/\/sites.uel.br\/sebec\/wp-content\/uploads\/2022\/04\/IMG_20200615_140730-300x225.jpg 300w, https:\/\/sites.uel.br\/sebec\/wp-content\/uploads\/2022\/04\/IMG_20200615_140730-768x576.jpg 768w, https:\/\/sites.uel.br\/sebec\/wp-content\/uploads\/2022\/04\/IMG_20200615_140730-1536x1152.jpg 1536w, https:\/\/sites.uel.br\/sebec\/wp-content\/uploads\/2022\/04\/IMG_20200615_140730-2048x1536.jpg 2048w\" sizes=\"auto, (max-width: 1024px) 100vw, 1024px\" \/><\/figure>\n\n\n\n<figure class=\"wp-block-image size-large\"><img loading=\"lazy\" decoding=\"async\" width=\"1024\" height=\"768\" data-id=\"1368\" src=\"https:\/\/sites.uel.br\/sebec\/wp-content\/uploads\/2022\/04\/IMG_20200615_140748-1024x768.jpg\" alt=\"\" class=\"wp-image-1368\" srcset=\"https:\/\/sites.uel.br\/sebec\/wp-content\/uploads\/2022\/04\/IMG_20200615_140748-1024x768.jpg 1024w, https:\/\/sites.uel.br\/sebec\/wp-content\/uploads\/2022\/04\/IMG_20200615_140748-300x225.jpg 300w, https:\/\/sites.uel.br\/sebec\/wp-content\/uploads\/2022\/04\/IMG_20200615_140748-768x576.jpg 768w, https:\/\/sites.uel.br\/sebec\/wp-content\/uploads\/2022\/04\/IMG_20200615_140748-1536x1152.jpg 1536w, https:\/\/sites.uel.br\/sebec\/wp-content\/uploads\/2022\/04\/IMG_20200615_140748-2048x1536.jpg 2048w\" sizes=\"auto, (max-width: 1024px) 100vw, 1024px\" \/><\/figure>\n\n\n\n<figure class=\"wp-block-image size-large\"><img loading=\"lazy\" decoding=\"async\" width=\"1024\" height=\"768\" data-id=\"1373\" src=\"https:\/\/sites.uel.br\/sebec\/wp-content\/uploads\/2022\/04\/IMG_20200618_122800-1024x768.jpg\" alt=\"\" class=\"wp-image-1373\" srcset=\"https:\/\/sites.uel.br\/sebec\/wp-content\/uploads\/2022\/04\/IMG_20200618_122800-1024x768.jpg 1024w, https:\/\/sites.uel.br\/sebec\/wp-content\/uploads\/2022\/04\/IMG_20200618_122800-300x225.jpg 300w, https:\/\/sites.uel.br\/sebec\/wp-content\/uploads\/2022\/04\/IMG_20200618_122800-768x576.jpg 768w, https:\/\/sites.uel.br\/sebec\/wp-content\/uploads\/2022\/04\/IMG_20200618_122800-1536x1152.jpg 1536w, https:\/\/sites.uel.br\/sebec\/wp-content\/uploads\/2022\/04\/IMG_20200618_122800-2048x1536.jpg 2048w\" sizes=\"auto, (max-width: 1024px) 100vw, 1024px\" \/><\/figure>\n\n\n\n<figure class=\"wp-block-image size-large\"><img loading=\"lazy\" decoding=\"async\" width=\"1024\" height=\"768\" data-id=\"1385\" src=\"https:\/\/sites.uel.br\/sebec\/wp-content\/uploads\/2022\/04\/WhatsApp-Image-2022-04-13-at-10.56.09-3-1024x768.jpeg\" alt=\"\" class=\"wp-image-1385\" srcset=\"https:\/\/sites.uel.br\/sebec\/wp-content\/uploads\/2022\/04\/WhatsApp-Image-2022-04-13-at-10.56.09-3-1024x768.jpeg 1024w, https:\/\/sites.uel.br\/sebec\/wp-content\/uploads\/2022\/04\/WhatsApp-Image-2022-04-13-at-10.56.09-3-300x225.jpeg 300w, https:\/\/sites.uel.br\/sebec\/wp-content\/uploads\/2022\/04\/WhatsApp-Image-2022-04-13-at-10.56.09-3-768x576.jpeg 768w, https:\/\/sites.uel.br\/sebec\/wp-content\/uploads\/2022\/04\/WhatsApp-Image-2022-04-13-at-10.56.09-3.jpeg 1280w\" sizes=\"auto, (max-width: 1024px) 100vw, 1024px\" \/><\/figure>\n\n\n\n<figure class=\"wp-block-image size-large\"><img loading=\"lazy\" decoding=\"async\" width=\"1024\" height=\"768\" data-id=\"1370\" src=\"https:\/\/sites.uel.br\/sebec\/wp-content\/uploads\/2022\/04\/WhatsApp-Image-2022-04-13-at-10.56.08-1024x768.jpeg\" alt=\"\" class=\"wp-image-1370\" srcset=\"https:\/\/sites.uel.br\/sebec\/wp-content\/uploads\/2022\/04\/WhatsApp-Image-2022-04-13-at-10.56.08-1024x768.jpeg 1024w, https:\/\/sites.uel.br\/sebec\/wp-content\/uploads\/2022\/04\/WhatsApp-Image-2022-04-13-at-10.56.08-300x225.jpeg 300w, https:\/\/sites.uel.br\/sebec\/wp-content\/uploads\/2022\/04\/WhatsApp-Image-2022-04-13-at-10.56.08-768x576.jpeg 768w, https:\/\/sites.uel.br\/sebec\/wp-content\/uploads\/2022\/04\/WhatsApp-Image-2022-04-13-at-10.56.08.jpeg 1280w\" sizes=\"auto, (max-width: 1024px) 100vw, 1024px\" \/><\/figure>\n\n\n\n<figure class=\"wp-block-image size-large\"><img loading=\"lazy\" decoding=\"async\" width=\"1024\" height=\"768\" data-id=\"1371\" src=\"https:\/\/sites.uel.br\/sebec\/wp-content\/uploads\/2022\/04\/WhatsApp-Image-2022-04-13-at-10.56.10-1-1024x768.jpeg\" alt=\"\" class=\"wp-image-1371\" srcset=\"https:\/\/sites.uel.br\/sebec\/wp-content\/uploads\/2022\/04\/WhatsApp-Image-2022-04-13-at-10.56.10-1-1024x768.jpeg 1024w, https:\/\/sites.uel.br\/sebec\/wp-content\/uploads\/2022\/04\/WhatsApp-Image-2022-04-13-at-10.56.10-1-300x225.jpeg 300w, https:\/\/sites.uel.br\/sebec\/wp-content\/uploads\/2022\/04\/WhatsApp-Image-2022-04-13-at-10.56.10-1-768x576.jpeg 768w, https:\/\/sites.uel.br\/sebec\/wp-content\/uploads\/2022\/04\/WhatsApp-Image-2022-04-13-at-10.56.10-1.jpeg 1280w\" sizes=\"auto, (max-width: 1024px) 100vw, 1024px\" \/><\/figure>\n\n\n\n<figure class=\"wp-block-image size-large\"><img loading=\"lazy\" decoding=\"async\" width=\"1024\" height=\"768\" data-id=\"1372\" src=\"https:\/\/sites.uel.br\/sebec\/wp-content\/uploads\/2022\/04\/WhatsApp-Image-2022-04-13-at-10.56.10-1024x768.jpeg\" alt=\"\" class=\"wp-image-1372\" srcset=\"https:\/\/sites.uel.br\/sebec\/wp-content\/uploads\/2022\/04\/WhatsApp-Image-2022-04-13-at-10.56.10-1024x768.jpeg 1024w, https:\/\/sites.uel.br\/sebec\/wp-content\/uploads\/2022\/04\/WhatsApp-Image-2022-04-13-at-10.56.10-300x225.jpeg 300w, https:\/\/sites.uel.br\/sebec\/wp-content\/uploads\/2022\/04\/WhatsApp-Image-2022-04-13-at-10.56.10-768x576.jpeg 768w, https:\/\/sites.uel.br\/sebec\/wp-content\/uploads\/2022\/04\/WhatsApp-Image-2022-04-13-at-10.56.10.jpeg 1280w\" sizes=\"auto, (max-width: 1024px) 100vw, 1024px\" \/><\/figure>\n\n\n\n<figure class=\"wp-block-image size-large\"><img loading=\"lazy\" decoding=\"async\" width=\"1024\" height=\"768\" data-id=\"1376\" src=\"https:\/\/sites.uel.br\/sebec\/wp-content\/uploads\/2022\/04\/WhatsApp-Image-2022-04-13-at-10.56.15-1-1024x768.jpeg\" alt=\"\" class=\"wp-image-1376\" srcset=\"https:\/\/sites.uel.br\/sebec\/wp-content\/uploads\/2022\/04\/WhatsApp-Image-2022-04-13-at-10.56.15-1-1024x768.jpeg 1024w, https:\/\/sites.uel.br\/sebec\/wp-content\/uploads\/2022\/04\/WhatsApp-Image-2022-04-13-at-10.56.15-1-300x225.jpeg 300w, https:\/\/sites.uel.br\/sebec\/wp-content\/uploads\/2022\/04\/WhatsApp-Image-2022-04-13-at-10.56.15-1-768x576.jpeg 768w, https:\/\/sites.uel.br\/sebec\/wp-content\/uploads\/2022\/04\/WhatsApp-Image-2022-04-13-at-10.56.15-1.jpeg 1280w\" sizes=\"auto, (max-width: 1024px) 100vw, 1024px\" \/><\/figure>\n\n\n\n<figure class=\"wp-block-image size-large\"><img loading=\"lazy\" decoding=\"async\" width=\"1024\" height=\"768\" data-id=\"1379\" src=\"https:\/\/sites.uel.br\/sebec\/wp-content\/uploads\/2022\/04\/WhatsApp-Image-2022-04-13-at-10.56.27-1024x768.jpeg\" alt=\"\" class=\"wp-image-1379\" srcset=\"https:\/\/sites.uel.br\/sebec\/wp-content\/uploads\/2022\/04\/WhatsApp-Image-2022-04-13-at-10.56.27-1024x768.jpeg 1024w, https:\/\/sites.uel.br\/sebec\/wp-content\/uploads\/2022\/04\/WhatsApp-Image-2022-04-13-at-10.56.27-300x225.jpeg 300w, https:\/\/sites.uel.br\/sebec\/wp-content\/uploads\/2022\/04\/WhatsApp-Image-2022-04-13-at-10.56.27-768x576.jpeg 768w, https:\/\/sites.uel.br\/sebec\/wp-content\/uploads\/2022\/04\/WhatsApp-Image-2022-04-13-at-10.56.27.jpeg 1280w\" sizes=\"auto, (max-width: 1024px) 100vw, 1024px\" \/><\/figure>\n\n\n\n<figure class=\"wp-block-image size-large\"><img loading=\"lazy\" decoding=\"async\" width=\"1024\" height=\"768\" data-id=\"1375\" src=\"https:\/\/sites.uel.br\/sebec\/wp-content\/uploads\/2022\/04\/WhatsApp-Image-2022-04-13-at-10.56.14-1024x768.jpeg\" alt=\"\" class=\"wp-image-1375\" srcset=\"https:\/\/sites.uel.br\/sebec\/wp-content\/uploads\/2022\/04\/WhatsApp-Image-2022-04-13-at-10.56.14-1024x768.jpeg 1024w, https:\/\/sites.uel.br\/sebec\/wp-content\/uploads\/2022\/04\/WhatsApp-Image-2022-04-13-at-10.56.14-300x225.jpeg 300w, https:\/\/sites.uel.br\/sebec\/wp-content\/uploads\/2022\/04\/WhatsApp-Image-2022-04-13-at-10.56.14-768x576.jpeg 768w, https:\/\/sites.uel.br\/sebec\/wp-content\/uploads\/2022\/04\/WhatsApp-Image-2022-04-13-at-10.56.14.jpeg 1280w\" sizes=\"auto, (max-width: 1024px) 100vw, 1024px\" \/><\/figure>\n\n\n\n<figure class=\"wp-block-image size-large\"><img loading=\"lazy\" decoding=\"async\" width=\"1024\" height=\"768\" data-id=\"1378\" src=\"https:\/\/sites.uel.br\/sebec\/wp-content\/uploads\/2022\/04\/IMG_20200615_140836-1024x768.jpg\" alt=\"\" class=\"wp-image-1378\" srcset=\"https:\/\/sites.uel.br\/sebec\/wp-content\/uploads\/2022\/04\/IMG_20200615_140836-1024x768.jpg 1024w, https:\/\/sites.uel.br\/sebec\/wp-content\/uploads\/2022\/04\/IMG_20200615_140836-300x225.jpg 300w, https:\/\/sites.uel.br\/sebec\/wp-content\/uploads\/2022\/04\/IMG_20200615_140836-768x576.jpg 768w, https:\/\/sites.uel.br\/sebec\/wp-content\/uploads\/2022\/04\/IMG_20200615_140836-1536x1152.jpg 1536w, https:\/\/sites.uel.br\/sebec\/wp-content\/uploads\/2022\/04\/IMG_20200615_140836-2048x1536.jpg 2048w\" sizes=\"auto, (max-width: 1024px) 100vw, 1024px\" \/><\/figure>\n\n\n\n<figure class=\"wp-block-image size-large\"><img loading=\"lazy\" decoding=\"async\" width=\"1280\" height=\"959\" data-id=\"1384\" src=\"https:\/\/sites.uel.br\/sebec\/wp-content\/uploads\/2022\/04\/WhatsApp-Image-2022-04-13-at-10.56.11-edited.jpeg\" alt=\"\" class=\"wp-image-1384\" srcset=\"https:\/\/sites.uel.br\/sebec\/wp-content\/uploads\/2022\/04\/WhatsApp-Image-2022-04-13-at-10.56.11-edited.jpeg 1280w, https:\/\/sites.uel.br\/sebec\/wp-content\/uploads\/2022\/04\/WhatsApp-Image-2022-04-13-at-10.56.11-edited-300x225.jpeg 300w, https:\/\/sites.uel.br\/sebec\/wp-content\/uploads\/2022\/04\/WhatsApp-Image-2022-04-13-at-10.56.11-edited-1024x767.jpeg 1024w, https:\/\/sites.uel.br\/sebec\/wp-content\/uploads\/2022\/04\/WhatsApp-Image-2022-04-13-at-10.56.11-edited-768x575.jpeg 768w\" sizes=\"auto, (max-width: 1280px) 100vw, 1280px\" \/><\/figure>\n<\/figure>\n\n\n\n<p><\/p>\n","protected":false},"excerpt":{"rendered":"<p>A Moradia Estudantil da UEL \u00e9 uma unidade administrativa classificada como equipamento social, com a finalidade prim\u00e1ria de abrigar em espa\u00e7o f\u00edsico espec\u00edfico estudantes da UEL contemplados por meio de sele\u00e7\u00e3o socioecon\u00f4mica realizada pelo SEBEC, no sentido de oportunizar condi\u00e7\u00f5es de alojamento e espa\u00e7o de estudo dentro do campus universit\u00e1rio, atendendo a premissa de atendimento [&hellip;]<\/p>\n","protected":false},"author":1,"featured_media":0,"parent":0,"menu_order":0,"comment_status":"closed","ping_status":"closed","template":"","meta":{"_acf_changed":false,"footnotes":""},"class_list":["post-632","page","type-page","status-publish","hentry"],"acf":[],"_links":{"self":[{"href":"https:\/\/sites.uel.br\/sebec\/wp-json\/wp\/v2\/pages\/632","targetHints":{"allow":["GET"]}}],"collection":[{"href":"https:\/\/sites.uel.br\/sebec\/wp-json\/wp\/v2\/pages"}],"about":[{"href":"https:\/\/sites.uel.br\/sebec\/wp-json\/wp\/v2\/types\/page"}],"author":[{"embeddable":true,"href":"https:\/\/sites.uel.br\/sebec\/wp-json\/wp\/v2\/users\/1"}],"replies":[{"embeddable":true,"href":"https:\/\/sites.uel.br\/sebec\/wp-json\/wp\/v2\/comments?post=632"}],"version-history":[{"count":8,"href":"https:\/\/sites.uel.br\/sebec\/wp-json\/wp\/v2\/pages\/632\/revisions"}],"predecessor-version":[{"id":1450,"href":"https:\/\/sites.uel.br\/sebec\/wp-json\/wp\/v2\/pages\/632\/revisions\/1450"}],"wp:attachment":[{"href":"https:\/\/sites.uel.br\/sebec\/wp-json\/wp\/v2\/media?parent=632"}],"curies":[{"name":"wp","href":"https:\/\/api.w.org\/{rel}","templated":true}]}}