{"id":562,"date":"2022-03-25T14:52:06","date_gmt":"2022-03-25T17:52:06","guid":{"rendered":"https:\/\/sites.uel.br\/sebec\/?page_id=562"},"modified":"2025-02-05T11:22:20","modified_gmt":"2025-02-05T14:22:20","slug":"processo-unificado-de-selecao-socioeconomica","status":"publish","type":"page","link":"https:\/\/sites.uel.br\/sebec\/processo-unificado-de-selecao-socioeconomica\/","title":{"rendered":"Processo Unificado de Sele\u00e7\u00e3o Socioecon\u00f4mica"},"content":{"rendered":"\n<p><\/p>\n\n\n\n<p>O Processo Unificado de Sele\u00e7\u00e3o Socioecon\u00f4mica para os programas de perman\u00eancia estudantil dispon\u00edveis no SEBEC, destina-se aos estudantes regularmente matriculados na institui\u00e7\u00e3o com o objetivo de minimizar as desigualdades existentes, viabilizando recursos m\u00ednimos necess\u00e1rios para o acesso, perman\u00eancia e forma\u00e7\u00e3o com qualidade dessa popula\u00e7\u00e3o em situa\u00e7\u00e3o de vulnerabilidade socioecon\u00f4mica na UEL.<\/p>\n\n\n\n<p><\/p>\n\n\n\n<p><\/p>\n\n\n\n<ul class=\"wp-block-list\">\n<li><a href=\"https:\/\/sites.uel.br\/sebec\/noticias\/2024\/06\/24\/processo-unificado-de-selecao-socioeconomica-2024\/\" target=\"_blank\" rel=\"noreferrer noopener\">Processo Unificado de Sele\u00e7\u00e3o Socioecon\u00f4mica 2024<\/a><\/li>\n\n\n\n<li><a href=\"https:\/\/sites.uel.br\/sebec\/noticias\/2023\/08\/17\/processo-unificado-de-selecao-socioeconomica\/\" target=\"_blank\" rel=\"noreferrer noopener\">Processo Unificado de Sele\u00e7\u00e3o Socioecon\u00f4mica 2023\/2<\/a><\/li>\n\n\n\n<li><a rel=\"noreferrer noopener\" href=\"https:\/\/sites.uel.br\/sebec\/sem-categoria\/2023\/03\/07\/2816\/\" target=\"_blank\">Processo Unificado de Sele\u00e7\u00e3o Socioecon\u00f4mica 2023<\/a><\/li>\n\n\n\n<li><a href=\"https:\/\/sites.uel.br\/sebec\/?page_id=566\" data-type=\"URL\" data-id=\"https:\/\/sites.uel.br\/sebec\/?page_id=566\">Processo Unificado de Sele\u00e7\u00e3o Socioecon\u00f4mica 2022<\/a><\/li>\n\n\n\n<li><a href=\"https:\/\/sites.uel.br\/sebec\/?page_id=674\" data-type=\"URL\" data-id=\"https:\/\/sites.uel.br\/sebec\/?page_id=674\">Processo Unificado de Sele\u00e7\u00e3o Socioecon\u00f4mica 2020<\/a><\/li>\n<\/ul>\n","protected":false},"excerpt":{"rendered":"<p>O Processo Unificado de Sele\u00e7\u00e3o Socioecon\u00f4mica para os programas de perman\u00eancia estudantil dispon\u00edveis no SEBEC, destina-se aos estudantes regularmente matriculados na institui\u00e7\u00e3o com o objetivo de minimizar as desigualdades existentes, viabilizando recursos m\u00ednimos necess\u00e1rios para o acesso, perman\u00eancia e forma\u00e7\u00e3o com qualidade dessa popula\u00e7\u00e3o em situa\u00e7\u00e3o de vulnerabilidade socioecon\u00f4mica na UEL.<\/p>\n","protected":false},"author":1,"featured_media":0,"parent":0,"menu_order":0,"comment_status":"closed","ping_status":"closed","template":"","meta":{"_acf_changed":false,"footnotes":""},"class_list":["post-562","page","type-page","status-publish","hentry"],"acf":[],"_links":{"self":[{"href":"https:\/\/sites.uel.br\/sebec\/wp-json\/wp\/v2\/pages\/562","targetHints":{"allow":["GET"]}}],"collection":[{"href":"https:\/\/sites.uel.br\/sebec\/wp-json\/wp\/v2\/pages"}],"about":[{"href":"https:\/\/sites.uel.br\/sebec\/wp-json\/wp\/v2\/types\/page"}],"author":[{"embeddable":true,"href":"https:\/\/sites.uel.br\/sebec\/wp-json\/wp\/v2\/users\/1"}],"replies":[{"embeddable":true,"href":"https:\/\/sites.uel.br\/sebec\/wp-json\/wp\/v2\/comments?post=562"}],"version-history":[{"count":12,"href":"https:\/\/sites.uel.br\/sebec\/wp-json\/wp\/v2\/pages\/562\/revisions"}],"predecessor-version":[{"id":4368,"href":"https:\/\/sites.uel.br\/sebec\/wp-json\/wp\/v2\/pages\/562\/revisions\/4368"}],"wp:attachment":[{"href":"https:\/\/sites.uel.br\/sebec\/wp-json\/wp\/v2\/media?parent=562"}],"curies":[{"name":"wp","href":"https:\/\/api.w.org\/{rel}","templated":true}]}}