{"id":535,"date":"2022-03-25T11:54:12","date_gmt":"2022-03-25T14:54:12","guid":{"rendered":"https:\/\/sites.uel.br\/sebec\/?page_id=535"},"modified":"2023-07-17T15:21:57","modified_gmt":"2023-07-17T18:21:57","slug":"em-breve","status":"publish","type":"page","link":"https:\/\/sites.uel.br\/sebec\/em-breve\/","title":{"rendered":"Participa\u00e7\u00e3o em Conselhos e Comiss\u00f5es"},"content":{"rendered":"\n<p><\/p>\n\n\n\n<p>Os profissionais do Servi\u00e7o Social do SEBEC participam de forma ativa nos seguintes Conselhos e Comiss\u00f5es da UEL, do Munic\u00edpio e do Estado, referentes \u00e0 Pol\u00edtica P\u00fablicas:<\/p>\n\n\n\n<ul class=\"wp-block-list\">\n<li>Comiss\u00e3o de Homologa\u00e7\u00e3o das inscri\u00e7\u00f5es para os processos seletivos da P\u00f3s-Gradua\u00e7\u00e3o Stricto Sensu da UEL, reserva de vagas para pessoas com defici\u00eancia;<\/li>\n\n\n\n<li>Conselho Escolar do Centro de Educa\u00e7\u00e3o Infantil \u2013 Campus;<\/li>\n\n\n\n<li>ACIDUEL \u2013 Associa\u00e7\u00e3o de A\u00e7\u00e3o e Cidadania da Universidade Estadual de Londrina;<\/li>\n\n\n\n<li>Comiss\u00e3o Universidade para os Ind\u00edgenas \u2013 CUIA Local.<\/li>\n<\/ul>\n","protected":false},"excerpt":{"rendered":"<p>Os profissionais do Servi\u00e7o Social do SEBEC participam de forma ativa nos seguintes Conselhos e Comiss\u00f5es da UEL, do Munic\u00edpio e do Estado, referentes \u00e0 Pol\u00edtica P\u00fablicas:<\/p>\n","protected":false},"author":1,"featured_media":0,"parent":0,"menu_order":0,"comment_status":"closed","ping_status":"closed","template":"","meta":{"_acf_changed":false,"footnotes":""},"class_list":["post-535","page","type-page","status-publish","hentry"],"acf":[],"_links":{"self":[{"href":"https:\/\/sites.uel.br\/sebec\/wp-json\/wp\/v2\/pages\/535","targetHints":{"allow":["GET"]}}],"collection":[{"href":"https:\/\/sites.uel.br\/sebec\/wp-json\/wp\/v2\/pages"}],"about":[{"href":"https:\/\/sites.uel.br\/sebec\/wp-json\/wp\/v2\/types\/page"}],"author":[{"embeddable":true,"href":"https:\/\/sites.uel.br\/sebec\/wp-json\/wp\/v2\/users\/1"}],"replies":[{"embeddable":true,"href":"https:\/\/sites.uel.br\/sebec\/wp-json\/wp\/v2\/comments?post=535"}],"version-history":[{"count":15,"href":"https:\/\/sites.uel.br\/sebec\/wp-json\/wp\/v2\/pages\/535\/revisions"}],"predecessor-version":[{"id":3142,"href":"https:\/\/sites.uel.br\/sebec\/wp-json\/wp\/v2\/pages\/535\/revisions\/3142"}],"wp:attachment":[{"href":"https:\/\/sites.uel.br\/sebec\/wp-json\/wp\/v2\/media?parent=535"}],"curies":[{"name":"wp","href":"https:\/\/api.w.org\/{rel}","templated":true}]}}