{"id":519,"date":"2022-03-24T16:57:20","date_gmt":"2022-03-24T19:57:20","guid":{"rendered":"https:\/\/sites.uel.br\/sebec\/?page_id=519"},"modified":"2025-02-21T09:33:08","modified_gmt":"2025-02-21T12:33:08","slug":"agendamentos","status":"publish","type":"page","link":"https:\/\/sites.uel.br\/sebec\/agendamentos\/","title":{"rendered":"Agendamentos"},"content":{"rendered":"\n<p><\/p>\n\n\n\n<p>A Divis\u00e3o de Apoio Administrativo realiza os agendamentos para o atendimento com os profissionais de servi\u00e7o social e de psicologia do SEBEC.<\/p>\n\n\n\n<p><\/p>\n\n\n\n<p class=\"has-verde-escuro-color has-text-color\"><strong>Agendamentos com o Servi\u00e7o Social<\/strong> <strong>&#8211; Divis\u00e3o de Servi\u00e7o Social e Sa\u00fade Mental<\/strong><\/p>\n\n\n\n<p>Ligar no ramal (43) 3371-4452 ou comparecer de forma presencial na secretaria do SEBEC no Campus. <\/p>\n\n\n\n<p>Para o agendamento com o Servi\u00e7o Social do SEBEC no HU, ligar no ramal (43) 3371-2377 ou comparecer de forma presencial na sala do Servi\u00e7o Social.<\/p>\n\n\n\n<p><\/p>\n\n\n\n<p><\/p>\n\n\n\n<p class=\"has-verde-escuro-color has-text-color\"><strong>Agendamento com a  Psicologia &#8211; Divis\u00e3o de Servi\u00e7o Social e Sa\u00fade Mental<\/strong><\/p>\n\n\n\n<p><\/p>\n\n\n\n<p>Para que os t\u00e9cnicos, docentes ou estudantes da UEL possam realizar o agendamento com a Psicologia, devem ligar no ramal (43) 3371-4452 ou comparecerem na secretaria do SEBEC do Campus, com n\u00famero de matr\u00edcula ou chapa funcional. A agenda para o acolhimento inicial disponibiliza vagas mensais de primeiras consultas sempre a partir do \u00faltimo dia do m\u00eas atual para agendamentos no m\u00eas seguinte.<\/p>\n\n\n\n<p><\/p>\n\n\n\n<p><\/p>\n","protected":false},"excerpt":{"rendered":"<p>A Divis\u00e3o de Apoio Administrativo realiza os agendamentos para o atendimento com os profissionais de servi\u00e7o social e de psicologia do SEBEC. Agendamentos com o Servi\u00e7o Social &#8211; Divis\u00e3o de Servi\u00e7o Social e Sa\u00fade Mental Ligar no ramal (43) 3371-4452 ou comparecer de forma presencial na secretaria do SEBEC no Campus. Para o agendamento com [&hellip;]<\/p>\n","protected":false},"author":1,"featured_media":0,"parent":0,"menu_order":0,"comment_status":"closed","ping_status":"closed","template":"","meta":{"_acf_changed":false,"footnotes":""},"class_list":["post-519","page","type-page","status-publish","hentry"],"acf":[],"_links":{"self":[{"href":"https:\/\/sites.uel.br\/sebec\/wp-json\/wp\/v2\/pages\/519","targetHints":{"allow":["GET"]}}],"collection":[{"href":"https:\/\/sites.uel.br\/sebec\/wp-json\/wp\/v2\/pages"}],"about":[{"href":"https:\/\/sites.uel.br\/sebec\/wp-json\/wp\/v2\/types\/page"}],"author":[{"embeddable":true,"href":"https:\/\/sites.uel.br\/sebec\/wp-json\/wp\/v2\/users\/1"}],"replies":[{"embeddable":true,"href":"https:\/\/sites.uel.br\/sebec\/wp-json\/wp\/v2\/comments?post=519"}],"version-history":[{"count":16,"href":"https:\/\/sites.uel.br\/sebec\/wp-json\/wp\/v2\/pages\/519\/revisions"}],"predecessor-version":[{"id":4395,"href":"https:\/\/sites.uel.br\/sebec\/wp-json\/wp\/v2\/pages\/519\/revisions\/4395"}],"wp:attachment":[{"href":"https:\/\/sites.uel.br\/sebec\/wp-json\/wp\/v2\/media?parent=519"}],"curies":[{"name":"wp","href":"https:\/\/api.w.org\/{rel}","templated":true}]}}