{"id":504,"date":"2022-03-24T14:27:49","date_gmt":"2022-03-24T17:27:49","guid":{"rendered":"https:\/\/sites.uel.br\/sebec\/?page_id=504"},"modified":"2023-12-12T09:34:06","modified_gmt":"2023-12-12T12:34:06","slug":"selecoes-socioeconomicas","status":"publish","type":"page","link":"https:\/\/sites.uel.br\/sebec\/selecoes-socioeconomicas\/","title":{"rendered":"Sele\u00e7\u00f5es Socioecon\u00f4micas"},"content":{"rendered":"\n<p><\/p>\n\n\n\n<p>As Sele\u00e7\u00f5es Socioecon\u00f4micas s\u00e3o realizadas pelo Servi\u00e7o Social e pela Divis\u00e3o de Apoio Administrativo do SEBEC por meio de processos seletivos. Essas sele\u00e7\u00f5es buscam garantir a perman\u00eancia estudantil dos estudantes da UEL e comunidade externa.<\/p>\n\n\n\n<p>As sele\u00e7\u00f5es s\u00e3o sazonais e cada uma possui sua especificidade, edital, formul\u00e1rio e documenta\u00e7\u00e3o pr\u00f3pria.<\/p>\n\n\n\n<p><\/p>\n\n\n\n<p class=\"has-verde-escuro-color has-text-color\"><strong>Sele\u00e7\u00f5es Socioecon\u00f4micas realizadas pelo SEBEC:<\/strong><\/p>\n\n\n\n<p><\/p>\n\n\n\n<ul class=\"wp-block-list\">\n<li><a href=\"https:\/\/sites.uel.br\/sebec\/?page_id=898\">Bolsa Funda\u00e7\u00e3o Arauc\u00e1ria<\/a><\/li>\n\n\n\n<li><a href=\"https:\/\/sites.uel.br\/sebec\/selecao-para-vaga-no-centro-de-educacao-infantil-do-colegio-de-aplicacao\/\" target=\"_blank\" rel=\"noreferrer noopener\">Centro de Educa\u00e7\u00e3o Infantil do Col\u00e9gio Aplica\u00e7\u00e3o<\/a><\/li>\n\n\n\n<li><a href=\"https:\/\/sites.uel.br\/sebec\/?page_id=541\" data-type=\"URL\" data-id=\"https:\/\/sites.uel.br\/sebec\/?page_id=541\">Curso Especial Pr\u00e9-Vestibular<\/a><\/li>\n\n\n\n<li><a href=\"https:\/\/sites.uel.br\/sebec\/?page_id=912\">Isen\u00e7\u00e3o da Taxa do Vestibular<\/a><\/li>\n\n\n\n<li><a href=\"https:\/\/sites.uel.br\/sebec\/processo-de-selecao-para-programa-de-formacao-de-estudante-empreendedor-a-pfee\/\" target=\"_blank\" rel=\"noreferrer noopener\">Processo de Sele\u00e7\u00e3o para Programa de Forma\u00e7\u00e3o de Estudante Empreendedor\/a (PFEE)<\/a><\/li>\n\n\n\n<li><a href=\"https:\/\/sites.uel.br\/sebec\/?page_id=562\" data-type=\"URL\" data-id=\"https:\/\/sites.uel.br\/sebec\/?page_id=562\">Processo Unificado<\/a> (Programas: Bolsa Perman\u00eancia, Subs\u00eddio Ampliado do RU, Vagas na Moradia Estudantil, Empr\u00e9stimo Instrumental Odontol\u00f3gico)<\/li>\n<\/ul>\n\n\n\n<p><\/p>\n","protected":false},"excerpt":{"rendered":"<p>As Sele\u00e7\u00f5es Socioecon\u00f4micas s\u00e3o realizadas pelo Servi\u00e7o Social e pela Divis\u00e3o de Apoio Administrativo do SEBEC por meio de processos seletivos. Essas sele\u00e7\u00f5es buscam garantir a perman\u00eancia estudantil dos estudantes da UEL e comunidade externa. As sele\u00e7\u00f5es s\u00e3o sazonais e cada uma possui sua especificidade, edital, formul\u00e1rio e documenta\u00e7\u00e3o pr\u00f3pria. Sele\u00e7\u00f5es Socioecon\u00f4micas realizadas pelo SEBEC:<\/p>\n","protected":false},"author":1,"featured_media":0,"parent":0,"menu_order":0,"comment_status":"closed","ping_status":"closed","template":"","meta":{"_acf_changed":false,"footnotes":""},"class_list":["post-504","page","type-page","status-publish","hentry"],"acf":[],"_links":{"self":[{"href":"https:\/\/sites.uel.br\/sebec\/wp-json\/wp\/v2\/pages\/504","targetHints":{"allow":["GET"]}}],"collection":[{"href":"https:\/\/sites.uel.br\/sebec\/wp-json\/wp\/v2\/pages"}],"about":[{"href":"https:\/\/sites.uel.br\/sebec\/wp-json\/wp\/v2\/types\/page"}],"author":[{"embeddable":true,"href":"https:\/\/sites.uel.br\/sebec\/wp-json\/wp\/v2\/users\/1"}],"replies":[{"embeddable":true,"href":"https:\/\/sites.uel.br\/sebec\/wp-json\/wp\/v2\/comments?post=504"}],"version-history":[{"count":48,"href":"https:\/\/sites.uel.br\/sebec\/wp-json\/wp\/v2\/pages\/504\/revisions"}],"predecessor-version":[{"id":3557,"href":"https:\/\/sites.uel.br\/sebec\/wp-json\/wp\/v2\/pages\/504\/revisions\/3557"}],"wp:attachment":[{"href":"https:\/\/sites.uel.br\/sebec\/wp-json\/wp\/v2\/media?parent=504"}],"curies":[{"name":"wp","href":"https:\/\/api.w.org\/{rel}","templated":true}]}}