{"id":470,"date":"2022-03-24T13:10:05","date_gmt":"2022-03-24T16:10:05","guid":{"rendered":"https:\/\/sites.uel.br\/sebec\/?page_id=470"},"modified":"2023-07-17T15:59:52","modified_gmt":"2023-07-17T18:59:52","slug":"sobre-a-secao-de-saude-mental","status":"publish","type":"page","link":"https:\/\/sites.uel.br\/sebec\/sobre-a-secao-de-saude-mental\/","title":{"rendered":"Sobre a Divis\u00e3o de Servi\u00e7o Social e Sa\u00fade Mental"},"content":{"rendered":"\n<p><\/p>\n\n\n\n<p>A Divis\u00e3o de Servi\u00e7o Social e Sa\u00fade Mental tem como objetivo principal promover, em conjunto com demais \u00f3rg\u00e3os da Universidade Estadual de Londrina, Pol\u00edticas Institucionais em Direitos Humanos, Assist\u00eancia Social, Aten\u00e7\u00e3o Psicossocial, Sa\u00fade, Recursos Humanos e Educa\u00e7\u00e3o, com foco em A\u00e7\u00f5es Afirmativas, Perman\u00eancia Estudantil, Sa\u00fade do Trabalhador e Bem-Estar da Comunidade Universit\u00e1ria.<\/p>\n\n\n\n<p>Sua atua\u00e7\u00e3o abrange a promo\u00e7\u00e3o de Pol\u00edticas Sociais e  de Sa\u00fade Mental para trabalhadoras (es) e estudantes da UEL, com organiza\u00e7\u00e3o de atendimentos sociais e psicossociais para estas popula\u00e7\u00f5es, realizados pelas \u00e1reas de Psicologia e de Servi\u00e7o Social.<\/p>\n\n\n\n<p>Cabe \u00e0 Divis\u00e3o de Servi\u00e7o Social e Sa\u00fade Mental realizar assessoria \u00e0 administra\u00e7\u00e3o da UEL em quest\u00f5es sociais, de sa\u00fade mental, sa\u00fade do trabalhador (a), de enfrentamento \u00e0s viol\u00eancias \u00e9tnico-raciais, sexuais e de g\u00eanero, entre outras vulnerabilidades sociais, al\u00e9m de organizar eventos e interven\u00e7\u00f5es coletivas em sa\u00fade mental e direitos humanos.<\/p>\n\n\n\n<p class=\"has-verde-escuro-color has-text-color\"><strong>Se\u00e7\u00e3o de Avalia\u00e7\u00e3o Socioecon\u00f4mica<\/strong><\/p>\n\n\n\n<p>Esta Se\u00e7\u00e3o realiza as sele\u00e7\u00f5es socioecon\u00f4micas de modo a atender demandas da comunidade interna e externa da UEL e de propostas internas do SEBEC, sendo respons\u00e1vel por todos os n\u00edveis de planejamento e organiza\u00e7\u00e3o das referidas sele\u00e7\u00f5es. Os assistentes sociais comp\u00f5em esta Se\u00e7\u00e3o por ser uma atribui\u00e7\u00e3o privativa do Servi\u00e7o Social.<\/p>\n\n\n\n<p><\/p>\n","protected":false},"excerpt":{"rendered":"<p>A Divis\u00e3o de Servi\u00e7o Social e Sa\u00fade Mental tem como objetivo principal promover, em conjunto com demais \u00f3rg\u00e3os da Universidade Estadual de Londrina, Pol\u00edticas Institucionais em Direitos Humanos, Assist\u00eancia Social, Aten\u00e7\u00e3o Psicossocial, Sa\u00fade, Recursos Humanos e Educa\u00e7\u00e3o, com foco em A\u00e7\u00f5es Afirmativas, Perman\u00eancia Estudantil, Sa\u00fade do Trabalhador e Bem-Estar da Comunidade Universit\u00e1ria. Sua atua\u00e7\u00e3o abrange [&hellip;]<\/p>\n","protected":false},"author":1,"featured_media":0,"parent":0,"menu_order":0,"comment_status":"closed","ping_status":"closed","template":"","meta":{"_acf_changed":false,"footnotes":""},"class_list":["post-470","page","type-page","status-publish","hentry"],"acf":[],"_links":{"self":[{"href":"https:\/\/sites.uel.br\/sebec\/wp-json\/wp\/v2\/pages\/470","targetHints":{"allow":["GET"]}}],"collection":[{"href":"https:\/\/sites.uel.br\/sebec\/wp-json\/wp\/v2\/pages"}],"about":[{"href":"https:\/\/sites.uel.br\/sebec\/wp-json\/wp\/v2\/types\/page"}],"author":[{"embeddable":true,"href":"https:\/\/sites.uel.br\/sebec\/wp-json\/wp\/v2\/users\/1"}],"replies":[{"embeddable":true,"href":"https:\/\/sites.uel.br\/sebec\/wp-json\/wp\/v2\/comments?post=470"}],"version-history":[{"count":13,"href":"https:\/\/sites.uel.br\/sebec\/wp-json\/wp\/v2\/pages\/470\/revisions"}],"predecessor-version":[{"id":3149,"href":"https:\/\/sites.uel.br\/sebec\/wp-json\/wp\/v2\/pages\/470\/revisions\/3149"}],"wp:attachment":[{"href":"https:\/\/sites.uel.br\/sebec\/wp-json\/wp\/v2\/media?parent=470"}],"curies":[{"name":"wp","href":"https:\/\/api.w.org\/{rel}","templated":true}]}}