{"id":445,"date":"2022-03-24T11:40:19","date_gmt":"2022-03-24T14:40:19","guid":{"rendered":"https:\/\/sites.uel.br\/sebec\/?page_id=445"},"modified":"2022-07-15T14:43:02","modified_gmt":"2022-07-15T17:43:02","slug":"nutricao","status":"publish","type":"page","link":"https:\/\/sites.uel.br\/sebec\/nutricao\/","title":{"rendered":"Nutri\u00e7\u00e3o"},"content":{"rendered":"\n<p><\/p>\n\n\n\n<p>Para marcar atendimento com a nutricionista, ligar no telefone:<\/p>\n\n\n\n<p>Campus: 3371-4391 <\/p>\n\n\n\n<p>Hospital Universit\u00e1rio: 3371-2774<\/p>\n\n\n\n<p>Obs.: No caso de estudantes, dever\u00e1 ser apresentado encaminhamento m\u00e9dico.<\/p>\n\n\n\n<p class=\"has-text-align-center\"><strong>Hor\u00e1rio de atendimento<\/strong><\/p>\n\n\n\n<figure class=\"wp-block-table\"><table><tbody><tr><td class=\"has-text-align-center\" data-align=\"center\"><strong>LOCAL ATENDIMENTO<\/strong><\/td><td class=\"has-text-align-center\" data-align=\"center\"><strong>Segunda-feira<\/strong><\/td><td class=\"has-text-align-center\" data-align=\"center\"><strong>Ter\u00e7a-feira<\/strong><\/td><td class=\"has-text-align-center\" data-align=\"center\"><strong>Quarta-feira<\/strong><\/td><td class=\"has-text-align-center\" data-align=\"center\"><strong>Quinta-feira<\/strong><\/td><td class=\"has-text-align-center\" data-align=\"center\"><strong>Sexta-feira<\/strong><\/td><\/tr><tr><td class=\"has-text-align-center\" data-align=\"center\"><strong>&nbsp;CAMPUS&nbsp;<\/strong><\/td><td class=\"has-text-align-center\" data-align=\"center\">MANH\u00c3\/TARDE<\/td><td class=\"has-text-align-center\" data-align=\"center\">MANH\u00c3 <\/td><td class=\"has-text-align-center\" data-align=\"center\">MANH\u00c3\/TARDE<\/td><td class=\"has-text-align-center\" data-align=\"center\">&#8211;<\/td><td class=\"has-text-align-center\" data-align=\"center\">MANH\u00c3<\/td><\/tr><tr><td class=\"has-text-align-center\" data-align=\"center\"><strong>HOSPITAL UNIVERSIT\u00c1RIO<\/strong><\/td><td class=\"has-text-align-center\" data-align=\"center\">&#8211;<\/td><td class=\"has-text-align-center\" data-align=\"center\">TARDE<\/td><td class=\"has-text-align-center\" data-align=\"center\">&#8211;<\/td><td class=\"has-text-align-center\" data-align=\"center\">MANH\u00c3\/TARDE<\/td><td class=\"has-text-align-center\" data-align=\"center\">&#8211;<\/td><\/tr><\/tbody><\/table><figcaption><strong>Fonte: <\/strong>SEBEC\/SESMT (2021)<\/figcaption><\/figure>\n\n\n\n<p><br><br><\/p>\n","protected":false},"excerpt":{"rendered":"<p>Para marcar atendimento com a nutricionista, ligar no telefone: Campus: 3371-4391 Hospital Universit\u00e1rio: 3371-2774 Obs.: No caso de estudantes, dever\u00e1 ser apresentado encaminhamento m\u00e9dico. Hor\u00e1rio de atendimento LOCAL ATENDIMENTO Segunda-feira Ter\u00e7a-feira Quarta-feira Quinta-feira Sexta-feira &nbsp;CAMPUS&nbsp; MANH\u00c3\/TARDE MANH\u00c3 MANH\u00c3\/TARDE &#8211; MANH\u00c3 HOSPITAL UNIVERSIT\u00c1RIO &#8211; TARDE &#8211; MANH\u00c3\/TARDE &#8211; Fonte: SEBEC\/SESMT (2021)<\/p>\n","protected":false},"author":1,"featured_media":0,"parent":0,"menu_order":0,"comment_status":"closed","ping_status":"closed","template":"","meta":{"_acf_changed":false,"footnotes":""},"class_list":["post-445","page","type-page","status-publish","hentry"],"acf":[],"_links":{"self":[{"href":"https:\/\/sites.uel.br\/sebec\/wp-json\/wp\/v2\/pages\/445","targetHints":{"allow":["GET"]}}],"collection":[{"href":"https:\/\/sites.uel.br\/sebec\/wp-json\/wp\/v2\/pages"}],"about":[{"href":"https:\/\/sites.uel.br\/sebec\/wp-json\/wp\/v2\/types\/page"}],"author":[{"embeddable":true,"href":"https:\/\/sites.uel.br\/sebec\/wp-json\/wp\/v2\/users\/1"}],"replies":[{"embeddable":true,"href":"https:\/\/sites.uel.br\/sebec\/wp-json\/wp\/v2\/comments?post=445"}],"version-history":[{"count":2,"href":"https:\/\/sites.uel.br\/sebec\/wp-json\/wp\/v2\/pages\/445\/revisions"}],"predecessor-version":[{"id":1923,"href":"https:\/\/sites.uel.br\/sebec\/wp-json\/wp\/v2\/pages\/445\/revisions\/1923"}],"wp:attachment":[{"href":"https:\/\/sites.uel.br\/sebec\/wp-json\/wp\/v2\/media?parent=445"}],"curies":[{"name":"wp","href":"https:\/\/api.w.org\/{rel}","templated":true}]}}