{"id":441,"date":"2022-03-24T11:38:23","date_gmt":"2022-03-24T14:38:23","guid":{"rendered":"https:\/\/sites.uel.br\/sebec\/?page_id=441"},"modified":"2025-11-04T14:28:48","modified_gmt":"2025-11-04T17:28:48","slug":"afastamento-temporario-de-funcao-e-readaptacao","status":"publish","type":"page","link":"https:\/\/sites.uel.br\/sebec\/afastamento-temporario-de-funcao-e-readaptacao\/","title":{"rendered":"Afastamento Tempor\u00e1rio de Fun\u00e7\u00e3o e Readapta\u00e7\u00e3o"},"content":{"rendered":"\n<p><\/p>\n\n\n<section id=\"anexo\"><\/section>\n\n\n<p><\/p>\n\n\n\n<p><a rel=\"noreferrer noopener\" href=\"https:\/\/sites.uel.br\/sebec\/wp-content\/uploads\/2022\/06\/decreto-6805-2012-readapatacao-1.pdf\" data-type=\"URL\" data-id=\"https:\/\/sites.uel.br\/sebec\/wp-content\/uploads\/2022\/06\/decreto-6805-2012-readapatacao-1.pdf\" target=\"_blank\">&#8211; <strong>Decreto n\u00ba 6.805 de 19 de dezembro de 2012<\/strong><\/a> &#8211; Disp\u00f5e sobre normas e procedimentos referentes \u00e0 readapta\u00e7\u00e3o na Administra\u00e7\u00e3o Direta e Aut\u00e1rquica do Poder Executivo, inclusive as Institui\u00e7\u00f5es de Ensino Superior do Estado do Paran\u00e1.<\/p>\n\n\n\n<p><strong><strong><a href=\"https:\/\/sites.uel.br\/sebec\/wp-content\/uploads\/2023\/05\/INSTRUCAO-DE-SERVICO-SEBEC-001-2023-SERVIDORES-AFAST-TEMP-E-READAPTACAO.pdf\" target=\"_blank\" rel=\"noreferrer noopener\">&#8211; <strong>Instru\u00e7\u00e3o de Servi\u00e7o SEBEC n\u00b0 001\/2023<\/strong><\/a><\/strong><\/strong> &#8211; Normatiza os procedimentos para o acompanhamento de servidores com afastamento tempor\u00e1rio de fun\u00e7\u00e3o e a readapta\u00e7\u00e3o, nos termos da <a rel=\"noreferrer noopener\" href=\"https:\/\/sistemas.uel.br\/files\/atonormativo\/RESOLUCOES\/2014\/102.pdf\" data-type=\"URL\" data-id=\"https:\/\/sistemas.uel.br\/files\/atonormativo\/RESOLUCOES\/2014\/102.pdf\" target=\"_blank\"><strong>Resolu\u00e7\u00e3o CA n\u00b0 102\/2014<\/strong><\/a>. <\/p>\n\n\n\n<ul class=\"wp-block-list\">\n<li><a href=\"https:\/\/sites.uel.br\/sebec\/wp-content\/uploads\/2024\/12\/Instrucao-de-Servico-SEBEC-2023-Readequacao-ANEXO-I.docx\" target=\"_blank\" rel=\"noreferrer noopener\"><strong>Anexo I<\/strong>\u00a0\u2013 Instru\u00e7\u00e3o de Servi\u00e7o SEBEC n\u00b0 001\/2023<\/a><\/li>\n\n\n\n<li><strong><a rel=\"noreferrer noopener\" href=\"https:\/\/sites.uel.br\/sebec\/wp-content\/uploads\/2022\/03\/RAF-1-2-3-4.pdf\" data-type=\"URL\" data-id=\"https:\/\/sites.uel.br\/sebec\/wp-content\/uploads\/2022\/03\/RAF-1-2-3-4.pdf\" target=\"_blank\">Relat\u00f3rio de Acompanhamento de Afastamento de Fun\u00e7\u00e3o &#8211; RAF (1,2,3 e 4)<\/a><\/strong><\/li>\n<\/ul>\n\n\n\n<p><br><\/p>\n\n\n\n<p><\/p>\n","protected":false},"excerpt":{"rendered":"<p>&#8211; Decreto n\u00ba 6.805 de 19 de dezembro de 2012 &#8211; Disp\u00f5e sobre normas e procedimentos referentes \u00e0 readapta\u00e7\u00e3o na Administra\u00e7\u00e3o Direta e Aut\u00e1rquica do Poder Executivo, inclusive as Institui\u00e7\u00f5es de Ensino Superior do Estado do Paran\u00e1. &#8211; Instru\u00e7\u00e3o de Servi\u00e7o SEBEC n\u00b0 001\/2023 &#8211; Normatiza os procedimentos para o acompanhamento de servidores com afastamento [&hellip;]<\/p>\n","protected":false},"author":1,"featured_media":0,"parent":0,"menu_order":0,"comment_status":"closed","ping_status":"closed","template":"","meta":{"_acf_changed":false,"footnotes":""},"class_list":["post-441","page","type-page","status-publish","hentry"],"acf":[],"_links":{"self":[{"href":"https:\/\/sites.uel.br\/sebec\/wp-json\/wp\/v2\/pages\/441","targetHints":{"allow":["GET"]}}],"collection":[{"href":"https:\/\/sites.uel.br\/sebec\/wp-json\/wp\/v2\/pages"}],"about":[{"href":"https:\/\/sites.uel.br\/sebec\/wp-json\/wp\/v2\/types\/page"}],"author":[{"embeddable":true,"href":"https:\/\/sites.uel.br\/sebec\/wp-json\/wp\/v2\/users\/1"}],"replies":[{"embeddable":true,"href":"https:\/\/sites.uel.br\/sebec\/wp-json\/wp\/v2\/comments?post=441"}],"version-history":[{"count":39,"href":"https:\/\/sites.uel.br\/sebec\/wp-json\/wp\/v2\/pages\/441\/revisions"}],"predecessor-version":[{"id":4853,"href":"https:\/\/sites.uel.br\/sebec\/wp-json\/wp\/v2\/pages\/441\/revisions\/4853"}],"wp:attachment":[{"href":"https:\/\/sites.uel.br\/sebec\/wp-json\/wp\/v2\/media?parent=441"}],"curies":[{"name":"wp","href":"https:\/\/api.w.org\/{rel}","templated":true}]}}