{"id":439,"date":"2022-03-24T11:36:46","date_gmt":"2022-03-24T14:36:46","guid":{"rendered":"https:\/\/sites.uel.br\/sebec\/?page_id=439"},"modified":"2025-11-04T15:09:46","modified_gmt":"2025-11-04T18:09:46","slug":"normas-regulamentadoras-nr","status":"publish","type":"page","link":"https:\/\/sites.uel.br\/sebec\/normas-regulamentadoras-nr\/","title":{"rendered":"Normas Regulamentadoras &#8211; NR"},"content":{"rendered":"\n<p><\/p>\n\n\n\n<p id=\"block-422d73d7-a448-4964-8ba8-c7249319461c\">As&nbsp;Normas Regulamentadoras (NR)&nbsp;s\u00e3o disposi\u00e7\u00f5es complementares ao Cap\u00edtulo V (Da Seguran\u00e7a e da Medicina do Trabalho) do T\u00edtulo II da&nbsp;<a rel=\"noreferrer noopener\" href=\"http:\/\/www.planalto.gov.br\/ccivil_03\/decreto-lei\/del5452.htm\" target=\"_blank\">Consolida\u00e7\u00e3o das Leis do Trabalho (CLT)<\/a>, com reda\u00e7\u00e3o dada pela&nbsp;<a rel=\"noreferrer noopener\" href=\"http:\/\/www.planalto.gov.br\/ccivil_03\/LEIS\/L6514.htm\" target=\"_blank\">Lei n\u00ba 6.514<\/a>, de 22 de dezembro de 1977. Consistem em obriga\u00e7\u00f5es, direitos e deveres a serem cumpridos por empregadores e trabalhadores com o objetivo de garantir trabalho seguro e sadio, prevenindo a ocorr\u00eancia de doen\u00e7as e acidentes de trabalho.<\/p>\n\n\n\n<p><p id=\"block-ef9b3243-a72f-4886-8084-7da540e0f46e\">\ufeff<\/p><\/p>\n\n\n\n<p id=\"block-cda10aad-ad25-4169-a676-8a1671c5bf41\"><strong><a href=\"https:\/\/www.gov.br\/trabalho-e-emprego\/pt-br\/acesso-a-informacao\/participacao-social\/conselhos-e-orgaos-colegiados\/comissao-tripartite-partitaria-permanente\/normas-regulamentadora\/normas-regulamentadoras-vigentes\/nr-01-atualizada-2024-i-1.pdf\" target=\"_blank\" rel=\"noreferrer noopener\">NR-1 &#8211; DISPOSI\u00c7\u00d5ES GERAIS e GERENCIAMENTO DE RISCOS OCUPACIONAIS<\/a><\/strong><\/p>\n\n\n\n<p id=\"block-8d957c23-3cbb-4505-a452-eae2f19a8030\"><strong><a href=\"https:\/\/www.gov.br\/trabalho-e-emprego\/pt-br\/acesso-a-informacao\/participacao-social\/conselhos-e-orgaos-colegiados\/comissao-tripartite-partitaria-permanente\/arquivos\/normas-regulamentadoras\/nr-02_atualizada_2019.pdf\" target=\"_blank\" rel=\"noreferrer noopener\">NR-2 &#8211; INSPE\u00c7\u00c3O PR\u00c9VIA (REVOGADA)<\/a><\/strong><\/p>\n\n\n\n<p id=\"block-6299a2e8-1ad3-471c-a4ff-adf5a5ab45c8\"><strong><a href=\"https:\/\/www.gov.br\/trabalho-e-emprego\/pt-br\/acesso-a-informacao\/participacao-social\/conselhos-e-orgaos-colegiados\/comissao-tripartite-partitaria-permanente\/arquivos\/normas-regulamentadoras\/nr-03_atualizada_2019.pdf\" target=\"_blank\" rel=\"noreferrer noopener\">NR-3 &#8211; EMBARGO E INTERDI\u00c7\u00c3O<\/a><\/strong><\/p>\n\n\n\n<p id=\"block-0a803cc3-5919-447b-9b46-c713ca3b449b\"><strong><a href=\"https:\/\/www.gov.br\/trabalho-e-emprego\/pt-br\/acesso-a-informacao\/participacao-social\/conselhos-e-orgaos-colegiados\/comissao-tripartite-partitaria-permanente\/normas-regulamentadora\/normas-regulamentadoras-vigentes\/nr-04-atualizada-2023.pdf\" target=\"_blank\" rel=\"noreferrer noopener\">NR-4 &#8211; SERVI\u00c7OS ESPECIALIZADOS EM SEGURAN\u00c7A E EM MEDICINA DO TRABALHO<\/a><\/strong><\/p>\n\n\n\n<p id=\"block-49931fc1-99b7-4a99-8058-6b400af4ca95\"><strong><a href=\"https:\/\/www.gov.br\/trabalho-e-emprego\/pt-br\/acesso-a-informacao\/participacao-social\/conselhos-e-orgaos-colegiados\/comissao-tripartite-partitaria-permanente\/normas-regulamentadora\/normas-regulamentadoras-vigentes\/NR05atualizada2023.pdf\" target=\"_blank\" rel=\"noreferrer noopener\">NR-5 &#8211; COMISS\u00c3O INTERNA DE PREVEN\u00c7\u00c3O DE ACIDENTES E DE ASS\u00c9DIO &#8211; CIPA<\/a><\/strong><\/p>\n\n\n\n<p id=\"block-5d0490ca-7b05-4c2e-87b2-86c3e05216c1\"><strong><a href=\"https:\/\/www.gov.br\/trabalho-e-emprego\/pt-br\/acesso-a-informacao\/participacao-social\/conselhos-e-orgaos-colegiados\/comissao-tripartite-partitaria-permanente\/normas-regulamentadora\/normas-regulamentadoras-vigentes\/nr-06-atualizada-2025-ii.pdf\" target=\"_blank\" rel=\"noreferrer noopener\">NR-6 &#8211; EQUIPAMENTO DE PROTE\u00c7\u00c3O INDIVIDUAL &#8211; EPI<\/a><\/strong><\/p>\n\n\n\n<p id=\"block-58cba7c4-eb75-4f28-bfb5-b3969181de2e\"><strong><a href=\"https:\/\/www.gov.br\/trabalho-e-emprego\/pt-br\/acesso-a-informacao\/participacao-social\/conselhos-e-orgaos-colegiados\/comissao-tripartite-partitaria-permanente\/normas-regulamentadora\/normas-regulamentadoras-vigentes\/nr-07-atualizada-2022-1.pdf\" target=\"_blank\" rel=\"noreferrer noopener\">NR-7 &#8211; PROGRAMA DE CONTROLE M\u00c9DICO DE SA\u00daDE OCUPACIONAL<\/a><\/strong><\/p>\n\n\n\n<p id=\"block-3f92a112-f9e1-48df-9c3b-a7df5c4719f8\"><strong><a href=\"https:\/\/www.gov.br\/trabalho-e-emprego\/pt-br\/acesso-a-informacao\/participacao-social\/conselhos-e-orgaos-colegiados\/comissao-tripartite-partitaria-permanente\/arquivos\/normas-regulamentadoras\/nr-08-atualizada-2022.pdf\" target=\"_blank\" rel=\"noreferrer noopener\">NR-8 &#8211; EDIFICA\u00c7\u00d5ES<\/a><\/strong><\/p>\n\n\n\n<p id=\"block-4d105ddf-0b6d-454d-9aa5-33dbeb89442a\"><strong><a href=\"https:\/\/www.gov.br\/trabalho-e-emprego\/pt-br\/acesso-a-informacao\/participacao-social\/conselhos-e-orgaos-colegiados\/comissao-tripartite-partitaria-permanente\/normas-regulamentadora\/normas-regulamentadoras-vigentes\/nr-09-atualizada-2021.pdf\" target=\"_blank\" rel=\"noreferrer noopener\">NR-9 &#8211; AVALIA\u00c7\u00c3O E CONTROLE DAS EXPOSI\u00c7\u00d5ES OCUPACIONAIS A AGENTES F\u00cdSICOS, QU\u00cdMICOS E BIOL\u00d3GICOS <\/a><\/strong><\/p>\n\n\n\n<p id=\"block-5848a16d-81f8-488d-985d-0fa62529d94d\"><strong><a href=\"\/\/www.gov.br\/trabalho-e-emprego\/pt-br\/acesso-a-informacao\/participacao-social\/conselhos-e-orgaos-colegiados\/comissao-tripartite-partitaria-permanente\/arquivos\/normas-regulamentadoras\/nr-10.pdf\" target=\"_blank\" rel=\"noreferrer noopener\">NR-10 &#8211; SEGURAN\u00c7A EM INSTALA\u00c7\u00d5ES E SERVI\u00c7OS EM ELETRICIDADE<\/a><\/strong><\/p>\n\n\n\n<p id=\"block-9acc33b9-a915-4e9e-9899-0fa540635bb7\"><strong><a href=\"https:\/\/www.gov.br\/trabalho-e-emprego\/pt-br\/acesso-a-informacao\/participacao-social\/conselhos-e-orgaos-colegiados\/comissao-tripartite-partitaria-permanente\/normas-regulamentadora\/normas-regulamentadoras-vigentes\/nr-11-atualizada-2016.pdf\" target=\"_blank\" rel=\"noreferrer noopener\">NR-11 &#8211; TRANSPORTE, MOVIMENTA\u00c7\u00c3O, ARMAZENAGEM E MANUSEIO DE MATERIAIS<\/a><\/strong><\/p>\n\n\n\n<p id=\"block-b86a375a-9a42-4134-8a5f-778b7d737579\"><strong><a href=\"https:\/\/www.gov.br\/trabalho-e-emprego\/pt-br\/acesso-a-informacao\/participacao-social\/conselhos-e-orgaos-colegiados\/comissao-tripartite-partitaria-permanente\/normas-regulamentadora\/normas-regulamentadoras-vigentes\/nr-12-atualizada-2025.pdf\" target=\"_blank\" rel=\"noreferrer noopener\">NR-12 &#8211; SEGURAN\u00c7A NO TRABALHO EM M\u00c1QUINAS E EQUIPAMENTOS<\/a><\/strong><\/p>\n\n\n\n<p id=\"block-639eb0e8-0304-44aa-bd82-044aac7e656f\"><strong><a href=\"https:\/\/www.gov.br\/trabalho-e-emprego\/pt-br\/acesso-a-informacao\/participacao-social\/conselhos-e-orgaos-colegiados\/comissao-tripartite-partitaria-permanente\/normas-regulamentadora\/normas-regulamentadoras-vigentes\/nr-13-atualizada-2023-b.pdf\" target=\"_blank\" rel=\"noreferrer noopener\">NR-13 &#8211; CALDEIRAS, VASOS DE PRESS\u00c3O E TUBULA\u00c7\u00d5ES E TANQUES MET\u00c1LICOS DE ARMAZENAMENTO<\/a><\/strong><\/p>\n\n\n\n<p id=\"block-200a0aef-95e6-46dc-9985-95ad8a1f7928\"><strong><a href=\"\/\/www.gov.br\/trabalho-e-emprego\/pt-br\/acesso-a-informacao\/participacao-social\/conselhos-e-orgaos-colegiados\/comissao-tripartite-partitaria-permanente\/arquivos\/normas-regulamentadoras\/nr-14-atualizada-2022.pdf\" target=\"_blank\" rel=\"noreferrer noopener\">NR-14 &#8211; FORNOS<\/a><\/strong><\/p>\n\n\n\n<p id=\"block-a939798e-fcaa-4efd-a19d-03525ab0484d\"><strong><a href=\"https:\/\/www.gov.br\/trabalho-e-emprego\/pt-br\/acesso-a-informacao\/participacao-social\/conselhos-e-orgaos-colegiados\/comissao-tripartite-partitaria-permanente\/normas-regulamentadora\/normas-regulamentadoras-vigentes\/nr-15-atualizada-2022.pdf\" target=\"_blank\" rel=\"noreferrer noopener\">NR-15 &#8211; ATIVIDADES E OPERA\u00c7\u00d5ES INSALUBRES<\/a><\/strong><\/p>\n\n\n\n<p id=\"block-6027a426-63c6-4fe3-bfa8-2d7e14f22620\"><strong><a href=\"https:\/\/www.gov.br\/trabalho-e-emprego\/pt-br\/acesso-a-informacao\/participacao-social\/conselhos-e-orgaos-colegiados\/comissao-tripartite-partitaria-permanente\/normas-regulamentadora\/normas-regulamentadoras-vigentes\/nr-16-atualizada-2025-1.pdf\" target=\"_blank\" rel=\"noreferrer noopener\">NR-16 &#8211; ATIVIDADES E OPERA\u00c7\u00d5ES PERIGOSAS<\/a><\/strong><\/p>\n\n\n\n<p id=\"block-58e8528e-6762-4c21-b7fa-1a6824a9c92e\"><strong><a href=\"https:\/\/www.gov.br\/trabalho-e-emprego\/pt-br\/acesso-a-informacao\/participacao-social\/conselhos-e-orgaos-colegiados\/comissao-tripartite-partitaria-permanente\/normas-regulamentadora\/normas-regulamentadoras-vigentes\/nr-17-atualizada-2023.pdf\" target=\"_blank\" rel=\"noreferrer noopener\">NR-17 &#8211; ERGONOMIA<\/a><\/strong><\/p>\n\n\n\n<p id=\"block-31b100b5-c2f0-42ee-8cd1-7933d0ba12ac\"><strong><a href=\"https:\/\/www.gov.br\/trabalho-e-emprego\/pt-br\/acesso-a-informacao\/participacao-social\/conselhos-e-orgaos-colegiados\/comissao-tripartite-partitaria-permanente\/normas-regulamentadora\/normas-regulamentadoras-vigentes\/nr-18-atualizada-2025-1.pdf\" target=\"_blank\" rel=\"noreferrer noopener\">NR-18 &#8211; SEGURAN\u00c7A E SA\u00daDE NO TRABALHO NA IND\u00daSTRIA DA CONSTRU\u00c7\u00c3O <\/a><\/strong><\/p>\n\n\n\n<p id=\"block-79f90cf5-a4cc-4353-8e75-d346ac721534\"><strong><a href=\"https:\/\/www.gov.br\/trabalho-e-emprego\/pt-br\/acesso-a-informacao\/participacao-social\/conselhos-e-orgaos-colegiados\/comissao-tripartite-partitaria-permanente\/normas-regulamentadora\/normas-regulamentadoras-vigentes\/nr-19-atualizada-2023.pdf\" target=\"_blank\" rel=\"noreferrer noopener\">NR-19 &#8211; EXPLOSIVOS<\/a><\/strong><\/p>\n\n\n\n<p id=\"block-b3227308-cab8-4cec-bea5-1154755f92c2\"><strong><a href=\"https:\/\/www.gov.br\/trabalho-e-emprego\/pt-br\/acesso-a-informacao\/participacao-social\/conselhos-e-orgaos-colegiados\/comissao-tripartite-partitaria-permanente\/normas-regulamentadora\/normas-regulamentadoras-vigentes\/nr-20-atualizada-2025.pdf\" target=\"_blank\" rel=\"noreferrer noopener\">NR-20 &#8211; SEGURAN\u00c7A E SA\u00daDE NO TRABALHO COM INFLAM\u00c1VEIS E COMBUST\u00cdVEIS<\/a><\/strong><\/p>\n\n\n\n<p id=\"block-12a42b4c-cf3e-4ba0-9c60-26dc77d10a38\"><strong><a href=\"https:\/\/www.gov.br\/trabalho-e-emprego\/pt-br\/acesso-a-informacao\/participacao-social\/conselhos-e-orgaos-colegiados\/comissao-tripartite-partitaria-permanente\/arquivos\/normas-regulamentadoras\/nr-21.pdf\" target=\"_blank\" rel=\"noreferrer noopener\">NR-21 &#8211; TRABALHOS A C\u00c9U ABERTO<\/a><\/strong><\/p>\n\n\n\n<p id=\"block-bdded7d8-c24a-4b8f-829a-1dd75a63f1d8\"><strong><a href=\"https:\/\/www.gov.br\/trabalho-e-emprego\/pt-br\/acesso-a-informacao\/participacao-social\/conselhos-e-orgaos-colegiados\/comissao-tripartite-partitaria-permanente\/normas-regulamentadora\/normas-regulamentadoras-vigentes\/nr-22-atualizada-2024-iii.pdf\" target=\"_blank\" rel=\"noreferrer noopener\">NR-22 &#8211; SEGURAN\u00c7A E SA\u00daDE OCUPACIONAL NA MINERA\u00c7\u00c3O<\/a><\/strong><\/p>\n\n\n\n<p id=\"block-c06fd1dd-c8ef-4471-bc0a-c07269e689f0\"><strong><a href=\"https:\/\/www.gov.br\/trabalho-e-emprego\/pt-br\/acesso-a-informacao\/participacao-social\/conselhos-e-orgaos-colegiados\/comissao-tripartite-partitaria-permanente\/arquivos\/normas-regulamentadoras\/nr-23-atualizada-2022.pdf\" target=\"_blank\" rel=\"noreferrer noopener\">NR-23 &#8211; PROTE\u00c7\u00c3O CONTRA INC\u00caNDIOS<\/a><\/strong><\/p>\n\n\n\n<p id=\"block-04b23815-1624-48a1-898b-0f7593741f44\"><strong><a href=\"\/\/www.gov.br\/trabalho-e-emprego\/pt-br\/acesso-a-informacao\/participacao-social\/conselhos-e-orgaos-colegiados\/comissao-tripartite-partitaria-permanente\/arquivos\/normas-regulamentadoras\/nr-24-atualizada-2022.pdf\" target=\"_blank\" rel=\"noreferrer noopener\">NR-24 &#8211; CONDI\u00c7\u00d5ES SANIT\u00c1RIAS E DE CONFORTO NOS LOCAIS DE TRABALHO<\/a><\/strong><\/p>\n\n\n\n<p id=\"block-bd3dc2bd-eea3-4385-b8f0-0364a61761fa\"><strong><a href=\"https:\/\/www.gov.br\/trabalho-e-emprego\/pt-br\/acesso-a-informacao\/participacao-social\/conselhos-e-orgaos-colegiados\/comissao-tripartite-partitaria-permanente\/arquivos\/normas-regulamentadoras\/nr-25-atualizada-2022-1.pdf\" target=\"_blank\" rel=\"noreferrer noopener\">NR-25 &#8211; RES\u00cdDUOS INDUSTRIAIS<\/a><\/strong><\/p>\n\n\n\n<p id=\"block-9e84d373-9e3b-432a-a57d-00d5b9d3626a\"><strong><a href=\"https:\/\/www.gov.br\/trabalho-e-emprego\/pt-br\/acesso-a-informacao\/participacao-social\/conselhos-e-orgaos-colegiados\/comissao-tripartite-partitaria-permanente\/arquivos\/normas-regulamentadoras\/nr-26-atualizada-2022.pdf\" target=\"_blank\" rel=\"noreferrer noopener\">NR-26 &#8211; SINALIZA\u00c7\u00c3O DE SEGURAN\u00c7A<\/a><\/strong><\/p>\n\n\n\n<p id=\"block-0ac4c6d5-bee8-40e6-be95-342a5d1e4b25\"><strong><a href=\"https:\/\/www.gov.br\/trabalho-e-emprego\/pt-br\/acesso-a-informacao\/participacao-social\/conselhos-e-orgaos-colegiados\/comissao-tripartite-partitaria-permanente\/arquivos\/normas-regulamentadoras\/nr_27_revogada_2008.pdf\" target=\"_blank\" rel=\"noreferrer noopener\">NR-27 &#8211; REGISTRO PROFISSIONAL DO T\u00c9CNICO DE SEGURAN\u00c7A DO TRABALHO (REVOGADA)<\/a><\/strong><\/p>\n\n\n\n<p id=\"block-11b38e67-75e8-4750-88d7-86285ff79fcd\"><strong><a href=\"https:\/\/www.gov.br\/trabalho-e-emprego\/pt-br\/acesso-a-informacao\/participacao-social\/conselhos-e-orgaos-colegiados\/comissao-tripartite-partitaria-permanente\/normas-regulamentadora\/normas-regulamentadoras-vigentes\/nr-28-atualizada-2024-i.pdf\" target=\"_blank\" rel=\"noreferrer noopener\">NR-28 &#8211; FISCALIZA\u00c7\u00c3O E PENALIDADES<\/a><\/strong><\/p>\n\n\n\n<p id=\"block-7fa63614-deca-4b48-a880-9915b62e019c\"><strong><a href=\"https:\/\/www.gov.br\/trabalho-e-emprego\/pt-br\/acesso-a-informacao\/participacao-social\/conselhos-e-orgaos-colegiados\/comissao-tripartite-partitaria-permanente\/normas-regulamentadora\/normas-regulamentadoras-vigentes\/nr-29-atualizada-2023.pdf\" target=\"_blank\" rel=\"noreferrer noopener\">NR-29 &#8211; NORMA REGULAMENTADORA DE SEGURAN\u00c7A E SA\u00daDE NO TRABALHO PORTU\u00c1RIO<\/a><\/strong><\/p>\n\n\n\n<p id=\"block-3469ced6-fa08-4940-927f-f796b3f86bc8\"><strong><a href=\"https:\/\/www.gov.br\/trabalho-e-emprego\/pt-br\/acesso-a-informacao\/participacao-social\/conselhos-e-orgaos-colegiados\/comissao-tripartite-partitaria-permanente\/normas-regulamentadora\/normas-regulamentadoras-vigentes\/nr-30-atualizada-2023.pdf\" target=\"_blank\" rel=\"noreferrer noopener\">NR-30 &#8211; SEGURAN\u00c7A E SA\u00daDE NO TRABALHO AQUAVI\u00c1RIO<\/a><\/strong><\/p>\n\n\n\n<p id=\"block-e53d7b65-bbca-4c12-8eab-673625c4c80f\"><strong><a href=\"https:\/\/www.gov.br\/trabalho-e-emprego\/pt-br\/acesso-a-informacao\/participacao-social\/conselhos-e-orgaos-colegiados\/comissao-tripartite-partitaria-permanente\/normas-regulamentadora\/normas-regulamentadoras-vigentes\/nr-31-atualizada-2024-2.pdf\" target=\"_blank\" rel=\"noreferrer noopener\">NR-31 &#8211; SEGURAN\u00c7A E SA\u00daDE NO TRABALHO NA AGRICULTURA, PECU\u00c1RIA SILVICULTURA, EXPLORA\u00c7\u00c3O FLORESTAL E AQUICULTURA<\/a><\/strong><\/p>\n\n\n\n<p id=\"block-9dca7de3-cc54-4e55-b032-db0d234ec26b\"><strong><a href=\"https:\/\/www.gov.br\/trabalho-e-emprego\/pt-br\/acesso-a-informacao\/participacao-social\/conselhos-e-orgaos-colegiados\/comissao-tripartite-partitaria-permanente\/normas-regulamentadora\/normas-regulamentadoras-vigentes\/nr-32-atualizada-2023-1.pdf\" target=\"_blank\" rel=\"noreferrer noopener\">NR-32 &#8211; SEGURAN\u00c7A E SA\u00daDE NO TRABALHO EM SERVI\u00c7OS DE SA\u00daDE<\/a><\/strong><\/p>\n\n\n\n<p id=\"block-830cd0b9-311a-48f0-ada1-e82d0fbfdc2d\"><strong><a href=\"https:\/\/www.gov.br\/trabalho-e-emprego\/pt-br\/acesso-a-informacao\/participacao-social\/conselhos-e-orgaos-colegiados\/comissao-tripartite-partitaria-permanente\/arquivos\/normas-regulamentadoras\/nr-33-atualizada-2022-_retificada.pdf\" target=\"_blank\" rel=\"noreferrer noopener\">NR-33 &#8211; SEGURAN\u00c7A E SA\u00daDE NOS TRABALHOS EM ESPA\u00c7OS CONFINADOS<\/a><\/strong><\/p>\n\n\n\n<p id=\"block-30f59417-3664-4ff7-9ab9-e2b7981c3381\"><strong><a href=\"https:\/\/www.gov.br\/trabalho-e-emprego\/pt-br\/acesso-a-informacao\/participacao-social\/conselhos-e-orgaos-colegiados\/comissao-tripartite-partitaria-permanente\/normas-regulamentadora\/normas-regulamentadoras-vigentes\/nr-34-atualizada-2023-2.pdf\" target=\"_blank\" rel=\"noreferrer noopener\">NR-34 &#8211; CONDI\u00c7\u00d5ES E MEIO AMBIENTE DE TRABALHO NA IND\u00daSTRIA DA CONSTRU\u00c7\u00c3O, REPARA\u00c7\u00c3O E DESMONTE NAVAL<\/a><\/strong><\/p>\n\n\n\n<p id=\"block-dc92426f-55a4-4420-a78f-071cd119300e\"><strong><a href=\"\/\/www.gov.br\/trabalho-e-emprego\/pt-br\/acesso-a-informacao\/participacao-social\/conselhos-e-orgaos-colegiados\/comissao-tripartite-partitaria-permanente\/normas-regulamentadora\/normas-regulamentadoras-vigentes\/nr-35-atualizada-2025.pdf\" target=\"_blank\" rel=\"noreferrer noopener\">NR-35 &#8211; TRABALHO EM ALTURA<\/a><\/strong><\/p>\n\n\n\n<p id=\"block-19e81129-d66c-45d9-8246-23c97efcff6d\"><strong><a href=\"https:\/\/www.gov.br\/trabalho-e-emprego\/pt-br\/acesso-a-informacao\/participacao-social\/conselhos-e-orgaos-colegiados\/comissao-tripartite-partitaria-permanente\/normas-regulamentadora\/normas-regulamentadoras-vigentes\/nr-36-atualizada-2024-1.pdf\" target=\"_blank\" rel=\"noreferrer noopener\">NR-36 &#8211; SEGURAN\u00c7A E SA\u00daDE NO TRABALHO EM EMPRESAS DE ABATE E PROCESSAMENTO DE CARNES E DERIVADOS<\/a><\/strong><\/p>\n\n\n\n<p id=\"block-ab7959bb-4c2b-4877-8ada-36592879f457\"><strong><a href=\"https:\/\/www.gov.br\/trabalho-e-emprego\/pt-br\/assuntos\/inspecao-do-trabalho\/seguranca-e-saude-no-trabalho\/ctpp-nrs\/nr-37-atualizada-2023.pdf\" target=\"_blank\" rel=\"noreferrer noopener\">NR-37 &#8211; SEGURAN\u00c7A E SA\u00daDE EM PLATAFORMAS DE PETR\u00d3LEO<\/a><\/strong><\/p>\n\n\n\n<p><strong><a href=\"https:\/\/www.gov.br\/trabalho-e-emprego\/pt-br\/acesso-a-informacao\/participacao-social\/conselhos-e-orgaos-colegiados\/comissao-tripartite-partitaria-permanente\/normas-regulamentadora\/normas-regulamentadoras-vigentes\/nr-38-atualizada-2025-3.pdf\" data-type=\"link\" data-id=\"https:\/\/www.gov.br\/trabalho-e-emprego\/pt-br\/acesso-a-informacao\/participacao-social\/conselhos-e-orgaos-colegiados\/comissao-tripartite-partitaria-permanente\/normas-regulamentadora\/normas-regulamentadoras-vigentes\/nr-38-atualizada-2025-3.pdf\" target=\"_blank\" rel=\"noreferrer noopener\">NR-38 &#8211; SEGURAN\u00c7A E S\u00daDE NO TRABALHO NAS ATIVIDADES DE LIMPEZA URBANA E MANEJO DE RES\u00cdDUOS S\u00d3LIDOS <\/a><\/strong><\/p>\n\n\n\n<p><\/p>\n","protected":false},"excerpt":{"rendered":"<p>As&nbsp;Normas Regulamentadoras (NR)&nbsp;s\u00e3o disposi\u00e7\u00f5es complementares ao Cap\u00edtulo V (Da Seguran\u00e7a e da Medicina do Trabalho) do T\u00edtulo II da&nbsp;Consolida\u00e7\u00e3o das Leis do Trabalho (CLT), com reda\u00e7\u00e3o dada pela&nbsp;Lei n\u00ba 6.514, de 22 de dezembro de 1977. Consistem em obriga\u00e7\u00f5es, direitos e deveres a serem cumpridos por empregadores e trabalhadores com o objetivo de garantir trabalho [&hellip;]<\/p>\n","protected":false},"author":1,"featured_media":0,"parent":0,"menu_order":0,"comment_status":"closed","ping_status":"closed","template":"","meta":{"_acf_changed":false,"footnotes":""},"class_list":["post-439","page","type-page","status-publish","hentry"],"acf":[],"_links":{"self":[{"href":"https:\/\/sites.uel.br\/sebec\/wp-json\/wp\/v2\/pages\/439","targetHints":{"allow":["GET"]}}],"collection":[{"href":"https:\/\/sites.uel.br\/sebec\/wp-json\/wp\/v2\/pages"}],"about":[{"href":"https:\/\/sites.uel.br\/sebec\/wp-json\/wp\/v2\/types\/page"}],"author":[{"embeddable":true,"href":"https:\/\/sites.uel.br\/sebec\/wp-json\/wp\/v2\/users\/1"}],"replies":[{"embeddable":true,"href":"https:\/\/sites.uel.br\/sebec\/wp-json\/wp\/v2\/comments?post=439"}],"version-history":[{"count":5,"href":"https:\/\/sites.uel.br\/sebec\/wp-json\/wp\/v2\/pages\/439\/revisions"}],"predecessor-version":[{"id":4866,"href":"https:\/\/sites.uel.br\/sebec\/wp-json\/wp\/v2\/pages\/439\/revisions\/4866"}],"wp:attachment":[{"href":"https:\/\/sites.uel.br\/sebec\/wp-json\/wp\/v2\/media?parent=439"}],"curies":[{"name":"wp","href":"https:\/\/api.w.org\/{rel}","templated":true}]}}