{"id":432,"date":"2022-03-24T11:33:17","date_gmt":"2022-03-24T14:33:17","guid":{"rendered":"https:\/\/sites.uel.br\/sebec\/?page_id=432"},"modified":"2022-07-15T14:56:54","modified_gmt":"2022-07-15T17:56:54","slug":"recarga-e-manutencao-de-extintores","status":"publish","type":"page","link":"https:\/\/sites.uel.br\/sebec\/recarga-e-manutencao-de-extintores\/","title":{"rendered":"Recarga e Manuten\u00e7\u00e3o de Extintores"},"content":{"rendered":"\n<p><\/p>\n\n\n\n<p>A recarga de extintores e manuten\u00e7\u00e3o em mangueiras de hidrantes dever\u00e3o ser solicitadas via Of\u00edcio ao SEBEC\/SESMT.\u00a0<\/p>\n\n\n\n<p><\/p>\n\n\n\n<p><\/p>\n\n\n\n<p class=\"has-verde-escuro-color has-text-color\" style=\"font-size:25px\"><strong>Preg\u00e3o Eletr\u00f4nico<\/strong><\/p>\n\n\n\n<p><\/p>\n\n\n\n<p><a href=\"https:\/\/www.sistemasweb.uel.br\/index.php?contents=system\/lic\/lic_con_mat.php&amp;p_ano_licitacao=2020&amp;p_cod_local=1&amp;p_tip_licitacao=11&amp;p_num_licitacao=14\" data-type=\"URL\" data-id=\"https:\/\/www.sistemasweb.uel.br\/index.php?contents=system\/lic\/lic_con_mat.php&amp;p_ano_licitacao=2020&amp;p_cod_local=1&amp;p_tip_licitacao=11&amp;p_num_licitacao=14\" target=\"_blank\" rel=\"noreferrer noopener\"><strong>Preg\u00e3o Eletr\u00f4nico 014\/2020<\/strong><\/a>&nbsp;&#8211; Contrata\u00e7\u00e3o de empresa para servi\u00e7os de manuten\u00e7\u00e3o e recarga de extintor, testes hidrost\u00e1ticos, empata\u00e7\u00e3o e teste hidrost\u00e1tico de mangueira tipo 2 de combate a inc\u00eandio para UEL\/HU.<\/p>\n","protected":false},"excerpt":{"rendered":"<p>A recarga de extintores e manuten\u00e7\u00e3o em mangueiras de hidrantes dever\u00e3o ser solicitadas via Of\u00edcio ao SEBEC\/SESMT.\u00a0 Preg\u00e3o Eletr\u00f4nico Preg\u00e3o Eletr\u00f4nico 014\/2020&nbsp;&#8211; Contrata\u00e7\u00e3o de empresa para servi\u00e7os de manuten\u00e7\u00e3o e recarga de extintor, testes hidrost\u00e1ticos, empata\u00e7\u00e3o e teste hidrost\u00e1tico de mangueira tipo 2 de combate a inc\u00eandio para UEL\/HU.<\/p>\n","protected":false},"author":1,"featured_media":0,"parent":0,"menu_order":0,"comment_status":"closed","ping_status":"closed","template":"","meta":{"_acf_changed":false,"footnotes":""},"class_list":["post-432","page","type-page","status-publish","hentry"],"acf":[],"_links":{"self":[{"href":"https:\/\/sites.uel.br\/sebec\/wp-json\/wp\/v2\/pages\/432","targetHints":{"allow":["GET"]}}],"collection":[{"href":"https:\/\/sites.uel.br\/sebec\/wp-json\/wp\/v2\/pages"}],"about":[{"href":"https:\/\/sites.uel.br\/sebec\/wp-json\/wp\/v2\/types\/page"}],"author":[{"embeddable":true,"href":"https:\/\/sites.uel.br\/sebec\/wp-json\/wp\/v2\/users\/1"}],"replies":[{"embeddable":true,"href":"https:\/\/sites.uel.br\/sebec\/wp-json\/wp\/v2\/comments?post=432"}],"version-history":[{"count":5,"href":"https:\/\/sites.uel.br\/sebec\/wp-json\/wp\/v2\/pages\/432\/revisions"}],"predecessor-version":[{"id":1929,"href":"https:\/\/sites.uel.br\/sebec\/wp-json\/wp\/v2\/pages\/432\/revisions\/1929"}],"wp:attachment":[{"href":"https:\/\/sites.uel.br\/sebec\/wp-json\/wp\/v2\/media?parent=432"}],"curies":[{"name":"wp","href":"https:\/\/api.w.org\/{rel}","templated":true}]}}