{"id":427,"date":"2022-03-24T09:41:26","date_gmt":"2022-03-24T12:41:26","guid":{"rendered":"https:\/\/sites.uel.br\/sebec\/?page_id=427"},"modified":"2025-11-04T14:29:25","modified_gmt":"2025-11-04T17:29:25","slug":"gratificacao-de-periculosidade-e-insalubridade","status":"publish","type":"page","link":"https:\/\/sites.uel.br\/sebec\/gratificacao-de-periculosidade-e-insalubridade\/","title":{"rendered":"Gratifica\u00e7\u00e3o de Periculosidade, Insalubridade e GAS"},"content":{"rendered":"\n<p><strong><a href=\"https:\/\/sites.uel.br\/sesmt\/wp-content\/uploads\/2021\/12\/Instrucao-de-Servico-SEBEC.SESMT-003.12.pdf\" data-type=\"URL\" data-id=\"https:\/\/sites.uel.br\/sesmt\/wp-content\/uploads\/2021\/12\/Instrucao-de-Servico-SEBEC.SESMT-003.12.pdf\" target=\"_blank\" rel=\"noreferrer noopener\"><\/a><\/strong><a href=\"https:\/\/sites.uel.br\/sebec\/wp-content\/uploads\/2024\/09\/INSTRUCAO_SERVICO_CONJUNTA_SEBEC_PRORH_005_2024.pdf\" target=\"_blank\" rel=\"noreferrer noopener\"><strong><strong>Instru\u00e7\u00e3o de Servi\u00e7o SEBEC n\u00b0 005\/20<\/strong>24<\/strong> <\/a>&#8211; <strong>Normatiza os procedimentos para solicita\u00e7\u00e3o das Gratifica\u00e7\u00f5es de Periculosidade, Insalubridade e GAS.<\/strong> O requerimento deve ser realizado mediante o preenchimento do formul\u00e1rio espec\u00edfico (dispon\u00edvel abaixo), devidamente assinado pelo requerente, pela Chefia Imediata e pela Dire\u00e7\u00e3o da Unidade. Ap\u00f3s o preenchimento, o documento deve ser protocolado no sistema e-Protocolo e encaminhado \u00e0 UEL\/SEBEC\/SESMT para as devidas provid\u00eancias.<\/p>\n\n\n\n<ul class=\"wp-block-list\">\n<li><strong>Anexo I<\/strong> &#8211; FORMUL\u00c1RIO PARA SOLICITA\u00c7\u00c3O DE GRATIFICA\u00c7\u00c3O DE INSALUBRIDADE, PERICULOSIDADE E\/OU GAS, em formato <strong><a href=\"https:\/\/sites.uel.br\/sebec\/wp-content\/uploads\/2025\/11\/ANEXO-DA-INSTRUCAO_SERVICO_CONJUNTA_SEBEC_PRORH_005_2024.docx\" data-type=\"link\" data-id=\"https:\/\/sites.uel.br\/sebec\/wp-content\/uploads\/2025\/11\/ANEXO-DA-INSTRUCAO_SERVICO_CONJUNTA_SEBEC_PRORH_005_2024.docx\" target=\"_blank\" rel=\"noreferrer noopener\">WORD<\/a><\/strong> ou <strong><a href=\"https:\/\/sites.uel.br\/sebec\/wp-content\/uploads\/2025\/11\/ANEXO-DA-INSTRUCAO_SERVICO_CONJUNTA_SEBEC_PRORH_005_2024.pdf\" data-type=\"link\" data-id=\"https:\/\/sites.uel.br\/sebec\/wp-content\/uploads\/2025\/11\/ANEXO-DA-INSTRUCAO_SERVICO_CONJUNTA_SEBEC_PRORH_005_2024.pdf\" target=\"_blank\" rel=\"noreferrer noopener\">PDF<\/a><\/strong>.<\/li>\n<\/ul>\n\n\n\n<p><strong><a href=\"https:\/\/sites.uel.br\/sebec\/wp-content\/uploads\/2025\/11\/Protocolo-DIMS-SEAP-CSO.pdf\" data-type=\"link\" data-id=\"https:\/\/sites.uel.br\/sebec\/wp-content\/uploads\/2025\/11\/Protocolo-DIMS-SEAP-CSO.pdf\" target=\"_blank\" rel=\"noreferrer noopener\">Protocolo DIMS\/SEAP\/CSO<\/a><\/strong> &#8211; Coordenadoria de Seguran\u00e7a e Sa\u00fade Ocupacional, que tratam sobre a compet\u00eancia do SESMT\/SEBEC\/UEL para emiss\u00e3o de Laudos T\u00e9cnicos de Insalubridade e Periculosidade.<\/p>\n","protected":false},"excerpt":{"rendered":"<p>Instru\u00e7\u00e3o de Servi\u00e7o SEBEC n\u00b0 005\/2024 &#8211; Normatiza os procedimentos para solicita\u00e7\u00e3o das Gratifica\u00e7\u00f5es de Periculosidade, Insalubridade e GAS. O requerimento deve ser realizado mediante o preenchimento do formul\u00e1rio espec\u00edfico (dispon\u00edvel abaixo), devidamente assinado pelo requerente, pela Chefia Imediata e pela Dire\u00e7\u00e3o da Unidade. Ap\u00f3s o preenchimento, o documento deve ser protocolado no sistema e-Protocolo [&hellip;]<\/p>\n","protected":false},"author":1,"featured_media":0,"parent":0,"menu_order":0,"comment_status":"closed","ping_status":"closed","template":"","meta":{"_acf_changed":false,"footnotes":""},"class_list":["post-427","page","type-page","status-publish","hentry"],"acf":[],"_links":{"self":[{"href":"https:\/\/sites.uel.br\/sebec\/wp-json\/wp\/v2\/pages\/427","targetHints":{"allow":["GET"]}}],"collection":[{"href":"https:\/\/sites.uel.br\/sebec\/wp-json\/wp\/v2\/pages"}],"about":[{"href":"https:\/\/sites.uel.br\/sebec\/wp-json\/wp\/v2\/types\/page"}],"author":[{"embeddable":true,"href":"https:\/\/sites.uel.br\/sebec\/wp-json\/wp\/v2\/users\/1"}],"replies":[{"embeddable":true,"href":"https:\/\/sites.uel.br\/sebec\/wp-json\/wp\/v2\/comments?post=427"}],"version-history":[{"count":43,"href":"https:\/\/sites.uel.br\/sebec\/wp-json\/wp\/v2\/pages\/427\/revisions"}],"predecessor-version":[{"id":4854,"href":"https:\/\/sites.uel.br\/sebec\/wp-json\/wp\/v2\/pages\/427\/revisions\/4854"}],"wp:attachment":[{"href":"https:\/\/sites.uel.br\/sebec\/wp-json\/wp\/v2\/media?parent=427"}],"curies":[{"name":"wp","href":"https:\/\/api.w.org\/{rel}","templated":true}]}}