{"id":399,"date":"2022-03-23T15:24:51","date_gmt":"2022-03-23T18:24:51","guid":{"rendered":"https:\/\/sites.uel.br\/sebec\/?page_id=399"},"modified":"2022-08-17T10:04:36","modified_gmt":"2022-08-17T13:04:36","slug":"central-de-equipamento-de-protecao-individual-epi","status":"publish","type":"page","link":"https:\/\/sites.uel.br\/sebec\/central-de-equipamento-de-protecao-individual-epi\/","title":{"rendered":"Central de Equipamento de Prote\u00e7\u00e3o Individual &#8211; EPI"},"content":{"rendered":"\n<p><\/p>\n\n\n\n<p>Criada pela <a rel=\"noreferrer noopener\" href=\"https:\/\/sistemas.uel.br\/files\/atonormativo\/RESOLUCOES\/2013\/97.pdf\" data-type=\"URL\" data-id=\"https:\/\/sistemas.uel.br\/files\/atonormativo\/RESOLUCOES\/2013\/97.pdf\" target=\"_blank\">Resolu\u00e7\u00e3o CA n\u00b0 097\/2013<\/a>, a Central de Equipamento de Prote\u00e7\u00e3o Individual &#8211; EPI \u00e9 respons\u00e1vel pela gest\u00e3o e distribui\u00e7\u00e3o desses equipamentos.<\/p>\n\n\n\n<p>Para a solicita\u00e7\u00e3o do equipamento, as unidade administrativas devem acessar o SICOR por meio dos seguintes menus:<\/p>\n\n\n\n<p><\/p>\n\n\n<div class=\"wp-block-image\">\n<figure class=\"aligncenter size-large is-resized\"><img loading=\"lazy\" decoding=\"async\" src=\"https:\/\/sites.uel.br\/sesmt\/wp-content\/uploads\/2021\/12\/Fluxo-EPI-1024x62.png\" alt=\"\" class=\"wp-image-64\" width=\"762\" height=\"46\"\/><\/figure>\n<\/div>\n\n\n<p><\/p>\n\n\n\n<p>Deve-se indicar a fonte Almoxarifado 1000 SEBEC\/SESMT, utilizar o c\u00f3digo conforme a <a href=\"https:\/\/sites.uel.br\/sebec\/wp-content\/uploads\/2022\/07\/Relacao-de-EPI-1.pdf\" data-type=\"URL\" data-id=\"https:\/\/sites.uel.br\/sebec\/wp-content\/uploads\/2022\/07\/Relacao-de-EPI-1.pdf\" target=\"_blank\" rel=\"noreferrer noopener\"><strong>Rela\u00e7\u00e3o de EPI<\/strong> <\/a>e o nome do servidor que ir\u00e1 utilizar o equipamento.<\/p>\n\n\n\n<p><\/p>\n\n\n\n<p>D\u00favidas para realizar a solicita\u00e7\u00e3o do EPI, acesse o passo a passo:<\/p>\n\n\n\n<ul class=\"has-verde-escuro-color has-text-color wp-block-list\"><li><strong>Solicita\u00e7\u00e3o de EPI pelo SICOR<\/strong> (Em constru\u00e7\u00e3o)<\/li><\/ul>\n","protected":false},"excerpt":{"rendered":"<p>Criada pela Resolu\u00e7\u00e3o CA n\u00b0 097\/2013, a Central de Equipamento de Prote\u00e7\u00e3o Individual &#8211; EPI \u00e9 respons\u00e1vel pela gest\u00e3o e distribui\u00e7\u00e3o desses equipamentos. Para a solicita\u00e7\u00e3o do equipamento, as unidade administrativas devem acessar o SICOR por meio dos seguintes menus: Deve-se indicar a fonte Almoxarifado 1000 SEBEC\/SESMT, utilizar o c\u00f3digo conforme a Rela\u00e7\u00e3o de EPI [&hellip;]<\/p>\n","protected":false},"author":9,"featured_media":0,"parent":0,"menu_order":0,"comment_status":"closed","ping_status":"closed","template":"","meta":{"_acf_changed":false,"footnotes":""},"class_list":["post-399","page","type-page","status-publish","hentry"],"acf":[],"_links":{"self":[{"href":"https:\/\/sites.uel.br\/sebec\/wp-json\/wp\/v2\/pages\/399","targetHints":{"allow":["GET"]}}],"collection":[{"href":"https:\/\/sites.uel.br\/sebec\/wp-json\/wp\/v2\/pages"}],"about":[{"href":"https:\/\/sites.uel.br\/sebec\/wp-json\/wp\/v2\/types\/page"}],"author":[{"embeddable":true,"href":"https:\/\/sites.uel.br\/sebec\/wp-json\/wp\/v2\/users\/9"}],"replies":[{"embeddable":true,"href":"https:\/\/sites.uel.br\/sebec\/wp-json\/wp\/v2\/comments?post=399"}],"version-history":[{"count":4,"href":"https:\/\/sites.uel.br\/sebec\/wp-json\/wp\/v2\/pages\/399\/revisions"}],"predecessor-version":[{"id":2059,"href":"https:\/\/sites.uel.br\/sebec\/wp-json\/wp\/v2\/pages\/399\/revisions\/2059"}],"wp:attachment":[{"href":"https:\/\/sites.uel.br\/sebec\/wp-json\/wp\/v2\/media?parent=399"}],"curies":[{"name":"wp","href":"https:\/\/api.w.org\/{rel}","templated":true}]}}