{"id":394,"date":"2022-03-23T15:22:36","date_gmt":"2022-03-23T18:22:36","guid":{"rendered":"https:\/\/sites.uel.br\/sebec\/?page_id=394"},"modified":"2023-03-07T14:20:35","modified_gmt":"2023-03-07T17:20:35","slug":"servico-especializado-em-engenharia-de-seguranca-e-em-medicina-do-trabalho","status":"publish","type":"page","link":"https:\/\/sites.uel.br\/sebec\/servico-especializado-em-engenharia-de-seguranca-e-em-medicina-do-trabalho\/","title":{"rendered":""},"content":{"rendered":"\n<p><br><\/p>\n\n\n\n<figure class=\"wp-block-image size-large\"><img loading=\"lazy\" decoding=\"async\" width=\"1024\" height=\"278\" src=\"https:\/\/sites.uel.br\/sebec\/wp-content\/uploads\/2022\/08\/Banner-SESMT-Logo-1024x278.png\" alt=\"\" class=\"wp-image-2027\" srcset=\"https:\/\/sites.uel.br\/sebec\/wp-content\/uploads\/2022\/08\/Banner-SESMT-Logo-1024x278.png 1024w, https:\/\/sites.uel.br\/sebec\/wp-content\/uploads\/2022\/08\/Banner-SESMT-Logo-300x82.png 300w, https:\/\/sites.uel.br\/sebec\/wp-content\/uploads\/2022\/08\/Banner-SESMT-Logo-768x209.png 768w, https:\/\/sites.uel.br\/sebec\/wp-content\/uploads\/2022\/08\/Banner-SESMT-Logo-1536x418.png 1536w, https:\/\/sites.uel.br\/sebec\/wp-content\/uploads\/2022\/08\/Banner-SESMT-Logo.png 1920w\" sizes=\"auto, (max-width: 1024px) 100vw, 1024px\" \/><\/figure>\n\n\n\n<div class=\"wp-block-buttons is-content-justification-center is-layout-flex wp-container-core-buttons-is-layout-16018d1d wp-block-buttons-is-layout-flex\">\n<div class=\"wp-block-button\"><a class=\"wp-block-button__link has-cinza-claro-color has-verde-escuro-background-color has-text-color has-background wp-element-button\" href=\"https:\/\/sites.uel.br\/sebec\/?page_id=392\">Sobre o SESMT<\/a><\/div>\n\n\n\n<div class=\"wp-block-button\"><a class=\"wp-block-button__link has-cinza-claro-color has-verde-escuro-background-color has-text-color has-background wp-element-button\" href=\"https:\/\/sites.uel.br\/sebec\/?page_id=1122\">Equipe Respons\u00e1vel<\/a><\/div>\n\n\n\n<div class=\"wp-block-button\"><a class=\"wp-block-button__link has-cinza-claro-color has-verde-escuro-background-color has-text-color has-background wp-element-button\" href=\"https:\/\/sites.uel.br\/sebec\/?page_id=434\">Acidente do Trabalho<\/a><\/div>\n\n\n\n<div class=\"wp-block-button\"><a class=\"wp-block-button__link has-cinza-claro-color has-verde-escuro-background-color has-text-color has-background wp-element-button\" href=\"https:\/\/sites.uel.br\/sebec\/?page_id=441\">Afastamento Tempor\u00e1rio de Fun\u00e7\u00e3o e Readapta\u00e7\u00e3o<\/a><\/div>\n\n\n\n<div class=\"wp-block-button\"><a class=\"wp-block-button__link has-cinza-claro-color has-verde-escuro-background-color has-text-color has-background wp-element-button\" href=\"https:\/\/sites.uel.br\/sebec\/?page_id=399\">Central de Equipamento de Prote\u00e7\u00e3o Individual &#8211; EPI<\/a><\/div>\n\n\n\n<div class=\"wp-block-button\"><a class=\"wp-block-button__link has-cinza-claro-color has-verde-escuro-background-color has-text-color has-background wp-element-button\" href=\"https:\/\/sites.uel.br\/sebec\/?page_id=427\">Gratifica\u00e7\u00e3o de Periculosidade e Insalubridade<\/a><\/div>\n\n\n\n<div class=\"wp-block-button\"><a class=\"wp-block-button__link has-cinza-claro-color has-verde-escuro-background-color has-text-color has-background wp-element-button\" href=\"https:\/\/www.administracao.pr.gov.br\/SAS\/Pagina\/Pericias-Medicas\" target=\"_blank\" rel=\"noreferrer noopener\">Licen\u00e7a M\u00e9dica<\/a><\/div>\n\n\n\n<div class=\"wp-block-button\"><a class=\"wp-block-button__link has-cinza-claro-color has-verde-escuro-background-color has-text-color has-background wp-element-button\" href=\"https:\/\/sites.uel.br\/sebec\/?page_id=724\">Localiza\u00e7\u00e3o<\/a><\/div>\n\n\n\n<div class=\"wp-block-button\"><a class=\"wp-block-button__link has-cinza-claro-color has-verde-escuro-background-color has-text-color has-background wp-element-button\" href=\"https:\/\/sites.uel.br\/sebec\/?page_id=443\">Medicina do Trabalho<\/a><\/div>\n\n\n\n<div class=\"wp-block-button\"><a class=\"wp-block-button__link has-cinza-claro-color has-verde-escuro-background-color has-text-color has-background wp-element-button\" href=\"https:\/\/sites.uel.br\/sebec\/?page_id=445\">Nutri\u00e7\u00e3o<\/a><\/div>\n\n\n\n<div class=\"wp-block-button\"><a class=\"wp-block-button__link has-cinza-claro-color has-verde-escuro-background-color has-text-color has-background wp-element-button\" href=\"https:\/\/sites.uel.br\/sebec\/?page_id=439\">Normas Regulamentadoras &#8211; NR<\/a><\/div>\n\n\n\n<div class=\"wp-block-button\"><a class=\"wp-block-button__link has-cinza-claro-color has-verde-escuro-background-color has-text-color has-background wp-element-button\" href=\"https:\/\/sites.uel.br\/sebec\/?page_id=429\">PPP e LTCAT<\/a><\/div>\n\n\n\n<div class=\"wp-block-button\"><a class=\"wp-block-button__link has-cinza-claro-color has-verde-escuro-background-color has-text-color has-background wp-element-button\" href=\"https:\/\/sites.uel.br\/sebec\/?page_id=432\">Recarga e Manuten\u00e7\u00e3o de Extintores<\/a><\/div>\n<\/div>\n\n\n\n<p><br><\/p>\n\n\n\n<p class=\"has-verde-escuro-color has-text-color\"><strong><em>Links <\/em>\u00fateis:<\/strong><\/p>\n\n\n\n<p><a href=\"https:\/\/www.administracao.pr.gov.br\/SAS\/Pagina\/Pericias-Medicas\" target=\"_blank\" rel=\"noreferrer noopener\">Per\u00edcia M\u00e9dica &#8211; Agendamentos<\/a><\/p>\n\n\n\n<p><a rel=\"noreferrer noopener\" href=\"https:\/\/www.administracao.pr.gov.br\/sites\/default\/arquivos_restritos\/files\/documento\/2019-06\/manual_de_pericia_medica_0.pdf\" target=\"_blank\">Manual de Per\u00edcia M\u00e9dica<\/a><\/p>\n\n\n\n<p><a rel=\"noreferrer noopener\" href=\"https:\/\/www.gov.br\/trabalho-e-previdencia\/pt-br\" data-type=\"URL\" data-id=\"https:\/\/www.gov.br\/trabalho-e-previdencia\/pt-br\" target=\"_blank\">Minist\u00e9rio do Trabalho e Previd\u00eancia<\/a><\/p>\n\n\n\n<p><a href=\"https:\/\/www.gov.br\/fundacentro\/pt-br\" data-type=\"URL\" data-id=\"https:\/\/www.gov.br\/fundacentro\/pt-br\" target=\"_blank\" rel=\"noreferrer noopener\">Fundacentro<\/a><\/p>\n\n\n\n<p><a href=\"https:\/\/www.gov.br\/saude\/pt-br\" data-type=\"URL\" data-id=\"https:\/\/www.gov.br\/saude\/pt-br\" target=\"_blank\" rel=\"noreferrer noopener\">Minist\u00e9rio da Sa\u00fade<\/a><\/p>\n\n\n\n<p><a rel=\"noreferrer noopener\" href=\"https:\/\/sites.uel.br\/gtcovid19\/\" data-type=\"URL\" data-id=\"https:\/\/sites.uel.br\/gtcovid19\/\" target=\"_blank\">Grupo de Trabalho COVID-19 da UEL<\/a><br><\/p>\n","protected":false},"excerpt":{"rendered":"<p>Links \u00fateis: Per\u00edcia M\u00e9dica &#8211; Agendamentos Manual de Per\u00edcia M\u00e9dica Minist\u00e9rio do Trabalho e Previd\u00eancia Fundacentro Minist\u00e9rio da Sa\u00fade Grupo de Trabalho COVID-19 da UEL<\/p>\n","protected":false},"author":1,"featured_media":0,"parent":0,"menu_order":0,"comment_status":"closed","ping_status":"closed","template":"","meta":{"_acf_changed":false,"footnotes":""},"class_list":["post-394","page","type-page","status-publish","hentry"],"acf":[],"_links":{"self":[{"href":"https:\/\/sites.uel.br\/sebec\/wp-json\/wp\/v2\/pages\/394","targetHints":{"allow":["GET"]}}],"collection":[{"href":"https:\/\/sites.uel.br\/sebec\/wp-json\/wp\/v2\/pages"}],"about":[{"href":"https:\/\/sites.uel.br\/sebec\/wp-json\/wp\/v2\/types\/page"}],"author":[{"embeddable":true,"href":"https:\/\/sites.uel.br\/sebec\/wp-json\/wp\/v2\/users\/1"}],"replies":[{"embeddable":true,"href":"https:\/\/sites.uel.br\/sebec\/wp-json\/wp\/v2\/comments?post=394"}],"version-history":[{"count":35,"href":"https:\/\/sites.uel.br\/sebec\/wp-json\/wp\/v2\/pages\/394\/revisions"}],"predecessor-version":[{"id":2813,"href":"https:\/\/sites.uel.br\/sebec\/wp-json\/wp\/v2\/pages\/394\/revisions\/2813"}],"wp:attachment":[{"href":"https:\/\/sites.uel.br\/sebec\/wp-json\/wp\/v2\/media?parent=394"}],"curies":[{"name":"wp","href":"https:\/\/api.w.org\/{rel}","templated":true}]}}