{"id":392,"date":"2022-03-23T15:12:06","date_gmt":"2022-03-23T18:12:06","guid":{"rendered":"https:\/\/sites.uel.br\/sebec\/?page_id=392"},"modified":"2025-11-03T10:01:55","modified_gmt":"2025-11-03T13:01:55","slug":"sobre-o-sesmt","status":"publish","type":"page","link":"https:\/\/sites.uel.br\/sebec\/sobre-o-sesmt\/","title":{"rendered":"Sobre o Servi\u00e7o Especializado em Engenharia de Seguran\u00e7a e em Medicina do Trabalho &#8211; SESMT"},"content":{"rendered":"\n<p><\/p>\n\n\n\n<p class=\"has-text-align-left\">O Servi\u00e7o Especializado em Engenharia de Seguran\u00e7a e em Medicina do Trabalho (SESMT) \u00e9 uma Divis\u00e3o vinculada ao Servi\u00e7o de Bem-Estar \u00e0 Comunidade (SEBEC), \u00f3rg\u00e3o subordinado administrativamente ao Gabinete da Vice-Reitoria.<\/p>\n\n\n\n<p class=\"has-text-align-left\">Constitu\u00eddo por profissionais das \u00e1reas administrativa, seguran\u00e7a do trabalho, enfermagem do trabalho, medicina do trabalho, engenharia de seguran\u00e7a e nutri\u00e7\u00e3o, o SESMT tem como finalidade promover a sa\u00fade e preservar a integridade f\u00edsica e mental dos servidores. Compete-lhe coordenar, orientar, supervisionar e fiscalizar as atividades laborais, assegurando a observ\u00e2ncia das normas de seguran\u00e7a e medicina do trabalho no \u00e2mbito da UEL.<\/p>\n\n\n\n<p><\/p>\n\n\n\n<p><\/p>\n\n\n<div class=\"wp-block-image\">\n<figure class=\"aligncenter size-large is-resized\"><img loading=\"lazy\" decoding=\"async\" width=\"1024\" height=\"518\" src=\"https:\/\/sites.uel.br\/sebec\/wp-content\/uploads\/2022\/04\/IMG_20220419_131020438_HDR-scaled-e1650393363575-1024x518.jpg\" alt=\"\" class=\"wp-image-1446\" style=\"width:891px;height:451px\" srcset=\"https:\/\/sites.uel.br\/sebec\/wp-content\/uploads\/2022\/04\/IMG_20220419_131020438_HDR-scaled-e1650393363575-1024x518.jpg 1024w, https:\/\/sites.uel.br\/sebec\/wp-content\/uploads\/2022\/04\/IMG_20220419_131020438_HDR-scaled-e1650393363575-300x152.jpg 300w, https:\/\/sites.uel.br\/sebec\/wp-content\/uploads\/2022\/04\/IMG_20220419_131020438_HDR-scaled-e1650393363575-768x389.jpg 768w, https:\/\/sites.uel.br\/sebec\/wp-content\/uploads\/2022\/04\/IMG_20220419_131020438_HDR-scaled-e1650393363575-1536x777.jpg 1536w, https:\/\/sites.uel.br\/sebec\/wp-content\/uploads\/2022\/04\/IMG_20220419_131020438_HDR-scaled-e1650393363575-2048x1036.jpg 2048w\" sizes=\"auto, (max-width: 1024px) 100vw, 1024px\" \/><\/figure>\n<\/div>","protected":false},"excerpt":{"rendered":"<p>O Servi\u00e7o Especializado em Engenharia de Seguran\u00e7a e em Medicina do Trabalho (SESMT) \u00e9 uma Divis\u00e3o vinculada ao Servi\u00e7o de Bem-Estar \u00e0 Comunidade (SEBEC), \u00f3rg\u00e3o subordinado administrativamente ao Gabinete da Vice-Reitoria. Constitu\u00eddo por profissionais das \u00e1reas administrativa, seguran\u00e7a do trabalho, enfermagem do trabalho, medicina do trabalho, engenharia de seguran\u00e7a e nutri\u00e7\u00e3o, o SESMT tem como [&hellip;]<\/p>\n","protected":false},"author":1,"featured_media":0,"parent":0,"menu_order":0,"comment_status":"closed","ping_status":"closed","template":"","meta":{"_acf_changed":false,"footnotes":""},"class_list":["post-392","page","type-page","status-publish","hentry"],"acf":[],"_links":{"self":[{"href":"https:\/\/sites.uel.br\/sebec\/wp-json\/wp\/v2\/pages\/392","targetHints":{"allow":["GET"]}}],"collection":[{"href":"https:\/\/sites.uel.br\/sebec\/wp-json\/wp\/v2\/pages"}],"about":[{"href":"https:\/\/sites.uel.br\/sebec\/wp-json\/wp\/v2\/types\/page"}],"author":[{"embeddable":true,"href":"https:\/\/sites.uel.br\/sebec\/wp-json\/wp\/v2\/users\/1"}],"replies":[{"embeddable":true,"href":"https:\/\/sites.uel.br\/sebec\/wp-json\/wp\/v2\/comments?post=392"}],"version-history":[{"count":15,"href":"https:\/\/sites.uel.br\/sebec\/wp-json\/wp\/v2\/pages\/392\/revisions"}],"predecessor-version":[{"id":4805,"href":"https:\/\/sites.uel.br\/sebec\/wp-json\/wp\/v2\/pages\/392\/revisions\/4805"}],"wp:attachment":[{"href":"https:\/\/sites.uel.br\/sebec\/wp-json\/wp\/v2\/media?parent=392"}],"curies":[{"name":"wp","href":"https:\/\/api.w.org\/{rel}","templated":true}]}}