{"id":39,"date":"2022-02-04T13:14:58","date_gmt":"2022-02-04T16:14:58","guid":{"rendered":"https:\/\/sites.uel.br\/sebec\/?page_id=39"},"modified":"2024-05-08T11:09:35","modified_gmt":"2024-05-08T14:09:35","slug":"cartao-de-transporte-escolar","status":"publish","type":"page","link":"https:\/\/sites.uel.br\/sebec\/cartao-de-transporte-escolar\/","title":{"rendered":"Cart\u00e3o de Transporte Escolar"},"content":{"rendered":"\n<figure class=\"wp-block-image size-large\"><img decoding=\"async\" src=\"https:\/\/sites.uel.br\/sebec\/wp-content\/uploads\/2022\/02\/20190801_155118-1024x498.jpg\" alt=\"\" class=\"wp-image-40\" \/><\/figure>\n\n\n\n<p><\/p>\n\n\n\n<p><a href=\"https:\/\/estudantes.grandelondrina.com.br\/sicade\" target=\"_blank\" rel=\"noreferrer noopener\">Agendamento para solicitar ou renovar o Cart\u00e3o de Transporte Escolar<\/a><\/p>\n\n\n\n<p><a href=\"https:\/\/estudantes.grandelondrina.com.br\/Sicade\/SW\/Docs\" target=\"_blank\" rel=\"noreferrer noopener\">Documenta\u00e7\u00e3o para solicitar ou renovar o Cart\u00e3o de Transporte Escolar<\/a><\/p>\n\n\n\n<p><a href=\"https:\/\/estudantes.grandelondrina.com.br\/Sicade\/Content\/Docs\/formcredito.pdf\" data-type=\"URL\" data-id=\"http:\/\/estudante.tcgrandelondrina.com.br\/Sicade\/Content\/Docs\/formcredito.pdf\" target=\"_blank\" rel=\"noreferrer noopener\">Formul\u00e1rio para solicitar ou renovar o Cart\u00e3o de transporte Escolar<\/a><\/p>\n\n\n\n<p><a href=\"https:\/\/sites.uel.br\/sebec\/wp-content\/uploads\/2022\/05\/Declaracao-de-Residencia.doc\" target=\"_blank\" rel=\"noreferrer noopener\">Declara\u00e7\u00e3o de Resid\u00eancia<\/a><\/p>\n","protected":false},"excerpt":{"rendered":"<p>Agendamento para solicitar ou renovar o Cart\u00e3o de Transporte Escolar Documenta\u00e7\u00e3o para solicitar ou renovar o Cart\u00e3o de Transporte Escolar Formul\u00e1rio para solicitar ou renovar o Cart\u00e3o de transporte Escolar Declara\u00e7\u00e3o de Resid\u00eancia<\/p>\n","protected":false},"author":1,"featured_media":0,"parent":0,"menu_order":0,"comment_status":"closed","ping_status":"closed","template":"","meta":{"_acf_changed":false,"footnotes":""},"class_list":["post-39","page","type-page","status-publish","hentry"],"acf":[],"_links":{"self":[{"href":"https:\/\/sites.uel.br\/sebec\/wp-json\/wp\/v2\/pages\/39","targetHints":{"allow":["GET"]}}],"collection":[{"href":"https:\/\/sites.uel.br\/sebec\/wp-json\/wp\/v2\/pages"}],"about":[{"href":"https:\/\/sites.uel.br\/sebec\/wp-json\/wp\/v2\/types\/page"}],"author":[{"embeddable":true,"href":"https:\/\/sites.uel.br\/sebec\/wp-json\/wp\/v2\/users\/1"}],"replies":[{"embeddable":true,"href":"https:\/\/sites.uel.br\/sebec\/wp-json\/wp\/v2\/comments?post=39"}],"version-history":[{"count":11,"href":"https:\/\/sites.uel.br\/sebec\/wp-json\/wp\/v2\/pages\/39\/revisions"}],"predecessor-version":[{"id":3883,"href":"https:\/\/sites.uel.br\/sebec\/wp-json\/wp\/v2\/pages\/39\/revisions\/3883"}],"wp:attachment":[{"href":"https:\/\/sites.uel.br\/sebec\/wp-json\/wp\/v2\/media?parent=39"}],"curies":[{"name":"wp","href":"https:\/\/api.w.org\/{rel}","templated":true}]}}