{"id":362,"date":"2022-03-14T11:32:14","date_gmt":"2022-03-14T14:32:14","guid":{"rendered":"https:\/\/sites.uel.br\/sebec\/?page_id=362"},"modified":"2022-05-31T14:35:42","modified_gmt":"2022-05-31T17:35:42","slug":"relatorios-de-atividades","status":"publish","type":"page","link":"https:\/\/sites.uel.br\/sebec\/relatorios-de-atividades\/","title":{"rendered":"Relat\u00f3rios de Atividades"},"content":{"rendered":"\n<p><\/p>\n\n\n\n<p><a href=\"https:\/\/sites.uel.br\/sebec\/wp-content\/uploads\/2022\/05\/SEBEC_2021_Relatorio-de-Atividade-PROPLAN.pdf\" target=\"_blank\" rel=\"noreferrer noopener\">Relat\u00f3rio de Atividades 2021<\/a><\/p>\n\n\n\n<p><a rel=\"noreferrer noopener\" href=\"https:\/\/sites.uel.br\/sebec\/wp-content\/uploads\/2022\/03\/SEBEC_2020_Relatorio-de-Atividade-PROPLAN.pdf\" data-type=\"URL\" data-id=\"https:\/\/sites.uel.br\/sebec\/wp-content\/uploads\/2022\/03\/SEBEC_2020_Relatorio-de-Atividade-PROPLAN.pdf\" target=\"_blank\">Relat\u00f3rio de Atividades 2020<\/a><\/p>\n\n\n\n<p><a href=\"https:\/\/sites.uel.br\/sebec\/wp-content\/uploads\/2022\/03\/SEBEC_2019_Relatorio-de-Atividade-PROPLAN.pdf\" data-type=\"URL\" data-id=\"https:\/\/sites.uel.br\/sebec\/wp-content\/uploads\/2022\/03\/SEBEC_2019_Relatorio-de-Atividade-PROPLAN.pdf\" target=\"_blank\" rel=\"noreferrer noopener\">Relat\u00f3rio de Atividades 2019<\/a><\/p>\n\n\n\n<p><a href=\"https:\/\/sites.uel.br\/sebec\/wp-content\/uploads\/2022\/03\/SEBEC_2018_Relatorio-de-Atividade-PROPLAN.pdf\" data-type=\"URL\" data-id=\"https:\/\/sites.uel.br\/sebec\/wp-content\/uploads\/2022\/03\/SEBEC_2018_Relatorio-de-Atividade-PROPLAN.pdf\" target=\"_blank\" rel=\"noreferrer noopener\">Relat\u00f3rio de Atividades 2018<\/a><\/p>\n\n\n\n<p><a href=\"https:\/\/sites.uel.br\/sebec\/wp-content\/uploads\/2022\/03\/SEBEC_2017_Relatorio-de-Atividade-PROPLAN.pdf\" data-type=\"URL\" data-id=\"https:\/\/sites.uel.br\/sebec\/wp-content\/uploads\/2022\/03\/SEBEC_2017_Relatorio-de-Atividade-PROPLAN.pdf\" target=\"_blank\" rel=\"noreferrer noopener\">Relat\u00f3rio de Atividades 2017<\/a><\/p>\n\n\n\n<p><a href=\"https:\/\/sites.uel.br\/sebec\/wp-content\/uploads\/2022\/03\/SEBEC_2016_Relatorio-de-Atividade-PROPLAN-.pdf\" data-type=\"URL\" data-id=\"https:\/\/sites.uel.br\/sebec\/wp-content\/uploads\/2022\/03\/SEBEC_2016_Relatorio-de-Atividade-PROPLAN-.pdf\" target=\"_blank\" rel=\"noreferrer noopener\">Relat\u00f3rio de Atividades 2016<\/a><\/p>\n\n\n\n<p><a href=\"https:\/\/sites.uel.br\/sebec\/wp-content\/uploads\/2022\/03\/SEBEC_2015_Relatorio-de-Atividade-PROPLAN.pdf\" data-type=\"URL\" data-id=\"https:\/\/sites.uel.br\/sebec\/wp-content\/uploads\/2022\/03\/SEBEC_2015_Relatorio-de-Atividade-PROPLAN.pdf\" target=\"_blank\" rel=\"noreferrer noopener\">Relat\u00f3rio de Atividades 2015<\/a><\/p>\n","protected":false},"excerpt":{"rendered":"<p>Relat\u00f3rio de Atividades 2021 Relat\u00f3rio de Atividades 2020 Relat\u00f3rio de Atividades 2019 Relat\u00f3rio de Atividades 2018 Relat\u00f3rio de Atividades 2017 Relat\u00f3rio de Atividades 2016 Relat\u00f3rio de Atividades 2015<\/p>\n","protected":false},"author":1,"featured_media":0,"parent":0,"menu_order":0,"comment_status":"closed","ping_status":"closed","template":"","meta":{"_acf_changed":false,"footnotes":""},"class_list":["post-362","page","type-page","status-publish","hentry"],"acf":[],"_links":{"self":[{"href":"https:\/\/sites.uel.br\/sebec\/wp-json\/wp\/v2\/pages\/362","targetHints":{"allow":["GET"]}}],"collection":[{"href":"https:\/\/sites.uel.br\/sebec\/wp-json\/wp\/v2\/pages"}],"about":[{"href":"https:\/\/sites.uel.br\/sebec\/wp-json\/wp\/v2\/types\/page"}],"author":[{"embeddable":true,"href":"https:\/\/sites.uel.br\/sebec\/wp-json\/wp\/v2\/users\/1"}],"replies":[{"embeddable":true,"href":"https:\/\/sites.uel.br\/sebec\/wp-json\/wp\/v2\/comments?post=362"}],"version-history":[{"count":8,"href":"https:\/\/sites.uel.br\/sebec\/wp-json\/wp\/v2\/pages\/362\/revisions"}],"predecessor-version":[{"id":1660,"href":"https:\/\/sites.uel.br\/sebec\/wp-json\/wp\/v2\/pages\/362\/revisions\/1660"}],"wp:attachment":[{"href":"https:\/\/sites.uel.br\/sebec\/wp-json\/wp\/v2\/media?parent=362"}],"curies":[{"name":"wp","href":"https:\/\/api.w.org\/{rel}","templated":true}]}}