{"id":354,"date":"2022-03-11T10:38:30","date_gmt":"2022-03-11T13:38:30","guid":{"rendered":"https:\/\/sites.uel.br\/sebec\/?page_id=354"},"modified":"2022-05-09T11:20:05","modified_gmt":"2022-05-09T14:20:05","slug":"divisao-de-apoio-administrativo","status":"publish","type":"page","link":"https:\/\/sites.uel.br\/sebec\/divisao-de-apoio-administrativo\/","title":{"rendered":"Sobre a Divis\u00e3o de Apoio Administrativo"},"content":{"rendered":"\n<p><\/p>\n\n\n\n<p>A Divis\u00e3o de Apoio Administrativo \u2013&nbsp;DAA, tem o car\u00e1ter de gerenciador dos processos administrativos, do controle e da log\u00edstica do SEBEC. Al\u00e9m da atividade cartorial, tem tamb\u00e9m a incumb\u00eancia de refletir sobre o cotidiano t\u00e9cnico das outras divis\u00f5es do \u00f3rg\u00e3o, buscando agilizar e coordenar toda esp\u00e9cie de atendimento pessoal, concentrar toda a informa\u00e7\u00e3o para trat\u00e1-la e realizar o melhor uso poss\u00edvel dela, assim como recepcionar a comunidade usu\u00e1ria do servi\u00e7o.<\/p>\n\n\n\n<p><\/p>\n\n\n\n<div class=\"wp-block-image\"><figure class=\"aligncenter size-large is-resized\"><img loading=\"lazy\" decoding=\"async\" src=\"https:\/\/sites.uel.br\/sebec\/wp-content\/uploads\/2022\/04\/IMG_20220418_111825715_HDR-scaled-e1650393201240-1024x602.jpg\" alt=\"\" class=\"wp-image-1441\" width=\"793\" height=\"466\" srcset=\"https:\/\/sites.uel.br\/sebec\/wp-content\/uploads\/2022\/04\/IMG_20220418_111825715_HDR-scaled-e1650393201240-1024x602.jpg 1024w, https:\/\/sites.uel.br\/sebec\/wp-content\/uploads\/2022\/04\/IMG_20220418_111825715_HDR-scaled-e1650393201240-300x176.jpg 300w, https:\/\/sites.uel.br\/sebec\/wp-content\/uploads\/2022\/04\/IMG_20220418_111825715_HDR-scaled-e1650393201240-768x451.jpg 768w, https:\/\/sites.uel.br\/sebec\/wp-content\/uploads\/2022\/04\/IMG_20220418_111825715_HDR-scaled-e1650393201240-1536x902.jpg 1536w, https:\/\/sites.uel.br\/sebec\/wp-content\/uploads\/2022\/04\/IMG_20220418_111825715_HDR-scaled-e1650393201240-2048x1203.jpg 2048w\" sizes=\"auto, (max-width: 793px) 100vw, 793px\" \/><\/figure><\/div>\n","protected":false},"excerpt":{"rendered":"<p>A Divis\u00e3o de Apoio Administrativo \u2013&nbsp;DAA, tem o car\u00e1ter de gerenciador dos processos administrativos, do controle e da log\u00edstica do SEBEC. Al\u00e9m da atividade cartorial, tem tamb\u00e9m a incumb\u00eancia de refletir sobre o cotidiano t\u00e9cnico das outras divis\u00f5es do \u00f3rg\u00e3o, buscando agilizar e coordenar toda esp\u00e9cie de atendimento pessoal, concentrar toda a informa\u00e7\u00e3o para trat\u00e1-la [&hellip;]<\/p>\n","protected":false},"author":1,"featured_media":0,"parent":0,"menu_order":0,"comment_status":"closed","ping_status":"closed","template":"","meta":{"_acf_changed":false,"footnotes":""},"class_list":["post-354","page","type-page","status-publish","hentry"],"acf":[],"_links":{"self":[{"href":"https:\/\/sites.uel.br\/sebec\/wp-json\/wp\/v2\/pages\/354","targetHints":{"allow":["GET"]}}],"collection":[{"href":"https:\/\/sites.uel.br\/sebec\/wp-json\/wp\/v2\/pages"}],"about":[{"href":"https:\/\/sites.uel.br\/sebec\/wp-json\/wp\/v2\/types\/page"}],"author":[{"embeddable":true,"href":"https:\/\/sites.uel.br\/sebec\/wp-json\/wp\/v2\/users\/1"}],"replies":[{"embeddable":true,"href":"https:\/\/sites.uel.br\/sebec\/wp-json\/wp\/v2\/comments?post=354"}],"version-history":[{"count":11,"href":"https:\/\/sites.uel.br\/sebec\/wp-json\/wp\/v2\/pages\/354\/revisions"}],"predecessor-version":[{"id":1561,"href":"https:\/\/sites.uel.br\/sebec\/wp-json\/wp\/v2\/pages\/354\/revisions\/1561"}],"wp:attachment":[{"href":"https:\/\/sites.uel.br\/sebec\/wp-json\/wp\/v2\/media?parent=354"}],"curies":[{"name":"wp","href":"https:\/\/api.w.org\/{rel}","templated":true}]}}