{"id":3389,"date":"2023-10-11T15:47:41","date_gmt":"2023-10-11T18:47:41","guid":{"rendered":"https:\/\/sites.uel.br\/sebec\/?page_id=3389"},"modified":"2025-02-05T11:21:26","modified_gmt":"2025-02-05T14:21:26","slug":"processo-de-selecao-para-programa-de-formacao-de-estudante-empreendedor-a-pfee","status":"publish","type":"page","link":"https:\/\/sites.uel.br\/sebec\/processo-de-selecao-para-programa-de-formacao-de-estudante-empreendedor-a-pfee\/","title":{"rendered":"Processo de Sele\u00e7\u00e3o para Programa de Forma\u00e7\u00e3o de Estudante Empreendedor\/a (PFEE)"},"content":{"rendered":"\n<p><a href=\"https:\/\/sites.uel.br\/sebec\/noticias\/2024\/12\/09\/processo-de-selecao-para-programa-de-formacao-de-estudante-empreendedor-a-pfee-uel-2025\/\" target=\"_blank\" rel=\"noreferrer noopener\">Processo de Sele\u00e7\u00e3o para Programa de Forma\u00e7\u00e3o de Estudante Empreendedor\/a (PFEE) UEL 2025<\/a><\/p>\n\n\n\n<p><a href=\"https:\/\/sites.uel.br\/sebec\/noticias\/2023\/10\/10\/programa-de-formacao-de-estudante-empreendedor-a-pfee-uel-2023\/\">Processo de Sele\u00e7\u00e3o para Programa de Forma\u00e7\u00e3o de Estudante Empreendedor\/a (PFEE) UEL 2023<\/a><\/p>\n","protected":false},"excerpt":{"rendered":"<p>Processo de Sele\u00e7\u00e3o para Programa de Forma\u00e7\u00e3o de Estudante Empreendedor\/a (PFEE) UEL 2025 Processo de Sele\u00e7\u00e3o para Programa de Forma\u00e7\u00e3o de Estudante Empreendedor\/a (PFEE) UEL 2023<\/p>\n","protected":false},"author":10,"featured_media":0,"parent":0,"menu_order":0,"comment_status":"closed","ping_status":"closed","template":"","meta":{"_acf_changed":false,"footnotes":""},"class_list":["post-3389","page","type-page","status-publish","hentry"],"acf":[],"_links":{"self":[{"href":"https:\/\/sites.uel.br\/sebec\/wp-json\/wp\/v2\/pages\/3389","targetHints":{"allow":["GET"]}}],"collection":[{"href":"https:\/\/sites.uel.br\/sebec\/wp-json\/wp\/v2\/pages"}],"about":[{"href":"https:\/\/sites.uel.br\/sebec\/wp-json\/wp\/v2\/types\/page"}],"author":[{"embeddable":true,"href":"https:\/\/sites.uel.br\/sebec\/wp-json\/wp\/v2\/users\/10"}],"replies":[{"embeddable":true,"href":"https:\/\/sites.uel.br\/sebec\/wp-json\/wp\/v2\/comments?post=3389"}],"version-history":[{"count":2,"href":"https:\/\/sites.uel.br\/sebec\/wp-json\/wp\/v2\/pages\/3389\/revisions"}],"predecessor-version":[{"id":4367,"href":"https:\/\/sites.uel.br\/sebec\/wp-json\/wp\/v2\/pages\/3389\/revisions\/4367"}],"wp:attachment":[{"href":"https:\/\/sites.uel.br\/sebec\/wp-json\/wp\/v2\/media?parent=3389"}],"curies":[{"name":"wp","href":"https:\/\/api.w.org\/{rel}","templated":true}]}}