{"id":3316,"date":"2023-10-06T14:45:44","date_gmt":"2023-10-06T17:45:44","guid":{"rendered":"https:\/\/sites.uel.br\/sebec\/?page_id=3316"},"modified":"2026-04-10T09:18:17","modified_gmt":"2026-04-10T12:18:17","slug":"cardapio","status":"publish","type":"page","link":"https:\/\/sites.uel.br\/sebec\/cardapio\/","title":{"rendered":"Card\u00e1pio"},"content":{"rendered":"\n<p class=\"has-text-align-left\"><strong>Hor\u00e1rio de Atendimento do Restaurante Universit\u00e1rio<\/strong><\/p>\n\n\n\n<p class=\"has-text-align-left\">De segunda-feira a sexta-feira: <\/p>\n\n\n\n<p><\/p>\n\n\n\n<p><strong>Almo\u00e7o: das 11h00 \u00e0s 14h00<\/strong><\/p>\n\n\n\n<p><strong>Jantar: das 17h30 \u00e0s 19h30 <\/strong><\/p>\n\n\n\n<p class=\"has-text-align-center\"><\/p>\n\n\n\n<figure class=\"wp-block-gallery has-nested-images columns-default is-cropped wp-block-gallery-1 is-layout-flex wp-block-gallery-is-layout-flex\">\n<figure class=\"wp-block-image size-large\"><img loading=\"lazy\" decoding=\"async\" width=\"1024\" height=\"724\" data-id=\"4984\" src=\"https:\/\/sites.uel.br\/sebec\/wp-content\/uploads\/2026\/02\/Obrigatorio-carteirinha-de-identificacao-digital-ou-impressa_page-0001-1024x724.jpg\" alt=\"\" class=\"wp-image-4984\" srcset=\"https:\/\/sites.uel.br\/sebec\/wp-content\/uploads\/2026\/02\/Obrigatorio-carteirinha-de-identificacao-digital-ou-impressa_page-0001-1024x724.jpg 1024w, https:\/\/sites.uel.br\/sebec\/wp-content\/uploads\/2026\/02\/Obrigatorio-carteirinha-de-identificacao-digital-ou-impressa_page-0001-300x212.jpg 300w, https:\/\/sites.uel.br\/sebec\/wp-content\/uploads\/2026\/02\/Obrigatorio-carteirinha-de-identificacao-digital-ou-impressa_page-0001-768x543.jpg 768w, https:\/\/sites.uel.br\/sebec\/wp-content\/uploads\/2026\/02\/Obrigatorio-carteirinha-de-identificacao-digital-ou-impressa_page-0001-1536x1085.jpg 1536w, https:\/\/sites.uel.br\/sebec\/wp-content\/uploads\/2026\/02\/Obrigatorio-carteirinha-de-identificacao-digital-ou-impressa_page-0001.jpg 1755w\" sizes=\"auto, (max-width: 1024px) 100vw, 1024px\" \/><\/figure>\n<\/figure>\n\n\n<div class=\"wp-block-image\">\n<figure class=\"aligncenter size-large is-resized\"><img loading=\"lazy\" decoding=\"async\" width=\"1024\" height=\"331\" src=\"https:\/\/sites.uel.br\/sebec\/wp-content\/uploads\/2023\/11\/cardapio-1024x331.gif\" alt=\"\" class=\"wp-image-3530\" style=\"width:262px;height:85px\" srcset=\"https:\/\/sites.uel.br\/sebec\/wp-content\/uploads\/2023\/11\/cardapio-1024x331.gif 1024w, https:\/\/sites.uel.br\/sebec\/wp-content\/uploads\/2023\/11\/cardapio-300x97.gif 300w, https:\/\/sites.uel.br\/sebec\/wp-content\/uploads\/2023\/11\/cardapio-768x248.gif 768w\" sizes=\"auto, (max-width: 1024px) 100vw, 1024px\" \/><\/figure>\n<\/div>\n\n\n<p><\/p>\n","protected":false},"excerpt":{"rendered":"<p>Hor\u00e1rio de Atendimento do Restaurante Universit\u00e1rio De segunda-feira a sexta-feira: Almo\u00e7o: das 11h00 \u00e0s 14h00 Jantar: das 17h30 \u00e0s 19h30<\/p>\n","protected":false},"author":32,"featured_media":0,"parent":0,"menu_order":0,"comment_status":"closed","ping_status":"closed","template":"ru-cardapio.php","meta":{"_acf_changed":false,"footnotes":""},"class_list":["post-3316","page","type-page","status-publish","hentry"],"acf":[],"_links":{"self":[{"href":"https:\/\/sites.uel.br\/sebec\/wp-json\/wp\/v2\/pages\/3316","targetHints":{"allow":["GET"]}}],"collection":[{"href":"https:\/\/sites.uel.br\/sebec\/wp-json\/wp\/v2\/pages"}],"about":[{"href":"https:\/\/sites.uel.br\/sebec\/wp-json\/wp\/v2\/types\/page"}],"author":[{"embeddable":true,"href":"https:\/\/sites.uel.br\/sebec\/wp-json\/wp\/v2\/users\/32"}],"replies":[{"embeddable":true,"href":"https:\/\/sites.uel.br\/sebec\/wp-json\/wp\/v2\/comments?post=3316"}],"version-history":[{"count":489,"href":"https:\/\/sites.uel.br\/sebec\/wp-json\/wp\/v2\/pages\/3316\/revisions"}],"predecessor-version":[{"id":5065,"href":"https:\/\/sites.uel.br\/sebec\/wp-json\/wp\/v2\/pages\/3316\/revisions\/5065"}],"wp:attachment":[{"href":"https:\/\/sites.uel.br\/sebec\/wp-json\/wp\/v2\/media?parent=3316"}],"curies":[{"name":"wp","href":"https:\/\/api.w.org\/{rel}","templated":true}]}}