{"id":27,"date":"2022-02-04T12:01:33","date_gmt":"2022-02-04T15:01:33","guid":{"rendered":"https:\/\/sites.uel.br\/sebec\/?page_id=27"},"modified":"2025-01-13T10:11:28","modified_gmt":"2025-01-13T13:11:28","slug":"apresentacao","status":"publish","type":"page","link":"https:\/\/sites.uel.br\/sebec\/apresentacao\/","title":{"rendered":"Apresenta\u00e7\u00e3o"},"content":{"rendered":"\n<p><\/p>\n\n\n<div class=\"wp-block-image\">\n<figure class=\"aligncenter size-large\"><img loading=\"lazy\" decoding=\"async\" width=\"1024\" height=\"328\" src=\"https:\/\/sites.uel.br\/sebec\/wp-content\/uploads\/2022\/02\/20190801_155118-scaled-e1644252437676-1024x328.jpg\" alt=\"\" class=\"wp-image-40\" srcset=\"https:\/\/sites.uel.br\/sebec\/wp-content\/uploads\/2022\/02\/20190801_155118-scaled-e1644252437676-1024x328.jpg 1024w, https:\/\/sites.uel.br\/sebec\/wp-content\/uploads\/2022\/02\/20190801_155118-scaled-e1644252437676-300x96.jpg 300w, https:\/\/sites.uel.br\/sebec\/wp-content\/uploads\/2022\/02\/20190801_155118-scaled-e1644252437676-768x246.jpg 768w, https:\/\/sites.uel.br\/sebec\/wp-content\/uploads\/2022\/02\/20190801_155118-scaled-e1644252437676-1536x491.jpg 1536w, https:\/\/sites.uel.br\/sebec\/wp-content\/uploads\/2022\/02\/20190801_155118-scaled-e1644252437676-2048x655.jpg 2048w\" sizes=\"auto, (max-width: 1024px) 100vw, 1024px\" \/><\/figure>\n<\/div>\n\n\n<p><\/p>\n\n\n\n<p>O Servi\u00e7o de Bem-Estar \u00e0 Comunidade \u2013 SEBEC, \u00f3rg\u00e3o de apoio da Reitoria da UEL, tem a miss\u00e3o de desenvolver a\u00e7\u00f5es, na perspectiva da aten\u00e7\u00e3o e assist\u00eancia individual e coletiva \u00e0 comunidade universit\u00e1ria, sejam estes servidores agentes universit\u00e1rios, docentes e estudantes, buscando operacionalizar servi\u00e7os e programas nas \u00e1reas de sa\u00fade do trabalhador, seguran\u00e7a do trabalho, seguran\u00e7a alimentar e nutricional, servi\u00e7o social, psicologia e perman\u00eancia estudantil. <\/p>\n\n\n\n<p><\/p>\n\n\n\n<p>Sua finalidade \u00e9 a de planejamento, coordena\u00e7\u00e3o, execu\u00e7\u00e3o, supervis\u00e3o e controle de servi\u00e7os que promovam bem-estar \u00e0 comunidade universit\u00e1ria no sentido de garantir integral condi\u00e7\u00e3o de trabalho e de viv\u00eancia acad\u00eamica dentro da UEL contribuindo na perspectiva de a\u00e7\u00f5es afirmativas de inclus\u00e3o, respeito \u00e0 diversidade e respeito \u00e0s quest\u00f5es \u00e9tnicas.<\/p>\n\n\n\n<p><\/p>\n\n\n\n<p>O SEBEC conta com quatro locais distintos, sendo tr\u00eas no campus e um no Hospital Universit\u00e1rio. No campus, em seu pr\u00e9dio central com 479,03m\u00b2, atuam a Dire\u00e7\u00e3o do SEBEC; a Divis\u00e3o de Apoio Administrativo; a Divis\u00e3o de Servi\u00e7o Social e Sa\u00fade Mental; e a Divis\u00e3o de Servi\u00e7o Especializado em Engenharia de Seguran\u00e7a e em Medicina do Trabalho. A Divis\u00e3o de Moradia Estudantil est\u00e1 na circunscri\u00e7\u00e3o do campus pr\u00f3ximo a reitoria da universidade com pr\u00e9dio com 1.670,41m\u00b2. E a Divis\u00e3o de Restaurante Universit\u00e1rio tem sua estrutura no centro do campus com uma \u00e1rea de 3.919m\u00b2.\u00a0\u00a0J\u00e1 no Hospital Universit\u00e1rio, o SEBEC est\u00e1 presente no terceiro andar do pr\u00e9dio administrativo com a Divis\u00e3o de Servi\u00e7o Especializado em Engenharia de Seguran\u00e7a e em Medicina do Trabalho; e a Divis\u00e3o de Servi\u00e7o Social e Sa\u00fade Mental.<\/p>\n\n\n\n<p><\/p>\n\n\n\n<p class=\"has-text-align-left has-verde-escuro-color has-text-color\" style=\"font-size:25px\"><strong>Estrutura Organizacional<\/strong><\/p>\n\n\n\n<figure class=\"wp-block-image size-large\"><img loading=\"lazy\" decoding=\"async\" width=\"1024\" height=\"578\" src=\"https:\/\/sites.uel.br\/sebec\/wp-content\/uploads\/2022\/06\/Organograma-SEBEC-2022-1024x578.png\" alt=\"\" class=\"wp-image-1807\" srcset=\"https:\/\/sites.uel.br\/sebec\/wp-content\/uploads\/2022\/06\/Organograma-SEBEC-2022-1024x578.png 1024w, https:\/\/sites.uel.br\/sebec\/wp-content\/uploads\/2022\/06\/Organograma-SEBEC-2022-300x169.png 300w, https:\/\/sites.uel.br\/sebec\/wp-content\/uploads\/2022\/06\/Organograma-SEBEC-2022-768x433.png 768w, https:\/\/sites.uel.br\/sebec\/wp-content\/uploads\/2022\/06\/Organograma-SEBEC-2022.png 1246w\" sizes=\"auto, (max-width: 1024px) 100vw, 1024px\" \/><figcaption class=\"wp-element-caption\"><strong>Fonte:<\/strong> SEBEC (2022)<\/figcaption><\/figure>\n\n\n\n<p><\/p>\n","protected":false},"excerpt":{"rendered":"<p>O Servi\u00e7o de Bem-Estar \u00e0 Comunidade \u2013 SEBEC, \u00f3rg\u00e3o de apoio da Reitoria da UEL, tem a miss\u00e3o de desenvolver a\u00e7\u00f5es, na perspectiva da aten\u00e7\u00e3o e assist\u00eancia individual e coletiva \u00e0 comunidade universit\u00e1ria, sejam estes servidores agentes universit\u00e1rios, docentes e estudantes, buscando operacionalizar servi\u00e7os e programas nas \u00e1reas de sa\u00fade do trabalhador, seguran\u00e7a do trabalho, [&hellip;]<\/p>\n","protected":false},"author":1,"featured_media":0,"parent":0,"menu_order":0,"comment_status":"closed","ping_status":"closed","template":"","meta":{"_acf_changed":false,"footnotes":""},"class_list":["post-27","page","type-page","status-publish","hentry"],"acf":[],"_links":{"self":[{"href":"https:\/\/sites.uel.br\/sebec\/wp-json\/wp\/v2\/pages\/27","targetHints":{"allow":["GET"]}}],"collection":[{"href":"https:\/\/sites.uel.br\/sebec\/wp-json\/wp\/v2\/pages"}],"about":[{"href":"https:\/\/sites.uel.br\/sebec\/wp-json\/wp\/v2\/types\/page"}],"author":[{"embeddable":true,"href":"https:\/\/sites.uel.br\/sebec\/wp-json\/wp\/v2\/users\/1"}],"replies":[{"embeddable":true,"href":"https:\/\/sites.uel.br\/sebec\/wp-json\/wp\/v2\/comments?post=27"}],"version-history":[{"count":14,"href":"https:\/\/sites.uel.br\/sebec\/wp-json\/wp\/v2\/pages\/27\/revisions"}],"predecessor-version":[{"id":4297,"href":"https:\/\/sites.uel.br\/sebec\/wp-json\/wp\/v2\/pages\/27\/revisions\/4297"}],"wp:attachment":[{"href":"https:\/\/sites.uel.br\/sebec\/wp-json\/wp\/v2\/media?parent=27"}],"curies":[{"name":"wp","href":"https:\/\/api.w.org\/{rel}","templated":true}]}}