{"id":2582,"date":"2023-01-09T08:20:58","date_gmt":"2023-01-09T11:20:58","guid":{"rendered":"https:\/\/sites.uel.br\/sebec\/?page_id=2582"},"modified":"2023-04-05T11:50:54","modified_gmt":"2023-04-05T14:50:54","slug":"processo-de-selecao-do-curso-especial-pre-vestibular-2023","status":"publish","type":"page","link":"https:\/\/sites.uel.br\/sebec\/processo-de-selecao-do-curso-especial-pre-vestibular-2023\/","title":{"rendered":"Processo de Sele\u00e7\u00e3o do Curso Especial Pr\u00e9-Vestibular 2023"},"content":{"rendered":"\n<p><\/p>\n\n\n\n<p>Edital para o Processo de Sele\u00e7\u00e3o vagas no Curso Pr\u00e9-Vestibular da UEL\/2023 &#8211; <a rel=\"noreferrer noopener\" href=\"https:\/\/sites.uel.br\/sebec\/wp-content\/uploads\/2022\/12\/Edital-Conjunto-Proex_002_2022-Cursinho.pdf\" target=\"_blank\">clique aqui<\/a><\/p>\n\n\n\n<p>Altera\u00e7\u00e3o de Cronograma &#8211; <a href=\"https:\/\/sites.uel.br\/sebec\/wp-content\/uploads\/2023\/03\/Errata-do-Edital-conjunto-SEBEC-PROEX-002_2022.pdf\" target=\"_blank\" rel=\"noreferrer noopener\">clique aqui<\/a><\/p>\n\n\n\n<p><\/p>\n\n\n\n<p><strong>NIS<\/strong><\/p>\n\n\n\n<p>Per\u00edodo de inscri\u00e7\u00e3o pelo <strong>NIS<\/strong> 09\/01 a 30\/01\/2023<\/p>\n\n\n\n<p>Edital deferidos e indeferidos <strong>NIS<\/strong> 01\/02\/2023 &#8211; 17h, <a href=\"https:\/\/sites.uel.br\/sebec\/wp-content\/uploads\/2023\/02\/Edital-001_2023-Resultado-Cursinho-NIS.pdf\" target=\"_blank\" rel=\"noreferrer noopener\">clique aqui<\/a><\/p>\n\n\n\n<p>Solicita\u00e7\u00e3o de recurso pelo <strong>NIS<\/strong> &#8211; 10h do dia 02\/02\/2023 as 23:59 do dia  03\/02\/2023<\/p>\n\n\n\n<p>Edital dos pedidos de recurso <strong>NIS<\/strong> &#8211; 17h do dia  06\/02\/2023, <a rel=\"noreferrer noopener\" href=\"https:\/\/sites.uel.br\/sebec\/wp-content\/uploads\/2023\/02\/Edital-de-recurso-NIS.pdf\" target=\"_blank\">clique aqui<\/a><\/p>\n\n\n\n<p>Matr\u00edcula para Inscri\u00e7\u00f5es feitas pelo <strong>NIS<\/strong> &#8211; 04 e 05\/04\/2023 &#8211; <a rel=\"noreferrer noopener\" href=\"https:\/\/sites.uel.br\/cursinho\/\" target=\"_blank\">clique aqui<\/a><\/p>\n\n\n\n<p><strong>SEBEC<\/strong><\/p>\n\n\n\n<p>Per\u00edodo de inscri\u00e7\u00e3o pelo <strong>SEBEC<\/strong> 31\/01 a 17\/02\/2023<\/p>\n\n\n\n<p>Edital deferidos e indeferidos <strong>SEBEC<\/strong> &#8211; 17h do dia 22\/03\/2023, <a href=\"https:\/\/sites.uel.br\/sebec\/wp-content\/uploads\/2023\/03\/Edital-007_2023-Resultado-CUrsinho-SEBEC-2023-Preliminar.pdf\" target=\"_blank\" rel=\"noreferrer noopener\">clique aqui<\/a><\/p>\n\n\n\n<p>Solicita\u00e7\u00e3o de recurso pelo <strong>SEBEC<\/strong> &#8211; 8h do dia 23\/03\/2023 \u00e0s 17h do dia 24\/03\/2023<\/p>\n\n\n\n<p>Edital dos pedidos de recurso <strong>SEBEC<\/strong> &#8211; 17h do dia 31\/03\/2023, <a rel=\"noreferrer noopener\" href=\"https:\/\/sites.uel.br\/sebec\/wp-content\/uploads\/2023\/03\/Edital-009_2023-Resultado-Cursinho-SEBEC-2023-Recurso.pdf\" target=\"_blank\">clique aqui<\/a><\/p>\n\n\n\n<p>Matr\u00edcula para Inscri\u00e7\u00f5es feitas pelo <strong>SEBEC<\/strong> &#8211; 04 e 05\/04\/2023 &#8211; <a rel=\"noreferrer noopener\" href=\"https:\/\/sites.uel.br\/cursinho\/\" target=\"_blank\">clique aqui<\/a><\/p>\n\n\n\n<p>Informa\u00e7\u00f5es pelo e-mail cursinho@uel.br ou pelo site <a rel=\"noreferrer noopener\" href=\"https:\/\/sites.uel.br\/cursinho\/\" target=\"_blank\">https:\/\/sites.uel.br\/cursinho\/<\/a><\/p>\n\n\n\n<p><\/p>\n","protected":false},"excerpt":{"rendered":"<p>Edital para o Processo de Sele\u00e7\u00e3o vagas no Curso Pr\u00e9-Vestibular da UEL\/2023 &#8211; clique aqui Altera\u00e7\u00e3o de Cronograma &#8211; clique aqui NIS Per\u00edodo de inscri\u00e7\u00e3o pelo NIS 09\/01 a 30\/01\/2023 Edital deferidos e indeferidos NIS 01\/02\/2023 &#8211; 17h, clique aqui Solicita\u00e7\u00e3o de recurso pelo NIS &#8211; 10h do dia 02\/02\/2023 as 23:59 do dia 03\/02\/2023 [&hellip;]<\/p>\n","protected":false},"author":10,"featured_media":0,"parent":0,"menu_order":0,"comment_status":"closed","ping_status":"closed","template":"","meta":{"_acf_changed":false,"footnotes":""},"class_list":["post-2582","page","type-page","status-publish","hentry"],"acf":[],"_links":{"self":[{"href":"https:\/\/sites.uel.br\/sebec\/wp-json\/wp\/v2\/pages\/2582","targetHints":{"allow":["GET"]}}],"collection":[{"href":"https:\/\/sites.uel.br\/sebec\/wp-json\/wp\/v2\/pages"}],"about":[{"href":"https:\/\/sites.uel.br\/sebec\/wp-json\/wp\/v2\/types\/page"}],"author":[{"embeddable":true,"href":"https:\/\/sites.uel.br\/sebec\/wp-json\/wp\/v2\/users\/10"}],"replies":[{"embeddable":true,"href":"https:\/\/sites.uel.br\/sebec\/wp-json\/wp\/v2\/comments?post=2582"}],"version-history":[{"count":42,"href":"https:\/\/sites.uel.br\/sebec\/wp-json\/wp\/v2\/pages\/2582\/revisions"}],"predecessor-version":[{"id":2911,"href":"https:\/\/sites.uel.br\/sebec\/wp-json\/wp\/v2\/pages\/2582\/revisions\/2911"}],"wp:attachment":[{"href":"https:\/\/sites.uel.br\/sebec\/wp-json\/wp\/v2\/media?parent=2582"}],"curies":[{"name":"wp","href":"https:\/\/api.w.org\/{rel}","templated":true}]}}