{"id":257,"date":"2022-02-16T15:13:18","date_gmt":"2022-02-16T18:13:18","guid":{"rendered":"https:\/\/sites.uel.br\/sebec\/?page_id=257"},"modified":"2022-03-29T13:47:18","modified_gmt":"2022-03-29T16:47:18","slug":"resolucoes","status":"publish","type":"page","link":"https:\/\/sites.uel.br\/sebec\/resolucoes\/","title":{"rendered":"Resolu\u00e7\u00f5es"},"content":{"rendered":"\n<p><\/p>\n\n\n\n<p><strong><a rel=\"noreferrer noopener\" href=\"https:\/\/sites.uel.br\/sebec\/wp-content\/uploads\/2022\/02\/RESOLUCAO0159-2005.pdf\" data-type=\"URL\" data-id=\"https:\/\/sites.uel.br\/sebec\/wp-content\/uploads\/2022\/02\/RESOLUCAO0159-2005.pdf\" target=\"_blank\">Resolu\u00e7\u00e3o CA n\u00b0 159\/2005<\/a> <\/strong>\u2013 Regulamenta a compra e entrega de medicamentos para servidores que sofrerem acidente de trabalho.<\/p>\n\n\n\n<p><strong><a rel=\"noreferrer noopener\" href=\"https:\/\/sites.uel.br\/sebec\/wp-content\/uploads\/2022\/02\/2012_49.pdf\" data-type=\"URL\" data-id=\"https:\/\/sites.uel.br\/sebec\/wp-content\/uploads\/2022\/02\/2012_49.pdf\" target=\"_blank\">Resolu\u00e7\u00e3o CA n\u00b0 49\/2012<\/a><\/strong> \u2013 Fixa os valores das refei\u00e7\u00f5es servidas pelo Restaurante Universit\u00e1rio.<\/p>\n\n\n\n<p><a rel=\"noreferrer noopener\" href=\"https:\/\/sistemas.uel.br\/files\/atonormativo\/RESOLUCOES\/2013\/97.pdf\" target=\"_blank\"><strong>Resolu\u00e7\u00e3o CA n\u00b0 097\/2013<\/strong><\/a> \u2013 Cria no Servi\u00e7o de Bem Estar \u00e0 Comunidade &#8211; SEBEC &#8211; a Central de Equipamentos de Prote\u00e7\u00e3o Individual.<\/p>\n\n\n\n<p><a rel=\"noreferrer noopener\" href=\"https:\/\/sistemas.uel.br\/files\/atonormativo\/RESOLUCOES\/2014\/102.pdf\" data-type=\"URL\" data-id=\"https:\/\/sistemas.uel.br\/files\/atonormativo\/RESOLUCOES\/2014\/102.pdf\" target=\"_blank\"><strong>Resolu\u00e7\u00e3o CA n\u00b0 102\/2014<\/strong><\/a> \u2013 Institui o acompanhamento pelo SEBEC de servidores com afastamento tempor\u00e1rio de fun\u00e7\u00e3o e a readapta\u00e7\u00e3o.<\/p>\n\n\n\n<p><strong><a rel=\"noreferrer noopener\" href=\"https:\/\/sites.uel.br\/sebec\/wp-content\/uploads\/2022\/02\/Resolucao-CA-120-2014.pdf\" data-type=\"URL\" data-id=\"https:\/\/sites.uel.br\/sebec\/wp-content\/uploads\/2022\/02\/Resolucao-CA-120-2014.pdf\" target=\"_blank\">Resolu\u00e7\u00e3o CA n\u00b0 120\/2014<\/a><\/strong> \u2013 Cria a Bolsa Perman\u00eancia no Servi\u00e7o de Bem Estar \u00e0 Comunidade &#8211; SEBEC.<\/p>\n\n\n\n<p><strong><a rel=\"noreferrer noopener\" href=\"https:\/\/sites.uel.br\/sebec\/wp-content\/uploads\/2022\/02\/Resolucao-121-2014-Subsidio-Ampliado.pdf\" data-type=\"URL\" data-id=\"https:\/\/sites.uel.br\/sebec\/wp-content\/uploads\/2022\/02\/Resolucao-121-2014-Subsidio-Ampliado.pdf\" target=\"_blank\">Resolu\u00e7\u00e3o CA n\u00ba 121\/2014<\/a><\/strong> \u2013 Altera o Item I, do Grupo I do Anexo I da resolu\u00e7\u00e3o CA n\u00b0 49\/2012.<\/p>\n\n\n\n<p><a rel=\"noreferrer noopener\" href=\"https:\/\/sites.uel.br\/sebec\/wp-content\/uploads\/2022\/02\/Resolucao-CA-16-2015.pdf\" data-type=\"URL\" data-id=\"https:\/\/sites.uel.br\/sebec\/wp-content\/uploads\/2022\/02\/Resolucao-CA-16-2015.pdf\" target=\"_blank\"><strong>Resolu\u00e7\u00e3o CA n\u00b0 16\/2015<\/strong><\/a> \u2013 Suprime o Artigo 7\u00ba da Resolu\u00e7\u00e3o CA n\u00b0 120\/2014, que cria a Bolsa Perman\u00eancia no Servi\u00e7o de Estar \u00e0 Comunidade &#8211; SEBEC.<\/p>\n\n\n\n<p><a rel=\"noreferrer noopener\" href=\"https:\/\/sites.uel.br\/sebec\/wp-content\/uploads\/2022\/03\/Resolucao-CU-17-2015.pdf\" data-type=\"URL\" data-id=\"https:\/\/sites.uel.br\/sebec\/wp-content\/uploads\/2022\/03\/Resolucao-CU-17-2015.pdf\" target=\"_blank\"><strong>Resolu\u00e7\u00e3o CU n\u00ba 17\/2015<\/strong><\/a> \u2013 Aprova o Regimento da Moradia Estudantil da Universidade Estadual de Londrina<\/p>\n\n\n\n<p><strong><a rel=\"noreferrer noopener\" href=\"https:\/\/sites.uel.br\/sebec\/wp-content\/uploads\/2022\/03\/Resolucao-CA-11-2017.pdf\" data-type=\"URL\" data-id=\"https:\/\/sites.uel.br\/sebec\/wp-content\/uploads\/2022\/03\/Resolucao-CA-11-2017.pdf\" target=\"_blank\">Resolu\u00e7\u00e3o CA n\u00b0 11\/2017<\/a><\/strong> \u2013 Fixa os valores das refei\u00e7\u00f5es servidas pelo Restaurante Universit\u00e1rio<\/p>\n\n\n\n<p><a rel=\"noreferrer noopener\" href=\"https:\/\/sites.uel.br\/sebec\/wp-content\/uploads\/2022\/03\/Resolucao-RU-2017-CA-053-17-Regulamenta-Servicos-do-RU.pdf\" data-type=\"URL\" data-id=\"https:\/\/sites.uel.br\/sebec\/wp-content\/uploads\/2022\/03\/Resolucao-RU-2017-CA-053-17-Regulamenta-Servicos-do-RU.pdf\" target=\"_blank\"><strong>Resolu\u00e7\u00e3o CA n\u00b0 53\/2017<\/strong><\/a> \u2013 Regulamenta os servi\u00e7os prestados pelo Restaurante Universit\u00e1rio (RU).<\/p>\n\n\n\n<p><strong><a rel=\"noreferrer noopener\" href=\"https:\/\/sites.uel.br\/sebec\/wp-content\/uploads\/2022\/03\/Resolucao-CA-35-2019.pdf\" data-type=\"URL\" data-id=\"https:\/\/sites.uel.br\/sebec\/wp-content\/uploads\/2022\/03\/Resolucao-CA-35-2019.pdf\" target=\"_blank\">Resolu\u00e7\u00e3o CA n\u00b0 35\/2019<\/a><\/strong> \u2013 Altera o Anexo I da Resolu\u00e7\u00e3o CA n\u00b0 11\/2017 que fixa os valores das refei\u00e7\u00f5es servidas pelo Restaurante Universit\u00e1rio.<\/p>\n","protected":false},"excerpt":{"rendered":"<p>Resolu\u00e7\u00e3o CA n\u00b0 159\/2005 \u2013 Regulamenta a compra e entrega de medicamentos para servidores que sofrerem acidente de trabalho. Resolu\u00e7\u00e3o CA n\u00b0 49\/2012 \u2013 Fixa os valores das refei\u00e7\u00f5es servidas pelo Restaurante Universit\u00e1rio. Resolu\u00e7\u00e3o CA n\u00b0 097\/2013 \u2013 Cria no Servi\u00e7o de Bem Estar \u00e0 Comunidade &#8211; SEBEC &#8211; a Central de Equipamentos de Prote\u00e7\u00e3o [&hellip;]<\/p>\n","protected":false},"author":1,"featured_media":0,"parent":0,"menu_order":0,"comment_status":"closed","ping_status":"closed","template":"","meta":{"_acf_changed":false,"footnotes":""},"class_list":["post-257","page","type-page","status-publish","hentry"],"acf":[],"_links":{"self":[{"href":"https:\/\/sites.uel.br\/sebec\/wp-json\/wp\/v2\/pages\/257","targetHints":{"allow":["GET"]}}],"collection":[{"href":"https:\/\/sites.uel.br\/sebec\/wp-json\/wp\/v2\/pages"}],"about":[{"href":"https:\/\/sites.uel.br\/sebec\/wp-json\/wp\/v2\/types\/page"}],"author":[{"embeddable":true,"href":"https:\/\/sites.uel.br\/sebec\/wp-json\/wp\/v2\/users\/1"}],"replies":[{"embeddable":true,"href":"https:\/\/sites.uel.br\/sebec\/wp-json\/wp\/v2\/comments?post=257"}],"version-history":[{"count":13,"href":"https:\/\/sites.uel.br\/sebec\/wp-json\/wp\/v2\/pages\/257\/revisions"}],"predecessor-version":[{"id":844,"href":"https:\/\/sites.uel.br\/sebec\/wp-json\/wp\/v2\/pages\/257\/revisions\/844"}],"wp:attachment":[{"href":"https:\/\/sites.uel.br\/sebec\/wp-json\/wp\/v2\/media?parent=257"}],"curies":[{"name":"wp","href":"https:\/\/api.w.org\/{rel}","templated":true}]}}