{"id":2537,"date":"2022-12-20T14:17:13","date_gmt":"2022-12-20T17:17:13","guid":{"rendered":"https:\/\/sites.uel.br\/sebec\/?page_id=2537"},"modified":"2023-02-15T16:35:15","modified_gmt":"2023-02-15T19:35:15","slug":"processo-de-selecao-para-emprestimo-de-instrumentais-odontologicos-2023","status":"publish","type":"page","link":"https:\/\/sites.uel.br\/sebec\/processo-de-selecao-para-emprestimo-de-instrumentais-odontologicos-2023\/","title":{"rendered":"Processo de Sele\u00e7\u00e3o para Empr\u00e9stimo de Instrumentais Odontol\u00f3gicos\u00a02023"},"content":{"rendered":"\n<figure class=\"wp-block-table\"><table><tbody><tr><td class=\"has-text-align-center\" data-align=\"center\">20\/12\/2022<\/td><td class=\"has-text-align-center\" data-align=\"center\"><a href=\"https:\/\/sites.uel.br\/sebec\/wp-content\/uploads\/2022\/12\/Edital-038_2022-Processo-de-Selecao-Emprestimo-Instrumentais-Odontologicos.pdf\" target=\"_blank\" rel=\"noreferrer noopener\">Edital SEBEC n\u00ba 038\/2022<\/a><\/td><\/tr><tr><td class=\"has-text-align-center\" data-align=\"center\">23\/01\/2023 a 27\/01\/2023<\/td><td class=\"has-text-align-center\" data-align=\"center\"><a href=\"https:\/\/www.sistemasweb.uel.br\/index.php?contents=system\/insc\/index.php&amp;pagina=view\/inscricoes\/seleciona_evento.php&amp;cod_evento=7995\" target=\"_blank\" rel=\"noreferrer noopener\">Inscri\u00e7\u00f5es<\/a><\/td><\/tr><tr><td class=\"has-text-align-center\" data-align=\"center\">08\/02\/2023 &#8211; 17h<\/td><td class=\"has-text-align-center\" data-align=\"center\"><a href=\"https:\/\/sites.uel.br\/sebec\/wp-content\/uploads\/2023\/02\/Edital-003_2023-Resultado-Instrumental-Odontologico-2023-Preliminar.pdf\" target=\"_blank\" rel=\"noreferrer noopener\">Edital n\u00ba 003\/2023 &#8211; Resultado das Inscri\u00e7\u00f5es<\/a><\/td><\/tr><tr><td class=\"has-text-align-center\" data-align=\"center\">09\/02\/2023 &#8211; 8h a 10\/02\/2023 &#8211; 17h<\/td><td class=\"has-text-align-center\" data-align=\"center\"><a href=\"https:\/\/www.sistemasweb.uel.br\/index.php?contents=system\/insc\/index.php&amp;pagina=view\/inscricoes\/seleciona_evento.php&amp;cod_evento=7995\" target=\"_blank\" rel=\"noreferrer noopener\">Solicita\u00e7\u00e3o de recurso<\/a><\/td><\/tr><tr><td class=\"has-text-align-center\" data-align=\"center\">15\/02\/2023 &#8211; 17h<\/td><td class=\"has-text-align-center\" data-align=\"center\"><a href=\"https:\/\/sites.uel.br\/sebec\/wp-content\/uploads\/2023\/02\/Edital-004_2023-Resultado-Instrumental-Odontologico-2023-Recurso.pdf\" target=\"_blank\" rel=\"noreferrer noopener\">Resultado do recurso<\/a><\/td><\/tr><tr><td class=\"has-text-align-center\" data-align=\"center\">15\/02\/2023 &#8211; 17h<\/td><td class=\"has-text-align-center\" data-align=\"center\"><a href=\"https:\/\/sites.uel.br\/sebec\/wp-content\/uploads\/2023\/02\/Edital-005_2023-Resultado-Insctrumental-Odontologico-2023-Final.pdf\" target=\"_blank\" rel=\"noreferrer noopener\">Resultado final<\/a><\/td><\/tr><\/tbody><\/table><\/figure>\n","protected":false},"excerpt":{"rendered":"<p>20\/12\/2022 Edital SEBEC n\u00ba 038\/2022 23\/01\/2023 a 27\/01\/2023 Inscri\u00e7\u00f5es 08\/02\/2023 &#8211; 17h Edital n\u00ba 003\/2023 &#8211; Resultado das Inscri\u00e7\u00f5es 09\/02\/2023 &#8211; 8h a 10\/02\/2023 &#8211; 17h Solicita\u00e7\u00e3o de recurso 15\/02\/2023 &#8211; 17h Resultado do recurso 15\/02\/2023 &#8211; 17h Resultado final<\/p>\n","protected":false},"author":10,"featured_media":0,"parent":0,"menu_order":0,"comment_status":"closed","ping_status":"closed","template":"","meta":{"_acf_changed":false,"footnotes":""},"class_list":["post-2537","page","type-page","status-publish","hentry"],"acf":[],"_links":{"self":[{"href":"https:\/\/sites.uel.br\/sebec\/wp-json\/wp\/v2\/pages\/2537","targetHints":{"allow":["GET"]}}],"collection":[{"href":"https:\/\/sites.uel.br\/sebec\/wp-json\/wp\/v2\/pages"}],"about":[{"href":"https:\/\/sites.uel.br\/sebec\/wp-json\/wp\/v2\/types\/page"}],"author":[{"embeddable":true,"href":"https:\/\/sites.uel.br\/sebec\/wp-json\/wp\/v2\/users\/10"}],"replies":[{"embeddable":true,"href":"https:\/\/sites.uel.br\/sebec\/wp-json\/wp\/v2\/comments?post=2537"}],"version-history":[{"count":11,"href":"https:\/\/sites.uel.br\/sebec\/wp-json\/wp\/v2\/pages\/2537\/revisions"}],"predecessor-version":[{"id":2752,"href":"https:\/\/sites.uel.br\/sebec\/wp-json\/wp\/v2\/pages\/2537\/revisions\/2752"}],"wp:attachment":[{"href":"https:\/\/sites.uel.br\/sebec\/wp-json\/wp\/v2\/media?parent=2537"}],"curies":[{"name":"wp","href":"https:\/\/api.w.org\/{rel}","templated":true}]}}