{"id":252,"date":"2022-02-16T15:11:46","date_gmt":"2022-02-16T18:11:46","guid":{"rendered":"https:\/\/sites.uel.br\/sebec\/?page_id=252"},"modified":"2022-02-16T15:11:46","modified_gmt":"2022-02-16T18:11:46","slug":"relatorios-de-gestao","status":"publish","type":"page","link":"https:\/\/sites.uel.br\/sebec\/relatorios-de-gestao\/","title":{"rendered":"Relat\u00f3rios de Gest\u00e3o"},"content":{"rendered":"\n<p><\/p>\n\n\n\n<p><a href=\"https:\/\/sites.uel.br\/sebec\/wp-content\/uploads\/2022\/02\/Relatorio-Gestao-2010-2014.pdf\" target=\"_blank\" rel=\"noreferrer noopener\">Relat\u00f3rio de Gest\u00e3o 2010-2014<\/a><\/p>\n\n\n\n<p><a href=\"https:\/\/sites.uel.br\/sebec\/wp-content\/uploads\/2022\/02\/Relatorio-de-Gestao-2014-2018.pdf\" target=\"_blank\" rel=\"noreferrer noopener\">Relat\u00f3rio de Gest\u00e3o 2014-2018<\/a><\/p>\n","protected":false},"excerpt":{"rendered":"<p>Relat\u00f3rio de Gest\u00e3o 2010-2014 Relat\u00f3rio de Gest\u00e3o 2014-2018<\/p>\n","protected":false},"author":1,"featured_media":0,"parent":0,"menu_order":0,"comment_status":"closed","ping_status":"closed","template":"","meta":{"_acf_changed":false,"footnotes":""},"class_list":["post-252","page","type-page","status-publish","hentry"],"acf":[],"_links":{"self":[{"href":"https:\/\/sites.uel.br\/sebec\/wp-json\/wp\/v2\/pages\/252","targetHints":{"allow":["GET"]}}],"collection":[{"href":"https:\/\/sites.uel.br\/sebec\/wp-json\/wp\/v2\/pages"}],"about":[{"href":"https:\/\/sites.uel.br\/sebec\/wp-json\/wp\/v2\/types\/page"}],"author":[{"embeddable":true,"href":"https:\/\/sites.uel.br\/sebec\/wp-json\/wp\/v2\/users\/1"}],"replies":[{"embeddable":true,"href":"https:\/\/sites.uel.br\/sebec\/wp-json\/wp\/v2\/comments?post=252"}],"version-history":[{"count":1,"href":"https:\/\/sites.uel.br\/sebec\/wp-json\/wp\/v2\/pages\/252\/revisions"}],"predecessor-version":[{"id":256,"href":"https:\/\/sites.uel.br\/sebec\/wp-json\/wp\/v2\/pages\/252\/revisions\/256"}],"wp:attachment":[{"href":"https:\/\/sites.uel.br\/sebec\/wp-json\/wp\/v2\/media?parent=252"}],"curies":[{"name":"wp","href":"https:\/\/api.w.org\/{rel}","templated":true}]}}