{"id":248,"date":"2022-02-16T15:08:29","date_gmt":"2022-02-16T18:08:29","guid":{"rendered":"https:\/\/sites.uel.br\/sebec\/?page_id=248"},"modified":"2022-03-14T11:32:25","modified_gmt":"2022-03-14T14:32:25","slug":"transparencia","status":"publish","type":"page","link":"https:\/\/sites.uel.br\/sebec\/transparencia\/","title":{"rendered":"Transpar\u00eancia"},"content":{"rendered":"\n<p><\/p>\n\n\n\n<p><a href=\"https:\/\/sites.uel.br\/sebec\/?page_id=250\">Instru\u00e7\u00f5es de Servi\u00e7o<\/a><\/p>\n\n\n\n<p><a href=\"https:\/\/sites.uel.br\/sebec\/?page_id=257\">Resolu\u00e7\u00f5es<\/a><\/p>\n\n\n\n<p><a href=\"https:\/\/sites.uel.br\/sebec\/?page_id=252\">Relat\u00f3rios de Gest\u00e3o<\/a><\/p>\n\n\n\n<p><a href=\"https:\/\/sites.uel.br\/sebec\/?page_id=362\" data-type=\"URL\" data-id=\"https:\/\/sites.uel.br\/sebec\/?page_id=362\" target=\"_blank\" rel=\"noreferrer noopener\">Relat\u00f3rios de Atividades<\/a><\/p>\n","protected":false},"excerpt":{"rendered":"<p>Instru\u00e7\u00f5es de Servi\u00e7o Resolu\u00e7\u00f5es Relat\u00f3rios de Gest\u00e3o Relat\u00f3rios de Atividades<\/p>\n","protected":false},"author":1,"featured_media":0,"parent":0,"menu_order":0,"comment_status":"closed","ping_status":"closed","template":"","meta":{"_acf_changed":false,"footnotes":""},"class_list":["post-248","page","type-page","status-publish","hentry"],"acf":[],"_links":{"self":[{"href":"https:\/\/sites.uel.br\/sebec\/wp-json\/wp\/v2\/pages\/248","targetHints":{"allow":["GET"]}}],"collection":[{"href":"https:\/\/sites.uel.br\/sebec\/wp-json\/wp\/v2\/pages"}],"about":[{"href":"https:\/\/sites.uel.br\/sebec\/wp-json\/wp\/v2\/types\/page"}],"author":[{"embeddable":true,"href":"https:\/\/sites.uel.br\/sebec\/wp-json\/wp\/v2\/users\/1"}],"replies":[{"embeddable":true,"href":"https:\/\/sites.uel.br\/sebec\/wp-json\/wp\/v2\/comments?post=248"}],"version-history":[{"count":3,"href":"https:\/\/sites.uel.br\/sebec\/wp-json\/wp\/v2\/pages\/248\/revisions"}],"predecessor-version":[{"id":365,"href":"https:\/\/sites.uel.br\/sebec\/wp-json\/wp\/v2\/pages\/248\/revisions\/365"}],"wp:attachment":[{"href":"https:\/\/sites.uel.br\/sebec\/wp-json\/wp\/v2\/media?parent=248"}],"curies":[{"name":"wp","href":"https:\/\/api.w.org\/{rel}","templated":true}]}}