{"id":23,"date":"2022-02-04T11:55:18","date_gmt":"2022-02-04T14:55:18","guid":{"rendered":"https:\/\/sites.uel.br\/sebec\/?page_id=23"},"modified":"2024-09-24T13:58:28","modified_gmt":"2024-09-24T16:58:28","slug":"estrutura-e-equipe","status":"publish","type":"page","link":"https:\/\/sites.uel.br\/sebec\/estrutura-e-equipe\/","title":{"rendered":"Equipe Respons\u00e1vel"},"content":{"rendered":"\n<p><\/p>\n\n\n\n<p class=\"has-verde-escuro-color has-text-color\" style=\"font-size:22px\"><strong>Dire\u00e7\u00e3o<\/strong><\/p>\n\n\n\n<p>Prof\u00aa Dra. Angela Maria de Sousa Lima (Diretora)<\/p>\n\n\n\n<p>E-mail: angellamaria@uel.br<\/p>\n\n\n\n<p>(43) 3371-4472<\/p>\n\n\n\n<p><\/p>\n\n\n\n<p class=\"has-verde-escuro-color has-text-color\" style=\"font-size:22px\"><strong><a href=\"https:\/\/sites.uel.br\/sebec\/?page_id=114\" data-type=\"URL\" data-id=\"https:\/\/sites.uel.br\/sebec\/?page_id=114\" target=\"_blank\" rel=\"noreferrer noopener\">Divis\u00e3o de Apoio Administrativo<\/a><\/strong><\/p>\n\n\n\n<p>Juliana Kerche F\u00e1varo (Chefe da Divis\u00e3o)<\/p>\n\n\n\n<p>E-mail: sebec@uel.br \/ jukerche@uel.br<\/p>\n\n\n\n<p>(43) 3371-4452 \/&nbsp;3371-4462 \/ 3371-4553<\/p>\n\n\n\n<p><\/p>\n\n\n\n<p class=\"has-verde-escuro-color has-text-color\" style=\"font-size:22px\"><a href=\"https:\/\/sites.uel.br\/sebec\/?page_id=478\" data-type=\"URL\" data-id=\"https:\/\/sites.uel.br\/sebec\/?page_id=478\" target=\"_blank\" rel=\"noreferrer noopener\"><strong>Divis\u00e3o de Moradia<\/strong> <strong>Estudantil<\/strong><\/a><\/p>\n\n\n\n<p>Jailson Aparecido Pinheiro (Chefe da Divis\u00e3o)<\/p>\n\n\n\n<p>E-mail: moradia@uel.br \/ jailson@uel.br<\/p>\n\n\n\n<p>(43) 3371-5925<\/p>\n\n\n\n<p><\/p>\n\n\n\n<p class=\"has-verde-escuro-color has-text-color\" style=\"font-size:22px\"><strong><a href=\"https:\/\/sites.uel.br\/sebec\/?page_id=476\" data-type=\"URL\" data-id=\"https:\/\/sites.uel.br\/sebec\/?page_id=476\" target=\"_blank\" rel=\"noreferrer noopener\">Divis\u00e3o de Restaurante Universit\u00e1rio<\/a><\/strong><\/p>\n\n\n\n<p>M\u00e1rcio Rog\u00e9rio Moraes&nbsp;Machado&nbsp;(Chefe da Divis\u00e3o)<\/p>\n\n\n\n<p>E-mail: ruel@uel.br \/ mmoraes@uel.br<\/p>\n\n\n\n<p>(43) 3371-4756 \/ 3371-4754<\/p>\n\n\n\n<p><\/p>\n\n\n\n<p class=\"has-verde-escuro-color has-text-color\" style=\"font-size:22px\"><strong><a rel=\"noreferrer noopener\" href=\"https:\/\/sites.uel.br\/sebec\/?page_id=480\" data-type=\"URL\" data-id=\"https:\/\/sites.uel.br\/sebec\/?page_id=480\" target=\"_blank\">Divis\u00e3o de Servi\u00e7o Social e Sa\u00fade Mental<\/a>  <\/strong><\/p>\n\n\n\n<p>Carla Maria Canalle Pagnossim (Chefe da Divis\u00e3o)<\/p>\n\n\n\n<p><strong>Servi\u00e7o Social<\/strong><\/p>\n\n\n\n<p>E-mail: servicosocialsebec@uel.br<\/p>\n\n\n\n<p>(43) 3371-4222 (Telefone e WhatsApp)<\/p>\n\n\n\n<p><strong>Sa\u00fade Mental<\/strong><\/p>\n\n\n\n<p>E-mail: psicologia.sebec@uel.br<\/p>\n\n\n\n<p>(43) 99146-0786 (WhatsApp)<\/p>\n\n\n\n<p><\/p>\n\n\n\n<p class=\"has-verde-escuro-color has-text-color\" style=\"font-size:22px\"><strong><a rel=\"noreferrer noopener\" href=\"https:\/\/sites.uel.br\/sebec\/?page_id=394\" data-type=\"URL\" data-id=\"https:\/\/sites.uel.br\/sebec\/?page_id=394\" target=\"_blank\">Servi\u00e7o Especializado em Engenharia de Seguran\u00e7a e Medicina do Trabalho &#8211; SESMT&nbsp;<\/a><\/strong><\/p>\n\n\n\n<p>Jos\u00e9 Carlos Francisco (Chefe da Divis\u00e3o)<\/p>\n\n\n\n<p>E-mail: sesmt@uel.br \/ jcfrancisco@uel.br<\/p>\n\n\n\n<p>(43) 3371-4391 \/ 3371-4347<\/p>\n\n\n\n<p><\/p>\n","protected":false},"excerpt":{"rendered":"<p>Dire\u00e7\u00e3o Prof\u00aa Dra. Angela Maria de Sousa Lima (Diretora) E-mail: angellamaria@uel.br (43) 3371-4472 Divis\u00e3o de Apoio Administrativo Juliana Kerche F\u00e1varo (Chefe da Divis\u00e3o) E-mail: sebec@uel.br \/ jukerche@uel.br (43) 3371-4452 \/&nbsp;3371-4462 \/ 3371-4553 Divis\u00e3o de Moradia Estudantil Jailson Aparecido Pinheiro (Chefe da Divis\u00e3o) E-mail: moradia@uel.br \/ jailson@uel.br (43) 3371-5925 Divis\u00e3o de Restaurante Universit\u00e1rio M\u00e1rcio Rog\u00e9rio Moraes&nbsp;Machado&nbsp;(Chefe [&hellip;]<\/p>\n","protected":false},"author":1,"featured_media":0,"parent":0,"menu_order":0,"comment_status":"closed","ping_status":"closed","template":"","meta":{"_acf_changed":false,"footnotes":""},"class_list":["post-23","page","type-page","status-publish","hentry"],"acf":[],"_links":{"self":[{"href":"https:\/\/sites.uel.br\/sebec\/wp-json\/wp\/v2\/pages\/23","targetHints":{"allow":["GET"]}}],"collection":[{"href":"https:\/\/sites.uel.br\/sebec\/wp-json\/wp\/v2\/pages"}],"about":[{"href":"https:\/\/sites.uel.br\/sebec\/wp-json\/wp\/v2\/types\/page"}],"author":[{"embeddable":true,"href":"https:\/\/sites.uel.br\/sebec\/wp-json\/wp\/v2\/users\/1"}],"replies":[{"embeddable":true,"href":"https:\/\/sites.uel.br\/sebec\/wp-json\/wp\/v2\/comments?post=23"}],"version-history":[{"count":29,"href":"https:\/\/sites.uel.br\/sebec\/wp-json\/wp\/v2\/pages\/23\/revisions"}],"predecessor-version":[{"id":4147,"href":"https:\/\/sites.uel.br\/sebec\/wp-json\/wp\/v2\/pages\/23\/revisions\/4147"}],"wp:attachment":[{"href":"https:\/\/sites.uel.br\/sebec\/wp-json\/wp\/v2\/media?parent=23"}],"curies":[{"name":"wp","href":"https:\/\/api.w.org\/{rel}","templated":true}]}}