{"id":2287,"date":"2022-09-22T08:18:44","date_gmt":"2022-09-22T11:18:44","guid":{"rendered":"https:\/\/sites.uel.br\/sebec\/?page_id=2287"},"modified":"2025-09-05T13:02:08","modified_gmt":"2025-09-05T16:02:08","slug":"2287-2","status":"publish","type":"page","link":"https:\/\/sites.uel.br\/sebec\/2287-2\/","title":{"rendered":""},"content":{"rendered":"\n<p class=\"has-verde-escuro-color has-text-color has-large-font-size\"><strong>O Restaurante Universit\u00e1rio da UEL em n\u00fameros<\/strong><\/p>\n\n\n\n<p class=\"has-verde-escuro-color has-text-color has-large-font-size\"><strong>&#8211; Hor\u00e1rios de pico<\/strong>.<\/p>\n\n\n\n<figure class=\"wp-block-image size-full\"><img loading=\"lazy\" decoding=\"async\" width=\"1024\" height=\"768\" src=\"https:\/\/sites.uel.br\/sebec\/wp-content\/uploads\/2022\/10\/Green-Social-Media-Report-Infographic-Graph.jpg\" alt=\"\" class=\"wp-image-2392\" srcset=\"https:\/\/sites.uel.br\/sebec\/wp-content\/uploads\/2022\/10\/Green-Social-Media-Report-Infographic-Graph.jpg 1024w, https:\/\/sites.uel.br\/sebec\/wp-content\/uploads\/2022\/10\/Green-Social-Media-Report-Infographic-Graph-300x225.jpg 300w, https:\/\/sites.uel.br\/sebec\/wp-content\/uploads\/2022\/10\/Green-Social-Media-Report-Infographic-Graph-768x576.jpg 768w\" sizes=\"auto, (max-width: 1024px) 100vw, 1024px\" \/><\/figure>\n\n\n\n<figure class=\"wp-block-image size-full\"><img loading=\"lazy\" decoding=\"async\" width=\"1024\" height=\"768\" src=\"https:\/\/sites.uel.br\/sebec\/wp-content\/uploads\/2022\/10\/Green-Social-Media-Report-Infographic-Graph-1.jpg\" alt=\"\" class=\"wp-image-2391\" srcset=\"https:\/\/sites.uel.br\/sebec\/wp-content\/uploads\/2022\/10\/Green-Social-Media-Report-Infographic-Graph-1.jpg 1024w, https:\/\/sites.uel.br\/sebec\/wp-content\/uploads\/2022\/10\/Green-Social-Media-Report-Infographic-Graph-1-300x225.jpg 300w, https:\/\/sites.uel.br\/sebec\/wp-content\/uploads\/2022\/10\/Green-Social-Media-Report-Infographic-Graph-1-768x576.jpg 768w\" sizes=\"auto, (max-width: 1024px) 100vw, 1024px\" \/><\/figure>\n\n\n\n<p><\/p>\n\n\n\n<p class=\"has-verde-escuro-color has-text-color has-large-font-size\"><strong>&#8211; Dados de refei\u00e7\u00f5es fornecidas desde 1998 at\u00e9 2025.<\/strong><\/p>\n\n\n<div class=\"wp-block-image\">\n<figure class=\"aligncenter size-full\"><img loading=\"lazy\" decoding=\"async\" width=\"637\" height=\"1139\" src=\"https:\/\/sites.uel.br\/sebec\/wp-content\/uploads\/2025\/09\/Demostrativo-Refeicoes-fornecidas-1998-2025_page-0001.jpg\" alt=\"\" class=\"wp-image-4691\" srcset=\"https:\/\/sites.uel.br\/sebec\/wp-content\/uploads\/2025\/09\/Demostrativo-Refeicoes-fornecidas-1998-2025_page-0001.jpg 637w, https:\/\/sites.uel.br\/sebec\/wp-content\/uploads\/2025\/09\/Demostrativo-Refeicoes-fornecidas-1998-2025_page-0001-168x300.jpg 168w, https:\/\/sites.uel.br\/sebec\/wp-content\/uploads\/2025\/09\/Demostrativo-Refeicoes-fornecidas-1998-2025_page-0001-573x1024.jpg 573w\" sizes=\"auto, (max-width: 637px) 100vw, 637px\" \/><\/figure>\n<\/div>","protected":false},"excerpt":{"rendered":"<p>O Restaurante Universit\u00e1rio da UEL em n\u00fameros &#8211; Hor\u00e1rios de pico. &#8211; Dados de refei\u00e7\u00f5es fornecidas desde 1998 at\u00e9 2025.<\/p>\n","protected":false},"author":15,"featured_media":0,"parent":0,"menu_order":0,"comment_status":"closed","ping_status":"closed","template":"","meta":{"_acf_changed":false,"footnotes":""},"class_list":["post-2287","page","type-page","status-publish","hentry"],"acf":[],"_links":{"self":[{"href":"https:\/\/sites.uel.br\/sebec\/wp-json\/wp\/v2\/pages\/2287","targetHints":{"allow":["GET"]}}],"collection":[{"href":"https:\/\/sites.uel.br\/sebec\/wp-json\/wp\/v2\/pages"}],"about":[{"href":"https:\/\/sites.uel.br\/sebec\/wp-json\/wp\/v2\/types\/page"}],"author":[{"embeddable":true,"href":"https:\/\/sites.uel.br\/sebec\/wp-json\/wp\/v2\/users\/15"}],"replies":[{"embeddable":true,"href":"https:\/\/sites.uel.br\/sebec\/wp-json\/wp\/v2\/comments?post=2287"}],"version-history":[{"count":9,"href":"https:\/\/sites.uel.br\/sebec\/wp-json\/wp\/v2\/pages\/2287\/revisions"}],"predecessor-version":[{"id":4693,"href":"https:\/\/sites.uel.br\/sebec\/wp-json\/wp\/v2\/pages\/2287\/revisions\/4693"}],"wp:attachment":[{"href":"https:\/\/sites.uel.br\/sebec\/wp-json\/wp\/v2\/media?parent=2287"}],"curies":[{"name":"wp","href":"https:\/\/api.w.org\/{rel}","templated":true}]}}