{"id":1353,"date":"2022-04-13T11:22:14","date_gmt":"2022-04-13T14:22:14","guid":{"rendered":"https:\/\/sites.uel.br\/sebec\/?page_id=1353"},"modified":"2022-04-13T11:24:27","modified_gmt":"2022-04-13T14:24:27","slug":"processo-de-selecao-para-vaga-no-centro-de-educacao-infantil-do-colegio-de-aplicacao-2020","status":"publish","type":"page","link":"https:\/\/sites.uel.br\/sebec\/processo-de-selecao-para-vaga-no-centro-de-educacao-infantil-do-colegio-de-aplicacao-2020\/","title":{"rendered":"Processo de Sele\u00e7\u00e3o para Vaga no Centro de Educa\u00e7\u00e3o Infantil do Col\u00e9gio de Aplica\u00e7\u00e3o 2020"},"content":{"rendered":"\n<p><\/p>\n\n\n\n<figure class=\"wp-block-table\"><table><tbody><tr><td class=\"has-text-align-center\" data-align=\"center\">13\/03\/2020<\/td><td class=\"has-text-align-center\" data-align=\"center\"><a rel=\"noreferrer noopener\" href=\"https:\/\/sites.uel.br\/sebec\/wp-content\/uploads\/2022\/04\/Edital-009-2020-Resultado-Final.pdf\" target=\"_blank\">Resultado Final &#8211; Edital SEBEC n\u00b0 009\/2020<\/a><\/td><\/tr><tr><td class=\"has-text-align-center\" data-align=\"center\">21,\u00a027 e 28\/02\/2020\u00a0<\/td><td class=\"has-text-align-center\" data-align=\"center\">Agendamento das Entrevistas no SEBEC<\/td><\/tr><tr><td class=\"has-text-align-center\" data-align=\"center\">21\/02\/2020<\/td><td class=\"has-text-align-center\" data-align=\"center\"><a rel=\"noreferrer noopener\" href=\"http:\/\/www.uel.br\/aplicacao\/pages\/arquivos\/Educacao_Infantil\/Edital%2002-2020%20Final%20da%20homologacao%20de%20inscricao%203ordm%20fase.pdf\" target=\"_blank\">Edital Final de Homologa\u00e7\u00e3o das Inscri\u00e7\u00f5es<\/a><\/td><\/tr><tr><td class=\"has-text-align-center\" data-align=\"center\">18\/02\/2020<\/td><td class=\"has-text-align-center\" data-align=\"center\">Recursos<\/td><\/tr><tr><td class=\"has-text-align-center\" data-align=\"center\">17\/02\/2020<\/td><td class=\"has-text-align-center\" data-align=\"center\"><a href=\"http:\/\/www.uel.br\/aplicacao\/pages\/processo-de-selecao-interno-para-servidores-uel-2020.php\" target=\"_blank\" rel=\"noreferrer noopener\">Resultado Preliminar <\/a><\/td><\/tr><tr><td class=\"has-text-align-center\" data-align=\"center\">10\/02\/2020 a 12\/02\/2020<\/td><td class=\"has-text-align-center\" data-align=\"center\">Recebimento da Documenta\u00e7\u00e3o CEI<\/td><\/tr><tr><td class=\"has-text-align-center\" data-align=\"center\">03\/02\/2020 a 07\/02\/2020<\/td><td class=\"has-text-align-center\" data-align=\"center\"><a href=\"https:\/\/www.sistemasweb.uel.br\/index.php?contents=system\/insc\/index.php&amp;pagina=view\/inscricoes\/seleciona_evento.php&amp;cod_evento=5650\" target=\"_blank\" rel=\"noreferrer noopener\">Inscri\u00e7\u00f5es<\/a><\/td><\/tr><tr><td class=\"has-text-align-center\" data-align=\"center\">06\/02\/2020<\/td><td class=\"has-text-align-center\" data-align=\"center\"><a href=\"https:\/\/sites.uel.br\/sebec\/wp-content\/uploads\/2022\/04\/Edital-Conjunto-CAPL-UEL-SEBEC_03-2020.pdf\" target=\"_blank\" rel=\"noreferrer noopener\">Retifica\u00e7\u00e3o do Edital Conjunto CAPL-UEL\/SEBEC n\u00b0 001\/2020 &#8211; Edital Conjunto CAPL-UEL\/SEBEC n\u00b0 003\/2020<\/a><\/td><\/tr><tr><td class=\"has-text-align-center\" data-align=\"center\">29\/01\/2020<\/td><td class=\"has-text-align-center\" data-align=\"center\"><a href=\"https:\/\/sites.uel.br\/sebec\/wp-content\/uploads\/2022\/04\/Edital-Conjunto-CAPL-UEL-SEBEC-02-2020.pdf\" target=\"_blank\" rel=\"noreferrer noopener\">Retifica\u00e7\u00e3o do Edital Conjunto CAPL-UEL\/SEBEC n\u00b0 001\/2020 &#8211; Edital Conjunto CAPL-UEL\/SEBEC n\u00b0 002\/2020<\/a><\/td><\/tr><tr><td class=\"has-text-align-center\" data-align=\"center\">27\/01\/2020<\/td><td class=\"has-text-align-center\" data-align=\"center\"><a href=\"https:\/\/sites.uel.br\/sebec\/wp-content\/uploads\/2022\/04\/Edital-Conjunto-CAPL-UEL-SEBEC-01-2020.pdf\" target=\"_blank\" rel=\"noreferrer noopener\">Edital Conjunto CAPL-UEL\/SEBEC n\u00b0 001\/2020<\/a><\/td><\/tr><\/tbody><\/table><\/figure>\n","protected":false},"excerpt":{"rendered":"<p>13\/03\/2020 Resultado Final &#8211; Edital SEBEC n\u00b0 009\/2020 21,\u00a027 e 28\/02\/2020\u00a0 Agendamento das Entrevistas no SEBEC 21\/02\/2020 Edital Final de Homologa\u00e7\u00e3o das Inscri\u00e7\u00f5es 18\/02\/2020 Recursos 17\/02\/2020 Resultado Preliminar 10\/02\/2020 a 12\/02\/2020 Recebimento da Documenta\u00e7\u00e3o CEI 03\/02\/2020 a 07\/02\/2020 Inscri\u00e7\u00f5es 06\/02\/2020 Retifica\u00e7\u00e3o do Edital Conjunto CAPL-UEL\/SEBEC n\u00b0 001\/2020 &#8211; Edital Conjunto CAPL-UEL\/SEBEC n\u00b0 003\/2020 29\/01\/2020 Retifica\u00e7\u00e3o [&hellip;]<\/p>\n","protected":false},"author":1,"featured_media":0,"parent":0,"menu_order":0,"comment_status":"closed","ping_status":"closed","template":"","meta":{"_acf_changed":false,"footnotes":""},"class_list":["post-1353","page","type-page","status-publish","hentry"],"acf":[],"_links":{"self":[{"href":"https:\/\/sites.uel.br\/sebec\/wp-json\/wp\/v2\/pages\/1353","targetHints":{"allow":["GET"]}}],"collection":[{"href":"https:\/\/sites.uel.br\/sebec\/wp-json\/wp\/v2\/pages"}],"about":[{"href":"https:\/\/sites.uel.br\/sebec\/wp-json\/wp\/v2\/types\/page"}],"author":[{"embeddable":true,"href":"https:\/\/sites.uel.br\/sebec\/wp-json\/wp\/v2\/users\/1"}],"replies":[{"embeddable":true,"href":"https:\/\/sites.uel.br\/sebec\/wp-json\/wp\/v2\/comments?post=1353"}],"version-history":[{"count":2,"href":"https:\/\/sites.uel.br\/sebec\/wp-json\/wp\/v2\/pages\/1353\/revisions"}],"predecessor-version":[{"id":1361,"href":"https:\/\/sites.uel.br\/sebec\/wp-json\/wp\/v2\/pages\/1353\/revisions\/1361"}],"wp:attachment":[{"href":"https:\/\/sites.uel.br\/sebec\/wp-json\/wp\/v2\/media?parent=1353"}],"curies":[{"name":"wp","href":"https:\/\/api.w.org\/{rel}","templated":true}]}}