{"id":1341,"date":"2022-04-13T10:56:49","date_gmt":"2022-04-13T13:56:49","guid":{"rendered":"https:\/\/sites.uel.br\/sebec\/?page_id=1341"},"modified":"2022-04-13T10:56:49","modified_gmt":"2022-04-13T13:56:49","slug":"instrucao-de-servico-conjunta-sebec-cops-proaf-2020","status":"publish","type":"page","link":"https:\/\/sites.uel.br\/sebec\/instrucao-de-servico-conjunta-sebec-cops-proaf-2020\/","title":{"rendered":"Instru\u00e7\u00e3o de Servi\u00e7o Conjunta SEBEC\/COPS\/PROAF 2020"},"content":{"rendered":"\n<p><\/p>\n\n\n\n<figure class=\"wp-block-table\"><table><tbody><tr><td class=\"has-text-align-center\" data-align=\"center\">27\/10\/2020<\/td><td class=\"has-text-align-center\" data-align=\"center\"><a rel=\"noreferrer noopener\" href=\"https:\/\/www.cops.uel.br\/v2\/download.php?Acesso=YzlmNzU2YTBiMWIzYTM4MDZiM2RmN2FiYWEzZDdkMWEwYWJjMjhkN2Q4NTM4YTNkNzcyZjNhZTRkMTdjY2IyM2I0MWE2OGE0YzFhZGVjZTBmNjQ2YWQxNjJkZTkxNTJjNWE3MWFiZDUyOGMyNGJmZmFhZjA4NDc3OTU2YTVkYzVkYTlkYTc5OGRkN2YxNjNkNDVmYzJhMmM0ZjdkODIxMw==\" target=\"_blank\">Errata do Edital SEBEC n\u00ba 019\/2020<\/a><\/td><\/tr><tr><td class=\"has-text-align-center\" data-align=\"center\">23\/10\/2020<\/td><td class=\"has-text-align-center\" data-align=\"center\"><a rel=\"noreferrer noopener\" href=\"https:\/\/www.cops.uel.br\/v2\/download.php?Acesso=YzlmNzU2YTBiMWIzYTM4MDZiM2RmN2FiYWEzZDdkMWEwYWJjMjhkN2Q4NTM4YTNkNzcyZjNhZTRkMTdjY2IyMzAyOWIyMGY2MTIzMzFkZmQwY2ZlMDRhZTdkMDdhYjczZTk2OTY4MmMwYTIxODNmNTg1Mjg2ZjQyM2ZjMTZjMGU2Y2JlMTM0NDVjOTM0MTRkYjg0YjE4OGE3MzcwNTI3YWUxYmE0ZDY4MzU5OTIzNDU3YTMxNDQyNjk2N2ZkYWNk\" target=\"_blank\">Resultado Ap\u00f3s Recurso &#8211; Edital SEBEC n\u00ba 019\/2020<\/a><\/td><\/tr><tr><td class=\"has-text-align-center\" data-align=\"center\">14\/10\/2020 a 15\/10\/2020<\/td><td class=\"has-text-align-center\" data-align=\"center\"><a href=\"https:\/\/www.cops.uel.br\/v2\/Selecao\/DetalharSelecao\/Selecao\/255\" target=\"_blank\" rel=\"noreferrer noopener\">Recursos<\/a><\/td><\/tr><tr><td class=\"has-text-align-center\" data-align=\"center\">13\/10\/2020<\/td><td class=\"has-text-align-center\" data-align=\"center\"><a rel=\"noreferrer noopener\" href=\"https:\/\/www.cops.uel.br\/v2\/download.php?Acesso=YzlmNzU2YTBiMWIzYTM4MDZiM2RmN2FiYWEzZDdkMWEwYWJjMjhkN2Q4NTM4YTNkNzcyZjNhZTRkMTdjY2IyM2EzMTRjMGQ5YjdjNjYyYWZhYTE3ZWQ5MTc4MWFiYmNlNWE3MWFiZDUyOGMyNGJmZmFhZjA4NDc3OTU2YTVkYzVkYTlkYTc5OGRkN2YxNjNkNDVmYzJhMmM0ZjdkODIxMw==\" target=\"_blank\">Resultado Preliminar &#8211; Edital SEBEC n\u00ba 018\/2020 <\/a><\/td><\/tr><tr><td class=\"has-text-align-center\" data-align=\"center\">31\/08\/2020 a 10\/09\/2020<\/td><td class=\"has-text-align-center\" data-align=\"center\"><a href=\"https:\/\/www.cops.uel.br\/v2\/Selecao\/DetalharSelecao\/Selecao\/255\" target=\"_blank\" rel=\"noreferrer noopener\">Inscri\u00e7\u00f5es<\/a><\/td><\/tr><tr><td class=\"has-text-align-center\" data-align=\"center\">05\/08\/2020<\/td><td class=\"has-text-align-center\" data-align=\"center\"><a rel=\"noreferrer noopener\" href=\"https:\/\/www.cops.uel.br\/v2\/download.php?Acesso=YzlmNzU2YTBiMWIzYTM4MDZiM2RmN2FiYWEzZDdkMWE0Mzk4NjRjZjYzNWE3Y2ZlMDdiOWE3ODlhODFmNjQ0OTk1NDM0NjZhYWRkN2IyYzdjMDczZjUyMDU1ODBhODMyMzU5N2MzNzNhMjkwY2FkZTg2MjJhZmMxN2U2ZmFjNDdhNGZiYjNmYzc2M2Q2ZDUzMGU1MTEwM2I5MTUxYTdlNA==\" target=\"_blank\">Instru\u00e7\u00e3o de Servi\u00e7o SEBEC\/COPS\/PROAF n\u00ba 001\/2020<\/a><br><a rel=\"noreferrer noopener\" href=\"https:\/\/sites.uel.br\/sebec\/wp-content\/uploads\/2022\/04\/Lista-de-documentos.pdf\" target=\"_blank\">&#8211; Lista de Documentos<\/a><br><a href=\"https:\/\/sites.uel.br\/sebec\/wp-content\/uploads\/2022\/04\/Modelo-Declaracao.pdf\" target=\"_blank\" rel=\"noreferrer noopener\">&#8211; Modelo de Declara\u00e7\u00e3o<\/a><\/td><\/tr><\/tbody><\/table><\/figure>\n\n\n\n<p><\/p>\n","protected":false},"excerpt":{"rendered":"<p>27\/10\/2020 Errata do Edital SEBEC n\u00ba 019\/2020 23\/10\/2020 Resultado Ap\u00f3s Recurso &#8211; Edital SEBEC n\u00ba 019\/2020 14\/10\/2020 a 15\/10\/2020 Recursos 13\/10\/2020 Resultado Preliminar &#8211; Edital SEBEC n\u00ba 018\/2020 31\/08\/2020 a 10\/09\/2020 Inscri\u00e7\u00f5es 05\/08\/2020 Instru\u00e7\u00e3o de Servi\u00e7o SEBEC\/COPS\/PROAF n\u00ba 001\/2020&#8211; Lista de Documentos&#8211; Modelo de Declara\u00e7\u00e3o<\/p>\n","protected":false},"author":1,"featured_media":0,"parent":0,"menu_order":0,"comment_status":"closed","ping_status":"closed","template":"","meta":{"_acf_changed":false,"footnotes":""},"class_list":["post-1341","page","type-page","status-publish","hentry"],"acf":[],"_links":{"self":[{"href":"https:\/\/sites.uel.br\/sebec\/wp-json\/wp\/v2\/pages\/1341","targetHints":{"allow":["GET"]}}],"collection":[{"href":"https:\/\/sites.uel.br\/sebec\/wp-json\/wp\/v2\/pages"}],"about":[{"href":"https:\/\/sites.uel.br\/sebec\/wp-json\/wp\/v2\/types\/page"}],"author":[{"embeddable":true,"href":"https:\/\/sites.uel.br\/sebec\/wp-json\/wp\/v2\/users\/1"}],"replies":[{"embeddable":true,"href":"https:\/\/sites.uel.br\/sebec\/wp-json\/wp\/v2\/comments?post=1341"}],"version-history":[{"count":1,"href":"https:\/\/sites.uel.br\/sebec\/wp-json\/wp\/v2\/pages\/1341\/revisions"}],"predecessor-version":[{"id":1344,"href":"https:\/\/sites.uel.br\/sebec\/wp-json\/wp\/v2\/pages\/1341\/revisions\/1344"}],"wp:attachment":[{"href":"https:\/\/sites.uel.br\/sebec\/wp-json\/wp\/v2\/media?parent=1341"}],"curies":[{"name":"wp","href":"https:\/\/api.w.org\/{rel}","templated":true}]}}