{"id":1331,"date":"2022-04-13T10:44:43","date_gmt":"2022-04-13T13:44:43","guid":{"rendered":"https:\/\/sites.uel.br\/sebec\/?page_id=1331"},"modified":"2022-04-13T10:44:43","modified_gmt":"2022-04-13T13:44:43","slug":"processo-de-selecao-do-curso-especial-pre-vestibular-2020","status":"publish","type":"page","link":"https:\/\/sites.uel.br\/sebec\/processo-de-selecao-do-curso-especial-pre-vestibular-2020\/","title":{"rendered":"Processo de Sele\u00e7\u00e3o do Curso Especial Pr\u00e9-Vestibular 2020"},"content":{"rendered":"\n<p><\/p>\n\n\n\n<p class=\"has-text-align-center\"><strong>Sele\u00e7\u00e3o do Curso Especial Pr\u00e9-Vestibular SEBEC<\/strong><\/p>\n\n\n\n<figure class=\"wp-block-table\"><table><tbody><tr><td class=\"has-text-align-center\" data-align=\"center\">01\/03\/2020<\/td><td class=\"has-text-align-center\" data-align=\"center\">Prova de Conhecimentos Gerais<br><strong>Local: CESA \/ UEL<\/strong><\/td><\/tr><tr><td class=\"has-text-align-center\" data-align=\"center\">21\/02\/2020<\/td><td class=\"has-text-align-center\" data-align=\"center\"><a href=\"https:\/\/sites.uel.br\/sebec\/wp-content\/uploads\/2022\/04\/Edital-008_2020-Resultado-Final-SEBEC.pdf\" target=\"_blank\" rel=\"noreferrer noopener\">Resultado Final &#8211; Edital SEBEC n\u00ba 008\/2020<\/a><\/td><\/tr><tr><td class=\"has-text-align-center\" data-align=\"center\">21\/02\/2020<\/td><td class=\"has-text-align-center\" data-align=\"center\"><a href=\"https:\/\/sites.uel.br\/sebec\/wp-content\/uploads\/2022\/04\/Edital-007_2020-Resultado-Recurso.pdf\" target=\"_blank\" rel=\"noreferrer noopener\">Resultado dos Recursos &#8211; Edital SEBEC n\u00ba 007\/2020<\/a><\/td><\/tr><tr><td class=\"has-text-align-center\" data-align=\"center\">19\/02\/2020 a 20\/02\/2020<\/td><td class=\"has-text-align-center\" data-align=\"center\">Recursos<\/td><\/tr><tr><td class=\"has-text-align-center\" data-align=\"center\">18\/02\/2020<\/td><td class=\"has-text-align-center\" data-align=\"center\"><a href=\"https:\/\/sites.uel.br\/sebec\/wp-content\/uploads\/2022\/04\/Edital-SEBEC-005-2020-Resultado-Preliminar-SEBEC.pdf\" target=\"_blank\" rel=\"noreferrer noopener\">Resultado Provis\u00f3rio &#8211; Edital SEBEC n\u00ba 005\/2020<\/a><\/td><\/tr><tr><td class=\"has-text-align-center\" data-align=\"center\">15\/01\/2020 a 28\/01\/2020<\/td><td class=\"has-text-align-center\" data-align=\"center\"><a href=\"https:\/\/www.sistemasweb.uel.br\/index.php?contents=system\/insc\/index.php&amp;pagina=view\/inscricoes\/seleciona_evento.php&amp;cod_evento=5649\" target=\"_blank\" rel=\"noreferrer noopener\">Inscri\u00e7\u00f5es SEBEC<\/a><\/td><\/tr><tr><td class=\"has-text-align-center\" data-align=\"center\">29\/11\/2019<\/td><td class=\"has-text-align-center\" data-align=\"center\"><a rel=\"noreferrer noopener\" href=\"https:\/\/sites.uel.br\/sebec\/wp-content\/uploads\/2022\/04\/Edital-Conjunto-SEBEC-PROEX-002-2019.pdf\" target=\"_blank\">Edital Conjunto SEBEC\/PROEX n\u00b0 002\/2019<\/a><\/td><\/tr><\/tbody><\/table><\/figure>\n\n\n\n<p><br><\/p>\n\n\n\n<p class=\"has-text-align-center\"><strong>Sele\u00e7\u00e3o do Curso Especial Pr\u00e9-Vestibular NIS<\/strong><\/p>\n\n\n\n<figure class=\"wp-block-table\"><table><tbody><tr><td class=\"has-text-align-center\" data-align=\"center\">01\/03\/2020<\/td><td class=\"has-text-align-center\" data-align=\"center\">Prova de Conhecimentos Gerais<br><strong>Local: CESA \/ UEL<\/strong><\/td><\/tr><tr><td class=\"has-text-align-center\" data-align=\"center\">24\/01\/2020<\/td><td class=\"has-text-align-center\" data-align=\"center\"><a href=\"https:\/\/sites.uel.br\/sebec\/wp-content\/uploads\/2022\/04\/Edital-SEBEC-003-2020-Resultado-Final-NIS.pdf\" target=\"_blank\" rel=\"noreferrer noopener\">Resultado Final Pelo NIS &#8211; Edital SEBEC n\u00b0 003\/2020<\/a><\/td><\/tr><tr><td class=\"has-text-align-center\" data-align=\"center\">21\/01\/2020 a 22\/01\/2020<\/td><td class=\"has-text-align-center\" data-align=\"center\">Recursos<\/td><\/tr><tr><td class=\"has-text-align-center\" data-align=\"center\">20\/01\/2020<\/td><td class=\"has-text-align-center\" data-align=\"center\"><a href=\"https:\/\/sites.uel.br\/sebec\/wp-content\/uploads\/2022\/04\/Edital-Sebec-002-2020-Resultado-Preliminar-NIS.pdf\" target=\"_blank\" rel=\"noreferrer noopener\">Resultado Preliminar &#8211; Edital SEBEC n\u00ba 002\/2020<\/a><\/td><\/tr><tr><td class=\"has-text-align-center\" data-align=\"center\">01\/01\/2020 a 14\/01\/2020<\/td><td class=\"has-text-align-center\" data-align=\"center\">Inscri\u00e7\u00e3o pelo NIS<\/td><\/tr><tr><td class=\"has-text-align-center\" data-align=\"center\">29\/11\/2019<\/td><td class=\"has-text-align-center\" data-align=\"center\"><a href=\"https:\/\/sites.uel.br\/sebec\/wp-content\/uploads\/2022\/04\/Edital-Conjunto-SEBEC-PROEX-002-2019.pdf\" target=\"_blank\" rel=\"noreferrer noopener\">Edital Conjunto SEBEC\/PROEX n\u00b0 002\/2019<\/a><\/td><\/tr><\/tbody><\/table><\/figure>\n\n\n\n<p><\/p>\n","protected":false},"excerpt":{"rendered":"<p>Sele\u00e7\u00e3o do Curso Especial Pr\u00e9-Vestibular SEBEC 01\/03\/2020 Prova de Conhecimentos GeraisLocal: CESA \/ UEL 21\/02\/2020 Resultado Final &#8211; Edital SEBEC n\u00ba 008\/2020 21\/02\/2020 Resultado dos Recursos &#8211; Edital SEBEC n\u00ba 007\/2020 19\/02\/2020 a 20\/02\/2020 Recursos 18\/02\/2020 Resultado Provis\u00f3rio &#8211; Edital SEBEC n\u00ba 005\/2020 15\/01\/2020 a 28\/01\/2020 Inscri\u00e7\u00f5es SEBEC 29\/11\/2019 Edital Conjunto SEBEC\/PROEX n\u00b0 002\/2019 Sele\u00e7\u00e3o [&hellip;]<\/p>\n","protected":false},"author":1,"featured_media":0,"parent":0,"menu_order":0,"comment_status":"closed","ping_status":"closed","template":"","meta":{"_acf_changed":false,"footnotes":""},"class_list":["post-1331","page","type-page","status-publish","hentry"],"acf":[],"_links":{"self":[{"href":"https:\/\/sites.uel.br\/sebec\/wp-json\/wp\/v2\/pages\/1331","targetHints":{"allow":["GET"]}}],"collection":[{"href":"https:\/\/sites.uel.br\/sebec\/wp-json\/wp\/v2\/pages"}],"about":[{"href":"https:\/\/sites.uel.br\/sebec\/wp-json\/wp\/v2\/types\/page"}],"author":[{"embeddable":true,"href":"https:\/\/sites.uel.br\/sebec\/wp-json\/wp\/v2\/users\/1"}],"replies":[{"embeddable":true,"href":"https:\/\/sites.uel.br\/sebec\/wp-json\/wp\/v2\/comments?post=1331"}],"version-history":[{"count":1,"href":"https:\/\/sites.uel.br\/sebec\/wp-json\/wp\/v2\/pages\/1331\/revisions"}],"predecessor-version":[{"id":1339,"href":"https:\/\/sites.uel.br\/sebec\/wp-json\/wp\/v2\/pages\/1331\/revisions\/1339"}],"wp:attachment":[{"href":"https:\/\/sites.uel.br\/sebec\/wp-json\/wp\/v2\/media?parent=1331"}],"curies":[{"name":"wp","href":"https:\/\/api.w.org\/{rel}","templated":true}]}}