{"id":1323,"date":"2022-04-13T10:25:58","date_gmt":"2022-04-13T13:25:58","guid":{"rendered":"https:\/\/sites.uel.br\/sebec\/?page_id=1323"},"modified":"2022-04-13T10:25:58","modified_gmt":"2022-04-13T13:25:58","slug":"processo-de-selecao-da-bolsa-fundacao-araucaria-2020","status":"publish","type":"page","link":"https:\/\/sites.uel.br\/sebec\/processo-de-selecao-da-bolsa-fundacao-araucaria-2020\/","title":{"rendered":"Processo de Sele\u00e7\u00e3o da Bolsa Funda\u00e7\u00e3o Arauc\u00e1ria 2020"},"content":{"rendered":"\n<p><\/p>\n\n\n\n<figure class=\"wp-block-table\"><table><tbody><tr><td class=\"has-text-align-center\" data-align=\"center\">22\/07\/2020<\/td><td class=\"has-text-align-center\" data-align=\"center\"><a href=\"https:\/\/sites.uel.br\/sebec\/wp-content\/uploads\/2022\/04\/Edital-012-2020.pdf\" target=\"_blank\" rel=\"noreferrer noopener\">Resultado Final &#8211; Edital SEBEC n\u00b012\/2020<\/a><\/td><\/tr><tr><td class=\"has-text-align-center\" data-align=\"center\">13\/07\/2020<\/td><td class=\"has-text-align-center\" data-align=\"center\"><a href=\"https:\/\/sites.uel.br\/sebec\/wp-content\/uploads\/2022\/04\/Homologacao-Araucaria.pdf\" target=\"_blank\" rel=\"noreferrer noopener\">Inscri\u00e7\u00f5es Homologadas e N\u00e3o Homologadas &#8211; Edital SEBEC n\u00b0 10\/2020<\/a><\/td><\/tr><tr><td class=\"has-text-align-center\" data-align=\"center\">18\/06\/2020<\/td><td class=\"has-text-align-center\" data-align=\"center\"><a href=\"https:\/\/www.sistemasweb.uel.br\/index.php?contents=system\/insc\/index.php&amp;pagina=view\/inscricoes\/seleciona_evento.php&amp;cod_evento=5905\" target=\"_blank\" rel=\"noreferrer noopener\">Inscri\u00e7\u00f5es<\/a><\/td><\/tr><tr><td class=\"has-text-align-center\" data-align=\"center\">17\/06\/2020<\/td><td class=\"has-text-align-center\" data-align=\"center\"><a href=\"https:\/\/sites.uel.br\/sebec\/wp-content\/uploads\/2022\/04\/edital-sebec-proex-prograd-proppg-01-2020.pdf\" target=\"_blank\" rel=\"noreferrer noopener\">Edital SEBEC\/PROEX\/PROGRAD\/PROPPG n\u00ba 01\/2020<\/a><\/td><\/tr><\/tbody><\/table><\/figure>\n","protected":false},"excerpt":{"rendered":"<p>22\/07\/2020 Resultado Final &#8211; Edital SEBEC n\u00b012\/2020 13\/07\/2020 Inscri\u00e7\u00f5es Homologadas e N\u00e3o Homologadas &#8211; Edital SEBEC n\u00b0 10\/2020 18\/06\/2020 Inscri\u00e7\u00f5es 17\/06\/2020 Edital SEBEC\/PROEX\/PROGRAD\/PROPPG n\u00ba 01\/2020<\/p>\n","protected":false},"author":1,"featured_media":0,"parent":0,"menu_order":0,"comment_status":"closed","ping_status":"closed","template":"","meta":{"_acf_changed":false,"footnotes":""},"class_list":["post-1323","page","type-page","status-publish","hentry"],"acf":[],"_links":{"self":[{"href":"https:\/\/sites.uel.br\/sebec\/wp-json\/wp\/v2\/pages\/1323","targetHints":{"allow":["GET"]}}],"collection":[{"href":"https:\/\/sites.uel.br\/sebec\/wp-json\/wp\/v2\/pages"}],"about":[{"href":"https:\/\/sites.uel.br\/sebec\/wp-json\/wp\/v2\/types\/page"}],"author":[{"embeddable":true,"href":"https:\/\/sites.uel.br\/sebec\/wp-json\/wp\/v2\/users\/1"}],"replies":[{"embeddable":true,"href":"https:\/\/sites.uel.br\/sebec\/wp-json\/wp\/v2\/comments?post=1323"}],"version-history":[{"count":1,"href":"https:\/\/sites.uel.br\/sebec\/wp-json\/wp\/v2\/pages\/1323\/revisions"}],"predecessor-version":[{"id":1329,"href":"https:\/\/sites.uel.br\/sebec\/wp-json\/wp\/v2\/pages\/1323\/revisions\/1329"}],"wp:attachment":[{"href":"https:\/\/sites.uel.br\/sebec\/wp-json\/wp\/v2\/media?parent=1323"}],"curies":[{"name":"wp","href":"https:\/\/api.w.org\/{rel}","templated":true}]}}