{"id":1227,"date":"2022-04-06T10:21:06","date_gmt":"2022-04-06T13:21:06","guid":{"rendered":"https:\/\/sites.uel.br\/sebec\/?page_id=1227"},"modified":"2022-04-06T10:21:06","modified_gmt":"2022-04-06T13:21:06","slug":"processo-de-selecao-do-curso-especial-pre-vestibular-2021","status":"publish","type":"page","link":"https:\/\/sites.uel.br\/sebec\/processo-de-selecao-do-curso-especial-pre-vestibular-2021\/","title":{"rendered":"Processo de Sele\u00e7\u00e3o do Curso Especial Pr\u00e9-Vestibular 2021"},"content":{"rendered":"\n<p><\/p>\n\n\n\n<figure class=\"wp-block-table\"><table><tbody><tr><td class=\"has-text-align-center\" data-align=\"center\">26\/04\/2021 a 30\/04\/2021<\/td><td class=\"has-text-align-center\" data-align=\"center\"><a rel=\"noreferrer noopener\" href=\"https:\/\/docs.google.com\/forms\/d\/e\/1FAIpQLSem6XS4e4qFs_k5xVMQrd2FBzJZESXJ5J-0YTW3ipf_2qoqaA\/viewform\" data-type=\"URL\" data-id=\"https:\/\/docs.google.com\/forms\/d\/e\/1FAIpQLSem6XS4e4qFs_k5xVMQrd2FBzJZESXJ5J-0YTW3ipf_2qoqaA\/viewform\" target=\"_blank\">Matr\u00edcula no Curso Esp<\/a><a href=\"https:\/\/docs.google.com\/forms\/d\/e\/1FAIpQLSem6XS4e4qFs_k5xVMQrd2FBzJZESXJ5J-0YTW3ipf_2qoqaA\/viewform\" data-type=\"URL\" data-id=\"https:\/\/docs.google.com\/forms\/d\/e\/1FAIpQLSem6XS4e4qFs_k5xVMQrd2FBzJZESXJ5J-0YTW3ipf_2qoqaA\/viewform\" target=\"_blank\" rel=\"noreferrer noopener\">e<\/a><a rel=\"noreferrer noopener\" href=\"https:\/\/docs.google.com\/forms\/d\/e\/1FAIpQLSem6XS4e4qFs_k5xVMQrd2FBzJZESXJ5J-0YTW3ipf_2qoqaA\/viewform\" data-type=\"URL\" data-id=\"https:\/\/docs.google.com\/forms\/d\/e\/1FAIpQLSem6XS4e4qFs_k5xVMQrd2FBzJZESXJ5J-0YTW3ipf_2qoqaA\/viewform\" target=\"_blank\">cial Pr\u00e9-Vestibular<\/a><\/td><\/tr><tr><td class=\"has-text-align-center\" data-align=\"center\">23\/04\/2021<\/td><td class=\"has-text-align-center\" data-align=\"center\"><a href=\"https:\/\/sites.uel.br\/sebec\/wp-content\/uploads\/2022\/04\/Edital-014_2021-Convocados-Cursinho-2021-SEBEC.pdf\" target=\"_blank\" rel=\"noreferrer noopener\">Resultado Final &#8211; Edital SEBEC n\u00b0 014\/2021<\/a><\/td><\/tr><tr><td class=\"has-text-align-center\" data-align=\"center\">13\/04\/2021 a 14\/04\/2021<\/td><td class=\"has-text-align-center\" data-align=\"center\">Recursos SEBEC<\/td><\/tr><tr><td class=\"has-text-align-center\" data-align=\"center\">12\/04\/2021<\/td><td class=\"has-text-align-center\" data-align=\"center\"><a href=\"https:\/\/sites.uel.br\/sebec\/wp-content\/uploads\/2022\/04\/Edital-012_2021-Resultado-provisorio-cursinho-2021-SEBEC.pdf\" target=\"_blank\" rel=\"noreferrer noopener\">Resultado Provis\u00f3rio &#8211; Edital SEBEC n\u00b0 012\/2021<\/a><\/td><\/tr><tr><td class=\"has-text-align-center\" data-align=\"center\">15\/03\/2021 a 19\/03\/2021<\/td><td class=\"has-text-align-center\" data-align=\"center\">Inscri\u00e7\u00f5es para An\u00e1lise Socioecon\u00f4mica pelo SEBEC<\/td><\/tr><tr><td class=\"has-text-align-center\" data-align=\"center\">12\/03\/2021<\/td><td class=\"has-text-align-center\" data-align=\"center\"><a href=\"https:\/\/sites.uel.br\/sebec\/wp-content\/uploads\/2022\/04\/Edital-006_2021.pdf\" target=\"_blank\" rel=\"noreferrer noopener\">Candidatos Aptos \u00e0 Convoca\u00e7\u00e3o Pelo NIS &#8211; Edital SEBEC n\u00b0 006\/2021<\/a><\/td><\/tr><tr><td class=\"has-text-align-center\" data-align=\"center\">08\/03\/2021 a 09\/03\/2021<\/td><td class=\"has-text-align-center\" data-align=\"center\">Recursos NIS<\/td><\/tr><tr><td class=\"has-text-align-center\" data-align=\"center\">05\/03\/2021<\/td><td class=\"has-text-align-center\" data-align=\"center\"><a href=\"https:\/\/sites.uel.br\/sebec\/wp-content\/uploads\/2022\/04\/Edital-004_2021-Resultado-provisorio-nis-cursinho-2021.pdf\" target=\"_blank\" rel=\"noreferrer noopener\">Resultado Provis\u00f3rio &#8211; Edital SEBEC n\u00b0 004\/2021<\/a><\/td><\/tr><tr><td class=\"has-text-align-center\" data-align=\"center\">22\/02\/2021 a 26\/02\/2021<\/td><td class=\"has-text-align-center\" data-align=\"center\">Inscri\u00e7\u00f5es pelo NIS<\/td><\/tr><tr><td class=\"has-text-align-center\" data-align=\"center\">19\/02\/2021<\/td><td class=\"has-text-align-center\" data-align=\"center\"><a href=\"https:\/\/sites.uel.br\/sebec\/wp-content\/uploads\/2022\/04\/Errata-Edital-001-2021-Curso-Pre-Vestibular.pdf\" target=\"_blank\" rel=\"noreferrer noopener\">Errata do Edital Conjunto SEBEC\/PROEX n\u00b0 001\/2021<\/a><\/td><\/tr><tr><td class=\"has-text-align-center\" data-align=\"center\">20\/01\/2021<\/td><td class=\"has-text-align-center\" data-align=\"center\"><a href=\"https:\/\/sites.uel.br\/sebec\/wp-content\/uploads\/2022\/04\/Edital-001-2021-Curso-Pre-Vestibular.pdf\" target=\"_blank\" rel=\"noreferrer noopener\">Edital Conjunto SEBEC\/PROEX n\u00b0 001\/2021<\/a><\/td><\/tr><\/tbody><\/table><\/figure>\n\n\n\n<p><\/p>\n","protected":false},"excerpt":{"rendered":"<p>26\/04\/2021 a 30\/04\/2021 Matr\u00edcula no Curso Especial Pr\u00e9-Vestibular 23\/04\/2021 Resultado Final &#8211; Edital SEBEC n\u00b0 014\/2021 13\/04\/2021 a 14\/04\/2021 Recursos SEBEC 12\/04\/2021 Resultado Provis\u00f3rio &#8211; Edital SEBEC n\u00b0 012\/2021 15\/03\/2021 a 19\/03\/2021 Inscri\u00e7\u00f5es para An\u00e1lise Socioecon\u00f4mica pelo SEBEC 12\/03\/2021 Candidatos Aptos \u00e0 Convoca\u00e7\u00e3o Pelo NIS &#8211; Edital SEBEC n\u00b0 006\/2021 08\/03\/2021 a 09\/03\/2021 Recursos NIS [&hellip;]<\/p>\n","protected":false},"author":1,"featured_media":0,"parent":0,"menu_order":0,"comment_status":"closed","ping_status":"closed","template":"","meta":{"_acf_changed":false,"footnotes":""},"class_list":["post-1227","page","type-page","status-publish","hentry"],"acf":[],"_links":{"self":[{"href":"https:\/\/sites.uel.br\/sebec\/wp-json\/wp\/v2\/pages\/1227","targetHints":{"allow":["GET"]}}],"collection":[{"href":"https:\/\/sites.uel.br\/sebec\/wp-json\/wp\/v2\/pages"}],"about":[{"href":"https:\/\/sites.uel.br\/sebec\/wp-json\/wp\/v2\/types\/page"}],"author":[{"embeddable":true,"href":"https:\/\/sites.uel.br\/sebec\/wp-json\/wp\/v2\/users\/1"}],"replies":[{"embeddable":true,"href":"https:\/\/sites.uel.br\/sebec\/wp-json\/wp\/v2\/comments?post=1227"}],"version-history":[{"count":1,"href":"https:\/\/sites.uel.br\/sebec\/wp-json\/wp\/v2\/pages\/1227\/revisions"}],"predecessor-version":[{"id":1234,"href":"https:\/\/sites.uel.br\/sebec\/wp-json\/wp\/v2\/pages\/1227\/revisions\/1234"}],"wp:attachment":[{"href":"https:\/\/sites.uel.br\/sebec\/wp-json\/wp\/v2\/media?parent=1227"}],"curies":[{"name":"wp","href":"https:\/\/api.w.org\/{rel}","templated":true}]}}