{"id":122,"date":"2022-02-04T15:59:17","date_gmt":"2022-02-04T18:59:17","guid":{"rendered":"https:\/\/sites.uel.br\/sebec\/?page_id=122"},"modified":"2022-04-01T13:42:52","modified_gmt":"2022-04-01T16:42:52","slug":"medicamento-por-acidente-de-trabalho","status":"publish","type":"page","link":"https:\/\/sites.uel.br\/sebec\/medicamento-por-acidente-de-trabalho\/","title":{"rendered":"Medicamento por Acidente de Trabalho"},"content":{"rendered":"\n<p><\/p>\n\n\n\n<p>Conforme regulamenta a&nbsp;<strong><a rel=\"noreferrer noopener\" href=\"http:\/\/www.uel.br\/sebec\/pages\/arquivos\/Resolucoes\/RESOLUCAO0159-2005.pdf\" target=\"_blank\">Resolu\u00e7\u00e3o CA n\u00ba 159\/2005<\/a><\/strong>, todo servidor que sofrer acidente de trabalho, nos termos da&nbsp;<strong><a rel=\"noreferrer noopener\" href=\"https:\/\/leisestaduais.com.br\/pr\/lei-ordinaria-n-10692-1993-parana-altera-os-dispositivos-que-especifica-da-lei-no-6174-de-16-de-novembro-de-1970\" target=\"_blank\">Lei Estadual 10.692 de 27\/12\/1993<\/a><\/strong>, poder\u00e1 solicitar junto ao SEBEC, medicamentos indispens\u00e1veis ao seu tratamento e recupera\u00e7\u00e3o.<\/p>\n\n\n\n<p>A solicita\u00e7\u00e3o dever\u00e1 ocorrer por meio de impresso pr\u00f3prio, devendo anexar c\u00f3pia da <a href=\"https:\/\/sites.uel.br\/sebec\/?page_id=434\" data-type=\"URL\" data-id=\"https:\/\/sites.uel.br\/sebec\/?page_id=434\" target=\"_blank\" rel=\"noreferrer noopener\">Comunica\u00e7\u00e3o de Acidente de Trabalho \u2013 CAT<\/a> e a receita m\u00e9dica. Para mais informa\u00e7\u00f5es, entre em contato com a secretaria da Divis\u00e3o de Apoio Administrativo do SEBEC pelo ramal 3371-4462.\u00a0<\/p>\n\n\n\n<ul class=\"wp-block-list\"><li><strong><strong>Formul\u00e1rio de Solicita\u00e7\u00e3o de medicamento por acidente de trabalho<\/strong> &#8211; <strong><a rel=\"noreferrer noopener\" href=\"https:\/\/sites.uel.br\/sebec\/wp-content\/uploads\/2022\/03\/Solicitacao-de-Medicamento-por-Acidente-de-Trabalho.pdf\" data-type=\"URL\" data-id=\"https:\/\/sites.uel.br\/sebec\/wp-content\/uploads\/2022\/03\/Solicitacao-de-Medicamento-por-Acidente-de-Trabalho.pdf\" target=\"_blank\">PDF<\/a> <\/strong>ou <strong><a rel=\"noreferrer noopener\" href=\"https:\/\/sites.uel.br\/sebec\/wp-content\/uploads\/2022\/03\/Solicitacao-de-Medicamento-por-Acidente-de-Trabalho.docx\" data-type=\"URL\" data-id=\"https:\/\/sites.uel.br\/sebec\/wp-content\/uploads\/2022\/03\/Solicitacao-de-Medicamento-por-Acidente-de-Trabalho.docx\" target=\"_blank\">Word<\/a><\/strong><\/strong><\/li><\/ul>\n","protected":false},"excerpt":{"rendered":"<p>Conforme regulamenta a&nbsp;Resolu\u00e7\u00e3o CA n\u00ba 159\/2005, todo servidor que sofrer acidente de trabalho, nos termos da&nbsp;Lei Estadual 10.692 de 27\/12\/1993, poder\u00e1 solicitar junto ao SEBEC, medicamentos indispens\u00e1veis ao seu tratamento e recupera\u00e7\u00e3o. A solicita\u00e7\u00e3o dever\u00e1 ocorrer por meio de impresso pr\u00f3prio, devendo anexar c\u00f3pia da Comunica\u00e7\u00e3o de Acidente de Trabalho \u2013 CAT e a receita [&hellip;]<\/p>\n","protected":false},"author":1,"featured_media":0,"parent":0,"menu_order":0,"comment_status":"closed","ping_status":"closed","template":"","meta":{"_acf_changed":false,"footnotes":""},"class_list":["post-122","page","type-page","status-publish","hentry"],"acf":[],"_links":{"self":[{"href":"https:\/\/sites.uel.br\/sebec\/wp-json\/wp\/v2\/pages\/122","targetHints":{"allow":["GET"]}}],"collection":[{"href":"https:\/\/sites.uel.br\/sebec\/wp-json\/wp\/v2\/pages"}],"about":[{"href":"https:\/\/sites.uel.br\/sebec\/wp-json\/wp\/v2\/types\/page"}],"author":[{"embeddable":true,"href":"https:\/\/sites.uel.br\/sebec\/wp-json\/wp\/v2\/users\/1"}],"replies":[{"embeddable":true,"href":"https:\/\/sites.uel.br\/sebec\/wp-json\/wp\/v2\/comments?post=122"}],"version-history":[{"count":3,"href":"https:\/\/sites.uel.br\/sebec\/wp-json\/wp\/v2\/pages\/122\/revisions"}],"predecessor-version":[{"id":1076,"href":"https:\/\/sites.uel.br\/sebec\/wp-json\/wp\/v2\/pages\/122\/revisions\/1076"}],"wp:attachment":[{"href":"https:\/\/sites.uel.br\/sebec\/wp-json\/wp\/v2\/media?parent=122"}],"curies":[{"name":"wp","href":"https:\/\/api.w.org\/{rel}","templated":true}]}}