{"id":114,"date":"2022-02-04T15:53:55","date_gmt":"2022-02-04T18:53:55","guid":{"rendered":"https:\/\/sites.uel.br\/sebec\/?page_id=114"},"modified":"2022-05-30T09:08:02","modified_gmt":"2022-05-30T12:08:02","slug":"apoio-administrativo","status":"publish","type":"page","link":"https:\/\/sites.uel.br\/sebec\/apoio-administrativo\/","title":{"rendered":""},"content":{"rendered":"<div class=\"wp-block-image\">\n<figure class=\"aligncenter size-large\"><img loading=\"lazy\" decoding=\"async\" width=\"1024\" height=\"278\" src=\"https:\/\/sites.uel.br\/sebec\/wp-content\/uploads\/2022\/03\/Banner-DAA-1024x278.png\" alt=\"\" class=\"wp-image-624\" srcset=\"https:\/\/sites.uel.br\/sebec\/wp-content\/uploads\/2022\/03\/Banner-DAA-1024x278.png 1024w, https:\/\/sites.uel.br\/sebec\/wp-content\/uploads\/2022\/03\/Banner-DAA-300x82.png 300w, https:\/\/sites.uel.br\/sebec\/wp-content\/uploads\/2022\/03\/Banner-DAA-768x209.png 768w, https:\/\/sites.uel.br\/sebec\/wp-content\/uploads\/2022\/03\/Banner-DAA-1536x418.png 1536w, https:\/\/sites.uel.br\/sebec\/wp-content\/uploads\/2022\/03\/Banner-DAA.png 1920w\" sizes=\"auto, (max-width: 1024px) 100vw, 1024px\" \/><\/figure>\n<\/div>\n\n\n<p><br><\/p>\n\n\n\n<div class=\"wp-block-buttons is-content-justification-center is-layout-flex wp-container-core-buttons-is-layout-16018d1d wp-block-buttons-is-layout-flex\">\n<div class=\"wp-block-button\"><a class=\"wp-block-button__link has-cinza-claro-color has-verde-escuro-background-color has-text-color has-background\" href=\"https:\/\/sites.uel.br\/sebec\/?page_id=354\">Sobre a Divis\u00e3o de Apoio Administrativo<\/a><\/div>\n\n\n\n<div class=\"wp-block-button\"><a class=\"wp-block-button__link has-cinza-claro-color has-verde-escuro-background-color has-text-color has-background\" href=\"https:\/\/sites.uel.br\/sebec\/?page_id=1094\">Equipe Respons\u00e1vel<\/a><\/div>\n\n\n\n<div class=\"wp-block-button\"><a class=\"wp-block-button__link has-cinza-claro-color has-verde-escuro-background-color has-text-color has-background\" href=\"https:\/\/sites.uel.br\/sebec\/?page_id=519\">Agendamentos<\/a><\/div>\n\n\n\n<div class=\"wp-block-button\"><a class=\"wp-block-button__link has-cinza-claro-color has-verde-escuro-background-color has-text-color has-background\" href=\"https:\/\/sites.uel.br\/sebec\/?page_id=39\">Cart\u00e3o de Transporte Escolar<\/a><\/div>\n\n\n\n<div class=\"wp-block-button\"><a class=\"wp-block-button__link has-cinza-claro-color has-verde-escuro-background-color has-text-color has-background\" href=\"https:\/\/sites.uel.br\/sebec\/?page_id=122\">Medicamento por Acidente de Trabalho<\/a><\/div>\n\n\n\n<div class=\"wp-block-button\"><a class=\"wp-block-button__link has-cinza-claro-color has-verde-escuro-background-color has-text-color has-background\" href=\"https:\/\/sites.uel.br\/sebec\/?page_id=504\">Sele\u00e7\u00f5es Socioecon\u00f4micas<\/a><\/div>\n\n\n\n<div class=\"wp-block-button\"><a class=\"wp-block-button__link has-cinza-claro-color has-verde-escuro-background-color has-text-color has-background\" href=\"https:\/\/sites.uel.br\/sebec\/?page_id=93\">Servi\u00e7os de Sa\u00fade Conveniados<\/a><\/div>\n<\/div>\n\n\n\n<p><\/p>\n\n\n\n<p><\/p>\n\n\n\n<p><\/p>\n\n\n\n<p><\/p>\n\n\n\n<p><\/p>\n","protected":false},"excerpt":{"rendered":"","protected":false},"author":1,"featured_media":0,"parent":0,"menu_order":0,"comment_status":"closed","ping_status":"closed","template":"","meta":{"_acf_changed":false,"footnotes":""},"class_list":["post-114","page","type-page","status-publish","hentry"],"acf":[],"_links":{"self":[{"href":"https:\/\/sites.uel.br\/sebec\/wp-json\/wp\/v2\/pages\/114","targetHints":{"allow":["GET"]}}],"collection":[{"href":"https:\/\/sites.uel.br\/sebec\/wp-json\/wp\/v2\/pages"}],"about":[{"href":"https:\/\/sites.uel.br\/sebec\/wp-json\/wp\/v2\/types\/page"}],"author":[{"embeddable":true,"href":"https:\/\/sites.uel.br\/sebec\/wp-json\/wp\/v2\/users\/1"}],"replies":[{"embeddable":true,"href":"https:\/\/sites.uel.br\/sebec\/wp-json\/wp\/v2\/comments?post=114"}],"version-history":[{"count":23,"href":"https:\/\/sites.uel.br\/sebec\/wp-json\/wp\/v2\/pages\/114\/revisions"}],"predecessor-version":[{"id":1611,"href":"https:\/\/sites.uel.br\/sebec\/wp-json\/wp\/v2\/pages\/114\/revisions\/1611"}],"wp:attachment":[{"href":"https:\/\/sites.uel.br\/sebec\/wp-json\/wp\/v2\/media?parent=114"}],"curies":[{"name":"wp","href":"https:\/\/api.w.org\/{rel}","templated":true}]}}