{"id":1122,"date":"2022-04-01T14:59:39","date_gmt":"2022-04-01T17:59:39","guid":{"rendered":"https:\/\/sites.uel.br\/sebec\/?page_id=1122"},"modified":"2026-03-12T10:53:59","modified_gmt":"2026-03-12T13:53:59","slug":"equipe-responsavel-sesmt","status":"publish","type":"page","link":"https:\/\/sites.uel.br\/sebec\/equipe-responsavel-sesmt\/","title":{"rendered":"Equipe Respons\u00e1vel SESMT"},"content":{"rendered":"\n<p><\/p>\n\n\n\n<p class=\"has-verde-escuro-color has-text-color\"><strong>Chefia de Divis\u00e3o<\/strong><\/p>\n\n\n\n<p>Daiana Katiucha de Oliveira Freitas &#8211; Engenheira de Seguran\u00e7a do Trabalho &#8211; ramal 4347<\/p>\n\n\n\n<p class=\"has-verde-escuro-color has-text-color\"><strong>Equipe Campus:<\/strong><\/p>\n\n\n\n<p>Alisson Shizuo Takachi &#8211; Engenheiro de Seguran\u00e7a do Trabalho &#8211; ramal 5633<\/p>\n\n\n\n<p>Aparecida de Lourdes Sousa \u2013 T\u00e9cnico Administrativo \u2013 ramal 4391<\/p>\n\n\n\n<p>Celso Batista dos Santos \u2013 Auxiliar Operacional \u2013 ramal 5612<\/p>\n\n\n\n<p>Guelma Vanusa Bozelli \u2013 Nutricionista<\/p>\n\n\n\n<p>Jos\u00e9 Carlos Francisco &#8211; Analista de Gest\u00e3o Universit\u00e1ria \u2013 ramal 5633<\/p>\n\n\n\n<p>Maria Regina Cunha Silva &#8211; T\u00e9cnico Administrativo &#8211; ramal 4391<\/p>\n\n\n\n<p>Mauricio Fernandes \u2013 T\u00e9cnico de Seguran\u00e7a do Trabalho \u2013 ramal 5633<\/p>\n\n\n\n<p>Rogerio Benedito Moreira \u2013 T\u00e9cnico de Seguran\u00e7a do Trabalho \u2013 ramal 4278<\/p>\n\n\n\n<p>Sinesio Moreira Junior \u2013 M\u00e9dico<\/p>\n\n\n\n<p><strong>E-mail \u2013&nbsp;sesmt@uel.br<\/strong><\/p>\n\n\n\n<p class=\"has-verde-escuro-color has-text-color\"><strong>Equipe Hospital Universit\u00e1rio \u2013 3\u00ba Andar Pr\u00e9dio Administrativo<\/strong><\/p>\n\n\n\n<p>Telefone: 3371-2774 ou 3337-6510<\/p>\n\n\n\n<p>Celio Aparecido Rorato \u2013 T\u00e9cnico de Seguran\u00e7a do Trabalho \u2013 ramal 4278<\/p>\n\n\n\n<p>Milena Diorio de Souza \u2013 T\u00e9cnico Administrativo <\/p>\n\n\n\n<p>Silvia Maria Ribeiro \u2013 Auxiliar Operacional<\/p>\n\n\n\n<p>Valeria Aparecida Galdin Landucci \u2013 Auxiliar Operacional<\/p>\n\n\n\n<p><strong>E-mail \u2013&nbsp;sesmthu@uel.br<\/strong><\/p>\n","protected":false},"excerpt":{"rendered":"<p>Chefia de Divis\u00e3o Daiana Katiucha de Oliveira Freitas &#8211; Engenheira de Seguran\u00e7a do Trabalho &#8211; ramal 4347 Equipe Campus: Alisson Shizuo Takachi &#8211; Engenheiro de Seguran\u00e7a do Trabalho &#8211; ramal 5633 Aparecida de Lourdes Sousa \u2013 T\u00e9cnico Administrativo \u2013 ramal 4391 Celso Batista dos Santos \u2013 Auxiliar Operacional \u2013 ramal 5612 Guelma Vanusa Bozelli \u2013 [&hellip;]<\/p>\n","protected":false},"author":1,"featured_media":0,"parent":0,"menu_order":0,"comment_status":"closed","ping_status":"closed","template":"","meta":{"_acf_changed":false,"footnotes":""},"class_list":["post-1122","page","type-page","status-publish","hentry"],"acf":[],"_links":{"self":[{"href":"https:\/\/sites.uel.br\/sebec\/wp-json\/wp\/v2\/pages\/1122","targetHints":{"allow":["GET"]}}],"collection":[{"href":"https:\/\/sites.uel.br\/sebec\/wp-json\/wp\/v2\/pages"}],"about":[{"href":"https:\/\/sites.uel.br\/sebec\/wp-json\/wp\/v2\/types\/page"}],"author":[{"embeddable":true,"href":"https:\/\/sites.uel.br\/sebec\/wp-json\/wp\/v2\/users\/1"}],"replies":[{"embeddable":true,"href":"https:\/\/sites.uel.br\/sebec\/wp-json\/wp\/v2\/comments?post=1122"}],"version-history":[{"count":15,"href":"https:\/\/sites.uel.br\/sebec\/wp-json\/wp\/v2\/pages\/1122\/revisions"}],"predecessor-version":[{"id":5021,"href":"https:\/\/sites.uel.br\/sebec\/wp-json\/wp\/v2\/pages\/1122\/revisions\/5021"}],"wp:attachment":[{"href":"https:\/\/sites.uel.br\/sebec\/wp-json\/wp\/v2\/media?parent=1122"}],"curies":[{"name":"wp","href":"https:\/\/api.w.org\/{rel}","templated":true}]}}