{"id":1108,"date":"2022-04-01T14:53:46","date_gmt":"2022-04-01T17:53:46","guid":{"rendered":"https:\/\/sites.uel.br\/sebec\/?page_id=1108"},"modified":"2025-10-29T15:14:29","modified_gmt":"2025-10-29T18:14:29","slug":"equipe-responsavel-3","status":"publish","type":"page","link":"https:\/\/sites.uel.br\/sebec\/equipe-responsavel-3\/","title":{"rendered":"Equipe Respons\u00e1vel"},"content":{"rendered":"\n<p><\/p>\n\n\n\n<p class=\"has-verde-escuro-color has-text-color\"><strong>Equipe Respons\u00e1vel da Divis\u00e3o de Restaurante Universit\u00e1rio:<\/strong><\/p>\n\n\n\n<p><\/p>\n\n\n\n<p>M\u00e1rcio Rog\u00e9rio Moraes&nbsp;Machado&nbsp;(Chefe da Divis\u00e3o)<\/p>\n\n\n\n<p>E-mail: ruel@uel.br \/ mmoraes@uel.br<\/p>\n\n\n\n<p>\u260f (43) 3371-4756 \/ 3371-4754<\/p>\n\n\n\n<p>Odair Jos\u00e9 de&nbsp;Sousa&nbsp;(Se\u00e7\u00e3o de Apoio Administrativo)<\/p>\n\n\n\n<p>E-mail:&nbsp;apoioadmru@uel.br<\/p>\n\n\n\n<p>\u260f (43) 3371-5114 \/ 3371-4756&nbsp;<\/p>\n\n\n\n<p>Marisa Mayumi K. dos Santos (Se\u00e7\u00e3o de Nutri\u00e7\u00e3o e Diet\u00e9tica)<\/p>\n\n\n\n<p>E-mail: ruel@uel.br<\/p>\n\n\n\n<p>\u260f (43) 3371-4758&nbsp;<\/p>\n\n\n\n<p>Fabr\u00edcio Correa Mattos (Se\u00e7\u00e3o de Abastecimento)<\/p>\n\n\n\n<p>E-mail: abastecimentoru@uel.br<\/p>\n\n\n\n<p>\u260f (43) 3771-4757&nbsp;<\/p>\n\n\n\n<p>Leandro Lopes de Avila (Administrador Predial)<\/p>\n\n\n\n<p>\u260f (43) 3371-5116<\/p>\n","protected":false},"excerpt":{"rendered":"<p>Equipe Respons\u00e1vel da Divis\u00e3o de Restaurante Universit\u00e1rio: M\u00e1rcio Rog\u00e9rio Moraes&nbsp;Machado&nbsp;(Chefe da Divis\u00e3o) E-mail: ruel@uel.br \/ mmoraes@uel.br \u260f (43) 3371-4756 \/ 3371-4754 Odair Jos\u00e9 de&nbsp;Sousa&nbsp;(Se\u00e7\u00e3o de Apoio Administrativo) E-mail:&nbsp;apoioadmru@uel.br \u260f (43) 3371-5114 \/ 3371-4756&nbsp; Marisa Mayumi K. dos Santos (Se\u00e7\u00e3o de Nutri\u00e7\u00e3o e Diet\u00e9tica) E-mail: ruel@uel.br \u260f (43) 3371-4758&nbsp; Fabr\u00edcio Correa Mattos (Se\u00e7\u00e3o de Abastecimento) E-mail: [&hellip;]<\/p>\n","protected":false},"author":1,"featured_media":0,"parent":0,"menu_order":0,"comment_status":"closed","ping_status":"closed","template":"","meta":{"_acf_changed":false,"footnotes":""},"class_list":["post-1108","page","type-page","status-publish","hentry"],"acf":[],"_links":{"self":[{"href":"https:\/\/sites.uel.br\/sebec\/wp-json\/wp\/v2\/pages\/1108","targetHints":{"allow":["GET"]}}],"collection":[{"href":"https:\/\/sites.uel.br\/sebec\/wp-json\/wp\/v2\/pages"}],"about":[{"href":"https:\/\/sites.uel.br\/sebec\/wp-json\/wp\/v2\/types\/page"}],"author":[{"embeddable":true,"href":"https:\/\/sites.uel.br\/sebec\/wp-json\/wp\/v2\/users\/1"}],"replies":[{"embeddable":true,"href":"https:\/\/sites.uel.br\/sebec\/wp-json\/wp\/v2\/comments?post=1108"}],"version-history":[{"count":7,"href":"https:\/\/sites.uel.br\/sebec\/wp-json\/wp\/v2\/pages\/1108\/revisions"}],"predecessor-version":[{"id":4793,"href":"https:\/\/sites.uel.br\/sebec\/wp-json\/wp\/v2\/pages\/1108\/revisions\/4793"}],"wp:attachment":[{"href":"https:\/\/sites.uel.br\/sebec\/wp-json\/wp\/v2\/media?parent=1108"}],"curies":[{"name":"wp","href":"https:\/\/api.w.org\/{rel}","templated":true}]}}