{"id":1101,"date":"2022-04-01T14:29:47","date_gmt":"2022-04-01T17:29:47","guid":{"rendered":"https:\/\/sites.uel.br\/sebec\/?page_id=1101"},"modified":"2023-01-12T13:25:41","modified_gmt":"2023-01-12T16:25:41","slug":"equipe-responsavel-2","status":"publish","type":"page","link":"https:\/\/sites.uel.br\/sebec\/equipe-responsavel-2\/","title":{"rendered":"Equipe Respons\u00e1vel"},"content":{"rendered":"\n<p><\/p>\n\n\n\n<p class=\"has-verde-escuro-color has-text-color\"><strong>Equipe Respons\u00e1vel da Divis\u00e3o de Moradia Estudantil:<\/strong><\/p>\n\n\n\n<p><\/p>\n\n\n\n<p>Jailson Aparecido Pinheiro (Chefe da Divis\u00e3o)<\/p>\n\n\n\n<p>Ana Maria Machado Cardoso<\/p>\n\n\n\n<p>Cecilia Jesus de Barros Fernandes<\/p>\n\n\n\n<p>Paulo Roberto Cera<\/p>\n\n\n\n<p>E-mail: moradia@uel.br <\/p>\n\n\n\n<p>Telefone \u2013 (43) 3371-5925<\/p>\n\n\n\n<p>Whatsapp \u2013 (43) 99146-0884&nbsp;(apenas mensagens por texto)<\/p>\n","protected":false},"excerpt":{"rendered":"<p>Equipe Respons\u00e1vel da Divis\u00e3o de Moradia Estudantil: Jailson Aparecido Pinheiro (Chefe da Divis\u00e3o) Ana Maria Machado Cardoso Cecilia Jesus de Barros Fernandes Paulo Roberto Cera E-mail: moradia@uel.br Telefone \u2013 (43) 3371-5925 Whatsapp \u2013 (43) 99146-0884&nbsp;(apenas mensagens por texto)<\/p>\n","protected":false},"author":1,"featured_media":0,"parent":0,"menu_order":0,"comment_status":"closed","ping_status":"closed","template":"","meta":{"_acf_changed":false,"footnotes":""},"class_list":["post-1101","page","type-page","status-publish","hentry"],"acf":[],"_links":{"self":[{"href":"https:\/\/sites.uel.br\/sebec\/wp-json\/wp\/v2\/pages\/1101","targetHints":{"allow":["GET"]}}],"collection":[{"href":"https:\/\/sites.uel.br\/sebec\/wp-json\/wp\/v2\/pages"}],"about":[{"href":"https:\/\/sites.uel.br\/sebec\/wp-json\/wp\/v2\/types\/page"}],"author":[{"embeddable":true,"href":"https:\/\/sites.uel.br\/sebec\/wp-json\/wp\/v2\/users\/1"}],"replies":[{"embeddable":true,"href":"https:\/\/sites.uel.br\/sebec\/wp-json\/wp\/v2\/comments?post=1101"}],"version-history":[{"count":6,"href":"https:\/\/sites.uel.br\/sebec\/wp-json\/wp\/v2\/pages\/1101\/revisions"}],"predecessor-version":[{"id":2607,"href":"https:\/\/sites.uel.br\/sebec\/wp-json\/wp\/v2\/pages\/1101\/revisions\/2607"}],"wp:attachment":[{"href":"https:\/\/sites.uel.br\/sebec\/wp-json\/wp\/v2\/media?parent=1101"}],"curies":[{"name":"wp","href":"https:\/\/api.w.org\/{rel}","templated":true}]}}