{"id":108,"date":"2022-02-04T15:51:08","date_gmt":"2022-02-04T18:51:08","guid":{"rendered":"https:\/\/sites.uel.br\/sebec\/?page_id=108"},"modified":"2023-06-12T16:41:48","modified_gmt":"2023-06-12T19:41:48","slug":"credenciamento-de-profissionais-e-clinicas-especializadas","status":"publish","type":"page","link":"https:\/\/sites.uel.br\/sebec\/credenciamento-de-profissionais-e-clinicas-especializadas\/","title":{"rendered":"Credenciamento de profissionais e cl\u00ednicas especializadas"},"content":{"rendered":"\n<p><\/p>\n\n\n\n<p>O Credenciamento dos profissionais, laborat\u00f3rios e cl\u00ednicas especializadas interessados dever\u00e1 ser realizado mediante assinatura de Proposta de Credenciamento, com a anexa\u00e7\u00e3o dos documentos solicitados pelo SEBEC nos termos da <a rel=\"noreferrer noopener\" href=\"https:\/\/sites.uel.br\/sebec\/wp-content\/uploads\/2022\/02\/Instrucao-Servico-002_sebec_-credenciamento.pdf\" data-type=\"URL\" data-id=\"https:\/\/sites.uel.br\/sebec\/wp-content\/uploads\/2022\/02\/Instrucao-Servico-002_sebec_-credenciamento.pdf\" target=\"_blank\"><strong>Instru\u00e7\u00e3o de Servi\u00e7o SEBEC n\u00ba 002\/2017<\/strong><\/a>.<\/p>\n\n\n\n<p><\/p>\n\n\n\n<p>Segue abaixo os formul\u00e1rios para a Proposta de Credenciamento a ser encaminhado ao SEBEC:<\/p>\n\n\n\n<ul class=\"wp-block-list\">\n<li><strong><a href=\"https:\/\/sites.uel.br\/sebec\/wp-content\/uploads\/2023\/06\/credenciamento-laboratorios_clinicas.pdf\" target=\"_blank\" rel=\"noreferrer noopener\">Formul\u00e1rio para Laborat\u00f3rios e Cl\u00ednicas<\/a><\/strong><\/li>\n\n\n\n<li><strong><a href=\"https:\/\/sites.uel.br\/sebec\/wp-content\/uploads\/2022\/02\/credenciamento-odontologico-2.pdf\" data-type=\"URL\" data-id=\"https:\/\/sites.uel.br\/sebec\/wp-content\/uploads\/2022\/02\/credenciamento-odontologico-2.pdf\" target=\"_blank\" rel=\"noreferrer noopener\">Formul\u00e1rio para Odontologia<\/a><\/strong><\/li>\n\n\n\n<li><strong><a href=\"https:\/\/sites.uel.br\/sebec\/wp-content\/uploads\/2022\/02\/Proposta-de-Credenciamento-Geral-2.pdf\" data-type=\"URL\" data-id=\"https:\/\/sites.uel.br\/sebec\/wp-content\/uploads\/2022\/02\/Proposta-de-Credenciamento-Geral-2.pdf\" target=\"_blank\" rel=\"noreferrer noopener\">Formul\u00e1rio para demais categorias<\/a><\/strong><\/li>\n<\/ul>\n","protected":false},"excerpt":{"rendered":"<p>O Credenciamento dos profissionais, laborat\u00f3rios e cl\u00ednicas especializadas interessados dever\u00e1 ser realizado mediante assinatura de Proposta de Credenciamento, com a anexa\u00e7\u00e3o dos documentos solicitados pelo SEBEC nos termos da Instru\u00e7\u00e3o de Servi\u00e7o SEBEC n\u00ba 002\/2017. Segue abaixo os formul\u00e1rios para a Proposta de Credenciamento a ser encaminhado ao SEBEC:<\/p>\n","protected":false},"author":1,"featured_media":0,"parent":0,"menu_order":0,"comment_status":"closed","ping_status":"closed","template":"","meta":{"_acf_changed":false,"footnotes":""},"class_list":["post-108","page","type-page","status-publish","hentry"],"acf":[],"_links":{"self":[{"href":"https:\/\/sites.uel.br\/sebec\/wp-json\/wp\/v2\/pages\/108","targetHints":{"allow":["GET"]}}],"collection":[{"href":"https:\/\/sites.uel.br\/sebec\/wp-json\/wp\/v2\/pages"}],"about":[{"href":"https:\/\/sites.uel.br\/sebec\/wp-json\/wp\/v2\/types\/page"}],"author":[{"embeddable":true,"href":"https:\/\/sites.uel.br\/sebec\/wp-json\/wp\/v2\/users\/1"}],"replies":[{"embeddable":true,"href":"https:\/\/sites.uel.br\/sebec\/wp-json\/wp\/v2\/comments?post=108"}],"version-history":[{"count":3,"href":"https:\/\/sites.uel.br\/sebec\/wp-json\/wp\/v2\/pages\/108\/revisions"}],"predecessor-version":[{"id":3068,"href":"https:\/\/sites.uel.br\/sebec\/wp-json\/wp\/v2\/pages\/108\/revisions\/3068"}],"wp:attachment":[{"href":"https:\/\/sites.uel.br\/sebec\/wp-json\/wp\/v2\/media?parent=108"}],"curies":[{"name":"wp","href":"https:\/\/api.w.org\/{rel}","templated":true}]}}