{"id":1058,"date":"2022-04-01T11:32:01","date_gmt":"2022-04-01T14:32:01","guid":{"rendered":"https:\/\/sites.uel.br\/sebec\/?page_id=1058"},"modified":"2022-04-06T11:06:20","modified_gmt":"2022-04-06T14:06:20","slug":"processo-de-selecao-para-vaga-de-estagio-para-estudantes-de-ensino-medio-do-colegio-de-aplicacao-2021","status":"publish","type":"page","link":"https:\/\/sites.uel.br\/sebec\/processo-de-selecao-para-vaga-de-estagio-para-estudantes-de-ensino-medio-do-colegio-de-aplicacao-2021\/","title":{"rendered":"Processo de Sele\u00e7\u00e3o para Vaga de Est\u00e1gio para Estudantes de Ensino M\u00e9dio do Col\u00e9gio de Aplica\u00e7\u00e3o 2021"},"content":{"rendered":"\n<p><\/p>\n\n\n\n<figure class=\"wp-block-table\"><table><tbody><tr><td class=\"has-text-align-center\" data-align=\"center\">30\/03\/2021<\/td><td class=\"has-text-align-center\" data-align=\"center\"><a href=\"https:\/\/sites.uel.br\/sebec\/wp-content\/uploads\/2022\/04\/Edital-009_2021-Final-Col-Apl-2021.pdf\" target=\"_blank\" rel=\"noreferrer noopener\">Resultado Final &#8211; Edital SEBEC n\u00b0 009\/2021<\/a><\/td><\/tr><tr><td class=\"has-text-align-center\" data-align=\"center\">15\/03\/2021 a 16\/03\/2021<\/td><td class=\"has-text-align-center\" data-align=\"center\">Recursos<\/td><\/tr><tr><td class=\"has-text-align-center\" data-align=\"center\">15\/03\/2021<\/td><td class=\"has-text-align-center\" data-align=\"center\"><a href=\"https:\/\/sites.uel.br\/sebec\/wp-content\/uploads\/2022\/04\/Edital-007_2021-Resultado-provisorio-das-inscricoes-homologadas-Coleg-Aplicacao-2021.pdf\" target=\"_blank\" rel=\"noreferrer noopener\">Resultado Provis\u00f3rio &#8211; Edital SEBEC n\u00b0 007\/2021<\/a><\/td><\/tr><tr><td class=\"has-text-align-center\" data-align=\"center\">01\/03\/2021 a 08\/02\/2021<\/td><td class=\"has-text-align-center\" data-align=\"center\">Inscri\u00e7\u00f5es SEBEC<\/td><\/tr><tr><td class=\"has-text-align-center\" data-align=\"center\">04\/02\/2021<\/td><td class=\"has-text-align-center\" data-align=\"center\"><a href=\"https:\/\/sites.uel.br\/sebec\/wp-content\/uploads\/2022\/04\/Edital-Conjunto-03-2021-SEBEC-CAPL.pdf\" target=\"_blank\" rel=\"noreferrer noopener\">Edital Conjunto SEBEC\/COL\u00c9GIO APLICA\u00c7\u00c3O n\u00b0 03\/2021<\/a><\/td><\/tr><\/tbody><\/table><\/figure>\n","protected":false},"excerpt":{"rendered":"<p>30\/03\/2021 Resultado Final &#8211; Edital SEBEC n\u00b0 009\/2021 15\/03\/2021 a 16\/03\/2021 Recursos 15\/03\/2021 Resultado Provis\u00f3rio &#8211; Edital SEBEC n\u00b0 007\/2021 01\/03\/2021 a 08\/02\/2021 Inscri\u00e7\u00f5es SEBEC 04\/02\/2021 Edital Conjunto SEBEC\/COL\u00c9GIO APLICA\u00c7\u00c3O n\u00b0 03\/2021<\/p>\n","protected":false},"author":1,"featured_media":0,"parent":0,"menu_order":0,"comment_status":"closed","ping_status":"closed","template":"","meta":{"_acf_changed":false,"footnotes":""},"class_list":["post-1058","page","type-page","status-publish","hentry"],"acf":[],"_links":{"self":[{"href":"https:\/\/sites.uel.br\/sebec\/wp-json\/wp\/v2\/pages\/1058","targetHints":{"allow":["GET"]}}],"collection":[{"href":"https:\/\/sites.uel.br\/sebec\/wp-json\/wp\/v2\/pages"}],"about":[{"href":"https:\/\/sites.uel.br\/sebec\/wp-json\/wp\/v2\/types\/page"}],"author":[{"embeddable":true,"href":"https:\/\/sites.uel.br\/sebec\/wp-json\/wp\/v2\/users\/1"}],"replies":[{"embeddable":true,"href":"https:\/\/sites.uel.br\/sebec\/wp-json\/wp\/v2\/comments?post=1058"}],"version-history":[{"count":4,"href":"https:\/\/sites.uel.br\/sebec\/wp-json\/wp\/v2\/pages\/1058\/revisions"}],"predecessor-version":[{"id":1249,"href":"https:\/\/sites.uel.br\/sebec\/wp-json\/wp\/v2\/pages\/1058\/revisions\/1249"}],"wp:attachment":[{"href":"https:\/\/sites.uel.br\/sebec\/wp-json\/wp\/v2\/media?parent=1058"}],"curies":[{"name":"wp","href":"https:\/\/api.w.org\/{rel}","templated":true}]}}