{"id":1057,"date":"2022-04-01T11:32:13","date_gmt":"2022-04-01T14:32:13","guid":{"rendered":"https:\/\/sites.uel.br\/sebec\/?page_id=1057"},"modified":"2022-04-01T11:32:13","modified_gmt":"2022-04-01T14:32:13","slug":"selecao-para-vaga-de-estagio-para-estudantes-de-ensino-medio-do-colegio-de-aplicacao","status":"publish","type":"page","link":"https:\/\/sites.uel.br\/sebec\/selecao-para-vaga-de-estagio-para-estudantes-de-ensino-medio-do-colegio-de-aplicacao\/","title":{"rendered":"Sele\u00e7\u00e3o para Vaga de Est\u00e1gio para Estudantes de Ensino M\u00e9dio do Col\u00e9gio de Aplica\u00e7\u00e3o"},"content":{"rendered":"\n<p><\/p>\n\n\n\n<p>Processo de sele\u00e7\u00e3o destinado aos estudantes regularmente matriculados no ensino m\u00e9dio do Col\u00e9gio de Aplica\u00e7\u00e3o Pedag\u00f3gica da UEL Professor Jos\u00e9 Aloiso Arag\u00e3o para o preenchimentos de vagas de est\u00e1gio que atendam as atividades de forma\u00e7\u00e3o pautada no \u00e2mbito do mundo de trabalho.<\/p>\n\n\n\n<p><\/p>\n\n\n\n<ul class=\"wp-block-list\"><li><a href=\"https:\/\/sites.uel.br\/sebec\/?page_id=1058\" data-type=\"URL\" data-id=\"https:\/\/sites.uel.br\/sebec\/?page_id=1058\">Processo de Sele\u00e7\u00e3o para Vaga de Est\u00e1gio para Estudantes de Ensino M\u00e9dio do Col\u00e9gio de Aplica\u00e7\u00e3o 2021<\/a><\/li><\/ul>\n","protected":false},"excerpt":{"rendered":"<p>Processo de sele\u00e7\u00e3o destinado aos estudantes regularmente matriculados no ensino m\u00e9dio do Col\u00e9gio de Aplica\u00e7\u00e3o Pedag\u00f3gica da UEL Professor Jos\u00e9 Aloiso Arag\u00e3o para o preenchimentos de vagas de est\u00e1gio que atendam as atividades de forma\u00e7\u00e3o pautada no \u00e2mbito do mundo de trabalho. Processo de Sele\u00e7\u00e3o para Vaga de Est\u00e1gio para Estudantes de Ensino M\u00e9dio do [&hellip;]<\/p>\n","protected":false},"author":1,"featured_media":0,"parent":0,"menu_order":0,"comment_status":"closed","ping_status":"closed","template":"","meta":{"_acf_changed":false,"footnotes":""},"class_list":["post-1057","page","type-page","status-publish","hentry"],"acf":[],"_links":{"self":[{"href":"https:\/\/sites.uel.br\/sebec\/wp-json\/wp\/v2\/pages\/1057","targetHints":{"allow":["GET"]}}],"collection":[{"href":"https:\/\/sites.uel.br\/sebec\/wp-json\/wp\/v2\/pages"}],"about":[{"href":"https:\/\/sites.uel.br\/sebec\/wp-json\/wp\/v2\/types\/page"}],"author":[{"embeddable":true,"href":"https:\/\/sites.uel.br\/sebec\/wp-json\/wp\/v2\/users\/1"}],"replies":[{"embeddable":true,"href":"https:\/\/sites.uel.br\/sebec\/wp-json\/wp\/v2\/comments?post=1057"}],"version-history":[{"count":1,"href":"https:\/\/sites.uel.br\/sebec\/wp-json\/wp\/v2\/pages\/1057\/revisions"}],"predecessor-version":[{"id":1060,"href":"https:\/\/sites.uel.br\/sebec\/wp-json\/wp\/v2\/pages\/1057\/revisions\/1060"}],"wp:attachment":[{"href":"https:\/\/sites.uel.br\/sebec\/wp-json\/wp\/v2\/media?parent=1057"}],"curies":[{"name":"wp","href":"https:\/\/api.w.org\/{rel}","templated":true}]}}