{"id":1045,"date":"2022-04-01T11:08:22","date_gmt":"2022-04-01T14:08:22","guid":{"rendered":"https:\/\/sites.uel.br\/sebec\/?page_id=1045"},"modified":"2022-06-08T10:28:42","modified_gmt":"2022-06-08T13:28:42","slug":"selecao-bolsa-santander-universidades","status":"publish","type":"page","link":"https:\/\/sites.uel.br\/sebec\/selecao-bolsa-santander-universidades\/","title":{"rendered":"Sele\u00e7\u00e3o Bolsa Santander Universidades"},"content":{"rendered":"\n<p><\/p>\n\n\n\n<p>Sele\u00e7\u00e3o de M\u00e9rito Acad\u00eamico e Socioecon\u00f4mico do Programa de Bolsas Santander Universidades destinada a estudantes regularmente matriculados de gradua\u00e7\u00e3o da UEL. A bolsa tem car\u00e1ter de inclus\u00e3o social e m\u00e9rito acad\u00eamico, com convenio entre a Universidade Estadual de Londrina e o Banco Santander.<\/p>\n\n\n\n<p><\/p>\n\n\n\n<ul class=\"wp-block-list\"><li><a href=\"https:\/\/sites.uel.br\/sebec\/?page_id=1282\" data-type=\"URL\" data-id=\"https:\/\/sites.uel.br\/sebec\/?page_id=1282\">Processo de Sele\u00e7\u00e3o Bolsa Santander Universidades 2022<\/a><\/li><li><a href=\"https:\/\/sites.uel.br\/sebec\/?page_id=1048\" data-type=\"URL\" data-id=\"https:\/\/sites.uel.br\/sebec\/?page_id=1048\">Processo de Sele\u00e7\u00e3o Bolsa Santander Universidades 2021<\/a><\/li><\/ul>\n","protected":false},"excerpt":{"rendered":"<p>Sele\u00e7\u00e3o de M\u00e9rito Acad\u00eamico e Socioecon\u00f4mico do Programa de Bolsas Santander Universidades destinada a estudantes regularmente matriculados de gradua\u00e7\u00e3o da UEL. A bolsa tem car\u00e1ter de inclus\u00e3o social e m\u00e9rito acad\u00eamico, com convenio entre a Universidade Estadual de Londrina e o Banco Santander. Processo de Sele\u00e7\u00e3o Bolsa Santander Universidades 2022 Processo de Sele\u00e7\u00e3o Bolsa Santander [&hellip;]<\/p>\n","protected":false},"author":1,"featured_media":0,"parent":0,"menu_order":0,"comment_status":"closed","ping_status":"closed","template":"","meta":{"_acf_changed":false,"footnotes":""},"class_list":["post-1045","page","type-page","status-publish","hentry"],"acf":[],"_links":{"self":[{"href":"https:\/\/sites.uel.br\/sebec\/wp-json\/wp\/v2\/pages\/1045","targetHints":{"allow":["GET"]}}],"collection":[{"href":"https:\/\/sites.uel.br\/sebec\/wp-json\/wp\/v2\/pages"}],"about":[{"href":"https:\/\/sites.uel.br\/sebec\/wp-json\/wp\/v2\/types\/page"}],"author":[{"embeddable":true,"href":"https:\/\/sites.uel.br\/sebec\/wp-json\/wp\/v2\/users\/1"}],"replies":[{"embeddable":true,"href":"https:\/\/sites.uel.br\/sebec\/wp-json\/wp\/v2\/comments?post=1045"}],"version-history":[{"count":7,"href":"https:\/\/sites.uel.br\/sebec\/wp-json\/wp\/v2\/pages\/1045\/revisions"}],"predecessor-version":[{"id":1755,"href":"https:\/\/sites.uel.br\/sebec\/wp-json\/wp\/v2\/pages\/1045\/revisions\/1755"}],"wp:attachment":[{"href":"https:\/\/sites.uel.br\/sebec\/wp-json\/wp\/v2\/media?parent=1045"}],"curies":[{"name":"wp","href":"https:\/\/api.w.org\/{rel}","templated":true}]}}